{"id":778652,"date":"2025-11-20T00:25:00","date_gmt":"2025-11-19T21:25:00","guid":{"rendered":"https:\/\/roveyayinevi.com.tr\/index.php\/urun\/donusum-zamani\/"},"modified":"2026-04-15T03:43:48","modified_gmt":"2026-04-15T00:43:48","slug":"donusum-zamani","status":"publish","type":"product","link":"https:\/\/roveyayinevi.com.tr\/index.php\/urun\/donusum-zamani\/","title":{"rendered":"D\u00f6n\u00fc\u015f\u00fcm Zaman\u0131"},"content":{"rendered":"<p>2026\u2019YA HAZIR MISINIZ? KOZM\u0130K GEZG\u0130N GAHL B. SASSON\u2019UN KALEM\u0130NDEN \u00c7IKAN BU VAZGE\u00c7\u0130LMEZ ASTROLOJ\u0130K REHBERLE \u00d6N\u00dcM\u00dcZDEK\u0130 12 AYI \u015e\u0130MD\u0130DEN PLANLAYIN! 2026 y\u0131l\u0131, yaln\u0131zca takvim yapraklar\u0131n\u0131n \u00e7evrilmesinden ibaret bir tarih de\u011fil. Bu y\u0131l, siyaset sahnesinden teknolojinin evrimine, insan ili\u015fkilerinden g\u00fcnl\u00fck ya\u015fam bi\u00e7imimize kadar her alan\u0131 derinden etkileyecek ender rastlanan bir gezegen hizalanmas\u0131na i\u015faret ediyor. Mesele de\u011fi\u015fimin gelip gelmeyece\u011fi de\u011fil; as\u0131l soru, bu dalgay\u0131 yakalay\u0131p y\u00f6nlendirebilecek misiniz, yoksa onun ak\u0131nt\u0131s\u0131na kap\u0131l\u0131p s\u00fcr\u00fcklenmeyi mi se\u00e7eceksiniz?Ate\u015f At\u0131\u2019n\u0131n \u00e7ekti\u011fi bir kuyruklu y\u0131ld\u0131z gibi gelen 2026, Sat\u00fcrn ile Nept\u00fcn\u2019\u00fc Ko\u00e7 burcunun ilk derecesinde bulu\u015fturuyor. \u00dcstelik bu kavu\u015fum, 4.000 y\u0131ldan uzun bir s\u00fcredir ilk kez ya\u015fan\u0131yor; cesur eylemleri, vizyoner d\u00fc\u015fleri ve derin bir yenilenmeyi \u00e7a\u011f\u0131r\u0131yor. Pl\u00fcton, devrimci Kova burcunda insanl\u0131\u011f\u0131n ve yapay zek\u00e2n\u0131n k\u00f6kl\u00fc d\u00f6n\u00fc\u015f\u00fcm\u00fcn\u00fc s\u00fcrd\u00fcr\u00fcrken Uran\u00fcs de \u0130kizler\u2019e ge\u00e7iyor ve ileti\u015fim bi\u00e7imlerimizde, ba\u011flant\u0131lar\u0131m\u0131zda radikal de\u011fi\u015fimlerin fitilini ate\u015fliyor. Bu hareket, \u0130kinci D\u00fcnya Sava\u015f\u0131 ve Amerikan \u0130\u00e7 Sava\u015f\u0131 gibi tarihsel sars\u0131nt\u0131lar\u0131 an\u0131msatan bir titre\u015fim ta\u015f\u0131yor. \u015eiron (Yaral\u0131 \u015eifac\u0131) ise, B\u00fcy\u00fck Buhran ve Kara Veba d\u00f6nemlerinde oldu\u011fu gibi Bo\u011fa burcuna giriyor. Bu ge\u00e7i\u015f, de\u011ferlerimizi, finansal d\u00fczenimizi ve D\u00fcnya ile ili\u015fkilerimizi yeniden sorgulamaya, onlar\u0131 iyile\u015ftirmeye \u00e7a\u011f\u0131r\u0131yor.T\u00fcm bunlar, efsanevi Ate\u015f At\u0131 Y\u0131l\u0131\u2019n\u0131n g\u00f6lgesinde ger\u00e7ekle\u015fiyor&#8230; korkusuz bir yeniden do\u011fu\u015fun ve k\u00fclt\u00fcrel d\u00f6n\u00fc\u015f\u00fcm\u00fcn nadir d\u00f6ng\u00fcs\u00fc. Yine de \u00e7alkant\u0131n\u0131n ortas\u0131nda bir umut \u0131\u015f\u0131\u011f\u0131 parl\u0131yor: Y\u00fccelimdeki J\u00fcpiter, y\u0131l\u0131n ilk yar\u0131s\u0131nda Yenge\u00e7 burcunda \u015fefkat sa\u00e7\u0131yor; ard\u0131ndan Aslan\u2019\u0131 yarat\u0131c\u0131l\u0131kla ve alt\u0131n f\u0131rsatlarla ta\u00e7land\u0131r\u0131yor.Elinizde tuttu\u011funuz kitab\u0131 D\u00f6n\u00fc\u015f\u00fcm Zaman\u0131 \u2013 2026\u2019n\u0131n Astrolojisi\u2019nde Gahl Eden Sasson astrolojiyi, Kabala\u2019y\u0131, numerolojiyi, tarihi, g\u00fcncel olaylar\u0131 ve mitolojiyi ustal\u0131kla \u00f6rerek bize nokta at\u0131\u015f\u0131 \u00f6ng\u00f6r\u00fcler, Ay ve G\u00fcne\u015f tutulmalar\u0131na y\u00f6nelik yorumlar ve bur\u00e7lara \u00f6zel ay ay rehberlik sunuyor. Bu rehber, 2026\u2019n\u0131n enerjisini kullanabilmeniz, de\u011fi\u015fimi kucaklaman\u0131z, en y\u00fcksek potansiyelinizi a\u00e7\u0131\u011fa \u00e7\u0131karman\u0131z ve kendi gelece\u011finizi yaratman\u0131z i\u00e7in yaz\u0131ld\u0131.K\u0130\u015e\u0130SEL METAMORFOZUNUZ \u015e\u0130MD\u0130 BA\u015eLIYOR!<\/p>\n","protected":false},"excerpt":{"rendered":"<p>2026\u2019YA HAZIR MISINIZ? KOZM\u0130K GEZG\u0130N GAHL B. SASSON\u2019UN KALEM\u0130NDEN \u00c7IKAN BU VAZGE\u00c7\u0130LMEZ ASTROLOJ\u0130K REHBERLE \u00d6N\u00dcM\u00dcZDEK\u0130 12 AYI \u015e\u0130MD\u0130DEN PLANLAYIN! 2026 y\u0131l\u0131, yaln\u0131zca takvim yapraklar\u0131n\u0131n \u00e7evrilmesinden ibaret<span class=\"excerpt-hellip\"> [\u2026]<\/span><\/p>\n","protected":false},"featured_media":0,"template":"","meta":{"_monsterinsights_skip_tracking":false,"_monsterinsights_sitenote_active":false,"_monsterinsights_sitenote_note":"","_monsterinsights_sitenote_category":0},"product_brand":[],"product_cat":[18082,15563],"product_tag":[],"class_list":{"0":"post-778652","1":"product","2":"type-product","3":"status-publish","5":"product_cat-astroloji-fal-ruya","6":"product_cat-hobi","7":"pa_cilt-ciltsiz","8":"pa_tur-kitap","9":"pa_yayinevi-butik-yayinlari","10":"pa_yazar-gahl-sasson","12":"first","13":"instock","14":"sale","15":"shipping-taxable","16":"purchasable","17":"product-type-simple"},"_links":{"self":[{"href":"https:\/\/roveyayinevi.com.tr\/index.php\/wp-json\/wp\/v2\/product\/778652","targetHints":{"allow":["GET"]}}],"collection":[{"href":"https:\/\/roveyayinevi.com.tr\/index.php\/wp-json\/wp\/v2\/product"}],"about":[{"href":"https:\/\/roveyayinevi.com.tr\/index.php\/wp-json\/wp\/v2\/types\/product"}],"wp:attachment":[{"href":"https:\/\/roveyayinevi.com.tr\/index.php\/wp-json\/wp\/v2\/media?parent=778652"}],"wp:term":[{"taxonomy":"product_brand","embeddable":true,"href":"https:\/\/roveyayinevi.com.tr\/index.php\/wp-json\/wp\/v2\/product_brand?post=778652"},{"taxonomy":"product_cat","embeddable":true,"href":"https:\/\/roveyayinevi.com.tr\/index.php\/wp-json\/wp\/v2\/product_cat?post=778652"},{"taxonomy":"product_tag","embeddable":true,"href":"https:\/\/roveyayinevi.com.tr\/index.php\/wp-json\/wp\/v2\/product_tag?post=778652"}],"curies":[{"name":"wp","href":"https:\/\/api.w.org\/{rel}","templated":true}]}}