{"id":778650,"date":"2025-11-20T00:24:55","date_gmt":"2025-11-19T21:24:55","guid":{"rendered":"https:\/\/roveyayinevi.com.tr\/index.php\/urun\/2026-miknatisli-buzdolabi-takvimi\/"},"modified":"2025-12-30T11:51:55","modified_gmt":"2025-12-30T08:51:55","slug":"2026-miknatisli-buzdolabi-takvimi","status":"publish","type":"product","link":"https:\/\/roveyayinevi.com.tr\/index.php\/urun\/2026-miknatisli-buzdolabi-takvimi\/","title":{"rendered":"2026 M\u0131knat\u0131sl\u0131 Buzdolab\u0131 Takvimi"},"content":{"rendered":"<p>2026 M\u0131knat\u0131sl\u0131 Buzdolab\u0131 Takvimi, yaprakl\u0131 bir takvimdir. Her yapra\u011f\u0131n \u00f6n y\u00fcz\u00fcnde b\u00fcy\u00fck bir rakamla g\u00fcn, ay ve hafta bilgisi yer al\u0131r. Arka sayfada ise bilgi yar\u0131\u015fmas\u0131 tarz\u0131nda bir soru-cevap ve her g\u00fcn i\u00e7in bir kelime, bilmece, \u00f6zl\u00fc s\u00f6z, deyim veya atas\u00f6z\u00fc a\u00e7\u0131klamas\u0131 ile bulunmaktad\u0131r. Estetik ve i\u015flevsel olmas\u0131 a\u00e7\u0131s\u0131ndan 5,5 x 8 cm ebatlar\u0131nda m\u0131knat\u0131sl\u0131 olarak tasarlanm\u0131\u015ft\u0131r. G\u00fc\u00e7l\u00fc m\u0131knat\u0131s\u0131 sayesinde buzdolab\u0131 kapa\u011f\u0131nda y\u0131l boyunca kullan\u0131labilir. Her g\u00fcn yeni bilgilerle buzdolab\u0131n\u0131zda bilginin tad\u0131n\u0131 \u00e7\u0131kar\u0131n.<\/p>\n","protected":false},"excerpt":{"rendered":"<p>2026 M\u0131knat\u0131sl\u0131 Buzdolab\u0131 Takvimi, yaprakl\u0131 bir takvimdir. Her yapra\u011f\u0131n \u00f6n y\u00fcz\u00fcnde b\u00fcy\u00fck bir rakamla g\u00fcn, ay ve hafta bilgisi yer al\u0131r. Arka sayfada ise bilgi yar\u0131\u015fmas\u0131<span class=\"excerpt-hellip\"> [\u2026]<\/span><\/p>\n","protected":false},"featured_media":0,"template":"","meta":{"_monsterinsights_skip_tracking":false,"_monsterinsights_sitenote_active":false,"_monsterinsights_sitenote_note":"","_monsterinsights_sitenote_category":0},"product_brand":[],"product_cat":[15563,24020],"product_tag":[],"class_list":{"0":"post-778650","1":"product","2":"type-product","3":"status-publish","5":"product_cat-hobi","6":"product_cat-kultur","7":"pa_cilt-ciltsiz","8":"pa_tur-kitap","9":"pa_yayinevi-delta-kultur-yayinevi","10":"pa_yazar-delta-kultur-yayinevi-kolektif","12":"first","13":"instock","14":"sale","15":"shipping-taxable","16":"purchasable","17":"product-type-simple"},"_links":{"self":[{"href":"https:\/\/roveyayinevi.com.tr\/index.php\/wp-json\/wp\/v2\/product\/778650","targetHints":{"allow":["GET"]}}],"collection":[{"href":"https:\/\/roveyayinevi.com.tr\/index.php\/wp-json\/wp\/v2\/product"}],"about":[{"href":"https:\/\/roveyayinevi.com.tr\/index.php\/wp-json\/wp\/v2\/types\/product"}],"wp:attachment":[{"href":"https:\/\/roveyayinevi.com.tr\/index.php\/wp-json\/wp\/v2\/media?parent=778650"}],"wp:term":[{"taxonomy":"product_brand","embeddable":true,"href":"https:\/\/roveyayinevi.com.tr\/index.php\/wp-json\/wp\/v2\/product_brand?post=778650"},{"taxonomy":"product_cat","embeddable":true,"href":"https:\/\/roveyayinevi.com.tr\/index.php\/wp-json\/wp\/v2\/product_cat?post=778650"},{"taxonomy":"product_tag","embeddable":true,"href":"https:\/\/roveyayinevi.com.tr\/index.php\/wp-json\/wp\/v2\/product_tag?post=778650"}],"curies":[{"name":"wp","href":"https:\/\/api.w.org\/{rel}","templated":true}]}}