{"id":778648,"date":"2025-11-20T00:24:51","date_gmt":"2025-11-19T21:24:51","guid":{"rendered":"https:\/\/roveyayinevi.com.tr\/index.php\/urun\/modernlik-nostaljisi\/"},"modified":"2026-04-15T03:43:48","modified_gmt":"2026-04-15T00:43:48","slug":"modernlik-nostaljisi","status":"publish","type":"product","link":"https:\/\/roveyayinevi.com.tr\/index.php\/urun\/modernlik-nostaljisi\/","title":{"rendered":"Modernlik Nostaljisi"},"content":{"rendered":"<p>Elinizdeki eser, modernli\u011fin vaatleriyle ge\u00e7mi\u015fe duyulan \u00f6zlem aras\u0131nda s\u0131k\u0131\u015fan T\u00fcrkiye&#8217;nin hik\u00e2yesini anlatmaktad\u0131r. Kemalizm ve laiklik gibi Cumhuriyetin kurucu ideolojilerinin yaln\u0131zca devlet kurumlar\u0131nda ya da resm\u00ee t\u00f6renlerde de\u011fil; aile alb\u00fcmlerinden t\u00fcketim tercihlerine, sivil bayram kutlamalar\u0131ndan Atat\u00fcrk imgelerinin pazarda metala\u015fmas\u0131na uzanan g\u00fcndelik ya\u015fam pratiklerinde nas\u0131l yeniden \u00fcretildi\u011fini incelemektedir. \u0130lk bask\u0131s\u0131ndan itibaren okurlardan b\u00fcy\u00fck ilgi g\u00f6ren Modernlik Nostaljisi, yo\u011fun talep \u00fczerine haz\u0131rlanan yeni bask\u0131s\u0131yla modernlik ve nostaljiyi i\u00e7 i\u00e7e ge\u00e7mi\u015f, kimi zaman da \u00e7at\u0131\u015fmal\u0131 halleriyle tart\u0131\u015fmaya a\u00e7maktad\u0131r. <\/p>\n","protected":false},"excerpt":{"rendered":"<p>Elinizdeki eser, modernli\u011fin vaatleriyle ge\u00e7mi\u015fe duyulan \u00f6zlem aras\u0131nda s\u0131k\u0131\u015fan T\u00fcrkiye&#8217;nin hik\u00e2yesini anlatmaktad\u0131r. Kemalizm ve laiklik gibi Cumhuriyetin kurucu ideolojilerinin yaln\u0131zca devlet kurumlar\u0131nda ya da resm\u00ee t\u00f6renlerde<span class=\"excerpt-hellip\"> [\u2026]<\/span><\/p>\n","protected":false},"featured_media":0,"template":"","meta":{"_monsterinsights_skip_tracking":false,"_monsterinsights_sitenote_active":false,"_monsterinsights_sitenote_note":"","_monsterinsights_sitenote_category":0},"product_brand":[],"product_cat":[12337],"product_tag":[],"class_list":{"0":"post-778648","1":"product","2":"type-product","3":"status-publish","5":"product_cat-politika-siyaset","6":"pa_cilt-ciltsiz","7":"pa_tur-kitap","8":"pa_yayinevi-bogazici-universitesi-yayinevi","9":"pa_yazar-esra-ozyurek","11":"first","12":"instock","13":"sale","14":"shipping-taxable","15":"purchasable","16":"product-type-simple"},"_links":{"self":[{"href":"https:\/\/roveyayinevi.com.tr\/index.php\/wp-json\/wp\/v2\/product\/778648","targetHints":{"allow":["GET"]}}],"collection":[{"href":"https:\/\/roveyayinevi.com.tr\/index.php\/wp-json\/wp\/v2\/product"}],"about":[{"href":"https:\/\/roveyayinevi.com.tr\/index.php\/wp-json\/wp\/v2\/types\/product"}],"wp:attachment":[{"href":"https:\/\/roveyayinevi.com.tr\/index.php\/wp-json\/wp\/v2\/media?parent=778648"}],"wp:term":[{"taxonomy":"product_brand","embeddable":true,"href":"https:\/\/roveyayinevi.com.tr\/index.php\/wp-json\/wp\/v2\/product_brand?post=778648"},{"taxonomy":"product_cat","embeddable":true,"href":"https:\/\/roveyayinevi.com.tr\/index.php\/wp-json\/wp\/v2\/product_cat?post=778648"},{"taxonomy":"product_tag","embeddable":true,"href":"https:\/\/roveyayinevi.com.tr\/index.php\/wp-json\/wp\/v2\/product_tag?post=778648"}],"curies":[{"name":"wp","href":"https:\/\/api.w.org\/{rel}","templated":true}]}}