{"id":778641,"date":"2025-11-20T00:24:37","date_gmt":"2025-11-19T21:24:37","guid":{"rendered":"https:\/\/roveyayinevi.com.tr\/index.php\/urun\/metis-ajanda-2026-anliyorsun-degil-mi\/"},"modified":"2026-04-15T03:43:48","modified_gmt":"2026-04-15T00:43:48","slug":"metis-ajanda-2026-anliyorsun-degil-mi","status":"publish","type":"product","link":"https:\/\/roveyayinevi.com.tr\/index.php\/urun\/metis-ajanda-2026-anliyorsun-degil-mi\/","title":{"rendered":"Metis Ajanda 2026: Anl\u0131yorsun De\u011fil mi?"},"content":{"rendered":"<p>Elektronik ileti\u015fim ara\u00e7lar\u0131n\u0131n son derece geli\u015fti\u011fi bir d\u00f6nemde ya\u015f\u0131yoruz. E-postalar, mesajlar ve \u00e7e\u015fit \u00e7e\u015fit sosyal medya mecras\u0131 sayesinde yak\u0131nlar\u0131m\u0131zla, hatta bizzat tan\u0131\u015fmad\u0131\u011f\u0131m\u0131z bir\u00e7ok insanla \u00e2n\u0131nda haberle\u015fip sohbet edebiliyoruz. Elimizde ak\u0131ll\u0131 telefonlar\u0131m\u0131z, her an herkesle ba\u011flant\u0131 halindeyiz. Ama bir yandan da bir \u015feyler eksik, temel bir \u015feyler. Bu ileti\u015fim \u00e7a\u011f\u0131n\u0131n ortas\u0131nda bir\u00e7o\u011fumuz ba\u015fkalar\u0131ndan kopuk ve yaln\u0131z hissediyoruz kendimizi. \u0130nsanlarla ger\u00e7ek bir temas kuramad\u0131\u011f\u0131m\u0131z, y\u00fczeyin alt\u0131na inemedi\u011fimiz hissine kap\u0131l\u0131yoruz. Dahas\u0131, bizi birbirimize ba\u011flad\u0131\u011f\u0131n\u0131 d\u00fc\u015f\u00fcnd\u00fc\u011f\u00fcm\u00fcz sosyal medya, filtre balonlar\u0131 ve yank\u0131 odalar\u0131yla farkl\u0131 g\u00f6r\u00fc\u015ften insanlar\u0131 birbirinden daha da ay\u0131r\u0131p kutupla\u015ft\u0131r\u0131yor. \u0130leti\u015fim kanallar\u0131 t\u0131kand\u0131k\u00e7a, s\u00f6zlerimiz sald\u0131rganl\u0131\u011f\u0131, suskunluklar\u0131m\u0131z umursamazl\u0131\u011f\u0131 k\u00f6r\u00fckl\u00fcyor.\u0130\u015fte bu y\u00fczden bu seneki ajandam\u0131z\u0131 ileti\u015fim konusu etraf\u0131nda haz\u0131rlad\u0131k; sevdi\u011fimiz yazarlar\u0131n e\u015fli\u011finde bu geni\u015f kapsaml\u0131 konunun \u00e7e\u015fitli y\u00f6nlerine bakt\u0131k. \u201c\u0130leti\u015fim insanlar\u0131 topluluk olmaya g\u00f6t\u00fcr\u00fcr, yani anlay\u0131\u015fa, yak\u0131nl\u0131\u011fa ve kar\u015f\u0131l\u0131kl\u0131 de\u011fer vermeye,\u201d diyor Rollo May. Ger\u00e7ek ileti\u015fimin kurdu\u011fu k\u00f6pr\u00fc olmadan ne biz ba\u015fkalar\u0131na ula\u015fabiliriz ne de ba\u015fkalar\u0131 bize; o k\u00f6pr\u00fcn\u00fcn kurulmas\u0131 i\u00e7inse en ba\u015fta kulak verip dinlemek gerekiyor.Yaln\u0131zca sevdiklerinizle de\u011fil sevmediklerinizle de sa\u011fl\u0131kl\u0131 bir ileti\u015fim i\u00e7inde oldu\u011funuz, yak\u0131nlar\u0131n\u0131zla ba\u011flar\u0131n\u0131z\u0131 ve geni\u015f \u00e7evrenizle dayan\u0131\u015fman\u0131z\u0131 s\u0131k\u0131la\u015ft\u0131rd\u0131\u011f\u0131n\u0131z g\u00fczel bir y\u0131l dile\u011fiyle!\u2014 Metis Yay\u0131nlar\u0131<\/p>\n","protected":false},"excerpt":{"rendered":"<p>Elektronik ileti\u015fim ara\u00e7lar\u0131n\u0131n son derece geli\u015fti\u011fi bir d\u00f6nemde ya\u015f\u0131yoruz. E-postalar, mesajlar ve \u00e7e\u015fit \u00e7e\u015fit sosyal medya mecras\u0131 sayesinde yak\u0131nlar\u0131m\u0131zla, hatta bizzat tan\u0131\u015fmad\u0131\u011f\u0131m\u0131z bir\u00e7ok insanla \u00e2n\u0131nda haberle\u015fip<span class=\"excerpt-hellip\"> [\u2026]<\/span><\/p>\n","protected":false},"featured_media":0,"template":"","meta":{"_monsterinsights_skip_tracking":false,"_monsterinsights_sitenote_active":false,"_monsterinsights_sitenote_note":"","_monsterinsights_sitenote_category":0},"product_brand":[],"product_cat":[13835],"product_tag":[],"class_list":{"0":"post-778641","1":"product","2":"type-product","3":"status-publish","5":"product_cat-cok-satanlar","6":"pa_cilt-ciltsiz","7":"pa_tur-kitap","8":"pa_yayinevi-metis-yayinlari","9":"pa_yazar-kolektif","11":"first","12":"instock","13":"sale","14":"shipping-taxable","15":"purchasable","16":"product-type-simple"},"_links":{"self":[{"href":"https:\/\/roveyayinevi.com.tr\/index.php\/wp-json\/wp\/v2\/product\/778641","targetHints":{"allow":["GET"]}}],"collection":[{"href":"https:\/\/roveyayinevi.com.tr\/index.php\/wp-json\/wp\/v2\/product"}],"about":[{"href":"https:\/\/roveyayinevi.com.tr\/index.php\/wp-json\/wp\/v2\/types\/product"}],"wp:attachment":[{"href":"https:\/\/roveyayinevi.com.tr\/index.php\/wp-json\/wp\/v2\/media?parent=778641"}],"wp:term":[{"taxonomy":"product_brand","embeddable":true,"href":"https:\/\/roveyayinevi.com.tr\/index.php\/wp-json\/wp\/v2\/product_brand?post=778641"},{"taxonomy":"product_cat","embeddable":true,"href":"https:\/\/roveyayinevi.com.tr\/index.php\/wp-json\/wp\/v2\/product_cat?post=778641"},{"taxonomy":"product_tag","embeddable":true,"href":"https:\/\/roveyayinevi.com.tr\/index.php\/wp-json\/wp\/v2\/product_tag?post=778641"}],"curies":[{"name":"wp","href":"https:\/\/api.w.org\/{rel}","templated":true}]}}