{"id":778639,"date":"2025-11-20T00:24:31","date_gmt":"2025-11-19T21:24:31","guid":{"rendered":"https:\/\/roveyayinevi.com.tr\/index.php\/urun\/uzman-degil-annesin\/"},"modified":"2026-04-15T03:43:48","modified_gmt":"2026-04-15T00:43:48","slug":"uzman-degil-annesin","status":"publish","type":"product","link":"https:\/\/roveyayinevi.com.tr\/index.php\/urun\/uzman-degil-annesin\/","title":{"rendered":"Uzman De\u011fil Annesin"},"content":{"rendered":"<p>Sevgili anne\u2026 Zorluklar ge\u00e7ecek, ihtiya\u00e7lar\u0131n\u0131 ertelemek zorunda kal\u0131\u015flar\u0131n, yaln\u0131zl\u0131\u011f\u0131n, i\u00e7inden \u00e7\u0131kamad\u0131\u011f\u0131n duygular&#8230; Hepsi yerli yerine oturacak bir g\u00fcn. Bu yolda yaln\u0131z de\u011filsin. Ad\u0131n\u0131 koyamad\u0131\u011f\u0131n pek \u00e7ok hissi neredeyse t\u00fcm anneler ya\u015fad\u0131, ya\u015f\u0131yor. Herkes benzer hatalar yapt\u0131. Onun ve senin t\u00fcm zorlanmalar\u0131n\u0131z; sadece senin hatalar\u0131ndan kaynakl\u0131 olamaz. Belki yeterince iyi bir ebeveynlik g\u00f6remedin sen de ve do\u011fru bir rehberin olmad\u0131. Zamanla annelikte kendi \u00f6zg\u00fcn yolunu bulacaks\u0131n. Ebeveynlikte zaman kavram\u0131 de\u011fi\u015fir, beklentiler farkl\u0131la\u015f\u0131r, normaller yeniden anlam kazan\u0131r. Duygusal bir lunapark gibidir bir \u00e7ocu\u011fun her \u015feyi olmak ve ne g\u00fczeldir ona e\u015flik edebilmek. Bebe\u011fin i\u00e7in pek \u00e7ok \u015feysin, evet ama her \u015fey de\u011filsin. \u0130yi ki de\u011filsin. Aksi, insan olarak bizlere \u00e7ok a\u011f\u0131r gelen bir sorumluluk olurdu. Bu senin, bebe\u011finle sizin hik\u00e2yeniz. \u00c7ocuk kendi kitab\u0131yla gelendir. Sen de onu okuduk\u00e7a \u00f6\u011freneceksin. Anne y\u00fcre\u011fiyle, psikolog bak\u0131\u015f\u0131yla; \u00e7ocuklu hayat\u0131 kolayla\u015ft\u0131ran deneyimler\u2026<\/p>\n","protected":false},"excerpt":{"rendered":"<p>Sevgili anne\u2026 Zorluklar ge\u00e7ecek, ihtiya\u00e7lar\u0131n\u0131 ertelemek zorunda kal\u0131\u015flar\u0131n, yaln\u0131zl\u0131\u011f\u0131n, i\u00e7inden \u00e7\u0131kamad\u0131\u011f\u0131n duygular&#8230; Hepsi yerli yerine oturacak bir g\u00fcn. Bu yolda yaln\u0131z de\u011filsin. Ad\u0131n\u0131 koyamad\u0131\u011f\u0131n pek \u00e7ok<span class=\"excerpt-hellip\"> [\u2026]<\/span><\/p>\n","protected":false},"featured_media":0,"template":"","meta":{"_monsterinsights_skip_tracking":false,"_monsterinsights_sitenote_active":false,"_monsterinsights_sitenote_note":"","_monsterinsights_sitenote_category":0},"product_brand":[],"product_cat":[12831,12324],"product_tag":[],"class_list":{"0":"post-778639","1":"product","2":"type-product","3":"status-publish","5":"product_cat-aile-ve-cocuk","6":"product_cat-sosyoloji","7":"pa_cilt-ciltsiz","8":"pa_tur-kitap","9":"pa_yayinevi-hayykitap","10":"pa_yazar-elif-goksu","12":"first","13":"instock","14":"sale","15":"shipping-taxable","16":"purchasable","17":"product-type-simple"},"_links":{"self":[{"href":"https:\/\/roveyayinevi.com.tr\/index.php\/wp-json\/wp\/v2\/product\/778639","targetHints":{"allow":["GET"]}}],"collection":[{"href":"https:\/\/roveyayinevi.com.tr\/index.php\/wp-json\/wp\/v2\/product"}],"about":[{"href":"https:\/\/roveyayinevi.com.tr\/index.php\/wp-json\/wp\/v2\/types\/product"}],"wp:attachment":[{"href":"https:\/\/roveyayinevi.com.tr\/index.php\/wp-json\/wp\/v2\/media?parent=778639"}],"wp:term":[{"taxonomy":"product_brand","embeddable":true,"href":"https:\/\/roveyayinevi.com.tr\/index.php\/wp-json\/wp\/v2\/product_brand?post=778639"},{"taxonomy":"product_cat","embeddable":true,"href":"https:\/\/roveyayinevi.com.tr\/index.php\/wp-json\/wp\/v2\/product_cat?post=778639"},{"taxonomy":"product_tag","embeddable":true,"href":"https:\/\/roveyayinevi.com.tr\/index.php\/wp-json\/wp\/v2\/product_tag?post=778639"}],"curies":[{"name":"wp","href":"https:\/\/api.w.org\/{rel}","templated":true}]}}