{"id":778635,"date":"2025-11-20T00:24:17","date_gmt":"2025-11-19T21:24:17","guid":{"rendered":"https:\/\/roveyayinevi.com.tr\/index.php\/urun\/gercekler-sizi-ozgurlestirir-ama-once-ofkelendirir\/"},"modified":"2026-04-05T03:35:24","modified_gmt":"2026-04-05T00:35:24","slug":"gercekler-sizi-ozgurlestirir-ama-once-ofkelendirir","status":"publish","type":"product","link":"https:\/\/roveyayinevi.com.tr\/index.php\/urun\/gercekler-sizi-ozgurlestirir-ama-once-ofkelendirir\/","title":{"rendered":"Ger\u00e7ekler Sizi \u00d6zg\u00fcrle\u015ftirir Ama \u00d6nce \u00d6fkelendirir!"},"content":{"rendered":"<p>Feminist hareketin ya\u015fayan en \u00f6nemli isimlerinden, gazeteci, yazar ve aktivist Gloria Steinem\u2019\u0131n en cesur ve en ilham verici s\u00f6zleri nihayet Tu\u0308rk\u00e7ede!Ger\u00e7ekler Sizi \u00d6zgu\u0308rle\u015ftirir Ama \u00d6nce \u00d6fkelendirir, Steinem\u2019\u0131n y\u0131llar i\u00e7inde kaleme ald\u0131\u011f\u0131 al\u0131nt\u0131lar, denemeler ve ki\u015fisel notlar\u0131 bir araya getiriyor. Yazar kitap boyunca ili\u015fkileri (\u201cPek \u00e7ok insan do\u011fru ki\u015fiyi ar\u0131yor; \u00e7ok az\u0131 do\u011fru ki\u015fi olmaya \u00e7al\u0131\u015f\u0131yor.\u201d) patriyarkay\u0131 (\u201cErkekler kazand\u0131klar\u0131nda daha \u00e7ok sevilir; kad\u0131nlarsa kaybettiklerinde. Patriyarkan\u0131n gu\u0308ndelik i\u015fleyi\u015fi tam da b\u00f6yle.\u201d) ve aktivizmi (\u201cDevrimler, t\u0131pk\u0131 a\u011fa\u00e7lar gibi k\u00f6kten yukar\u0131ya do\u011fru bu\u0308yu\u0308r.\u201d) masaya yat\u0131r\u0131rken ku\u0308\u00e7u\u0308k bir eylemin bile zincirleme bir de\u011fi\u015fim yaratabilece\u011fini hat\u0131rlat\u0131yor. Sokak eylemlerinden gu\u0308ndelik hayattaki kar\u015f\u0131t duru\u015flara, ya\u015flanmadan dostlu\u011fa, i\u00e7ine do\u011fdu\u011fumuz ailelere ve se\u00e7ti\u011fimiz ailelere kadar pek \u00e7ok konuya dair s\u00f6zleriyle sadece ilham vermiyor, harekete de ge\u00e7iriyor.Steinem\u2019\u0131n dedi\u011fi gibi \u201cAforizmalar hik\u00e2yelerin \u00f6zu\u0308du\u0308r.\u201d Bu yu\u0308zden elinizdeki kitap sadece bir al\u0131nt\u0131lar kitab\u0131 de\u011fil, bir gu\u0308\u00e7lenme manifestosu. Me\u011fer Ben Feministmi\u015fim kitab\u0131n\u0131n yazar\u0131 Elif Do\u011fan\u2019\u0131n \u00f6zenli \u00e7evirisiyle Tu\u0308rk\u00e7eye kazand\u0131r\u0131lan bu kitap, umudu ve eyleme ge\u00e7me cesaretini bize sunuyor. Biliyoruz ki \u00f6zgu\u0308rlu\u0308\u011fu\u0308n anahtar\u0131 ger\u00e7eklerde sakl\u0131. Ve baz\u0131 cu\u0308mleler du\u0308nyay\u0131 de\u011fi\u015ftirebilir.<\/p>\n","protected":false},"excerpt":{"rendered":"<p>Feminist hareketin ya\u015fayan en \u00f6nemli isimlerinden, gazeteci, yazar ve aktivist Gloria Steinem\u2019\u0131n en cesur ve en ilham verici s\u00f6zleri nihayet Tu\u0308rk\u00e7ede!Ger\u00e7ekler Sizi \u00d6zgu\u0308rle\u015ftirir Ama \u00d6nce \u00d6fkelendirir,<span class=\"excerpt-hellip\"> [\u2026]<\/span><\/p>\n","protected":false},"featured_media":0,"template":"","meta":{"_monsterinsights_skip_tracking":false,"_monsterinsights_sitenote_active":false,"_monsterinsights_sitenote_note":"","_monsterinsights_sitenote_category":0},"product_brand":[],"product_cat":[12364,12376],"product_tag":[],"class_list":{"0":"post-778635","1":"product","2":"type-product","3":"status-publish","5":"product_cat-genel-konular","6":"product_cat-kisisel-gelisim","7":"pa_cilt-ciltsiz","8":"pa_tur-kitap","9":"pa_yayinevi-dusbaz-kitaplar","10":"pa_yazar-gloria-steinem","12":"first","13":"instock","14":"sale","15":"shipping-taxable","16":"purchasable","17":"product-type-simple"},"_links":{"self":[{"href":"https:\/\/roveyayinevi.com.tr\/index.php\/wp-json\/wp\/v2\/product\/778635","targetHints":{"allow":["GET"]}}],"collection":[{"href":"https:\/\/roveyayinevi.com.tr\/index.php\/wp-json\/wp\/v2\/product"}],"about":[{"href":"https:\/\/roveyayinevi.com.tr\/index.php\/wp-json\/wp\/v2\/types\/product"}],"wp:attachment":[{"href":"https:\/\/roveyayinevi.com.tr\/index.php\/wp-json\/wp\/v2\/media?parent=778635"}],"wp:term":[{"taxonomy":"product_brand","embeddable":true,"href":"https:\/\/roveyayinevi.com.tr\/index.php\/wp-json\/wp\/v2\/product_brand?post=778635"},{"taxonomy":"product_cat","embeddable":true,"href":"https:\/\/roveyayinevi.com.tr\/index.php\/wp-json\/wp\/v2\/product_cat?post=778635"},{"taxonomy":"product_tag","embeddable":true,"href":"https:\/\/roveyayinevi.com.tr\/index.php\/wp-json\/wp\/v2\/product_tag?post=778635"}],"curies":[{"name":"wp","href":"https:\/\/api.w.org\/{rel}","templated":true}]}}