{"id":778634,"date":"2025-11-20T00:24:15","date_gmt":"2025-11-19T21:24:15","guid":{"rendered":"https:\/\/roveyayinevi.com.tr\/index.php\/urun\/hareket-felsefesi\/"},"modified":"2026-04-15T03:43:47","modified_gmt":"2026-04-15T00:43:47","slug":"hareket-felsefesi","status":"publish","type":"product","link":"https:\/\/roveyayinevi.com.tr\/index.php\/urun\/hareket-felsefesi\/","title":{"rendered":"Hareket Felsefesi"},"content":{"rendered":"<p>\u201cNail, gelece\u011fin felsefesinin ne olabilece\u011fine dair bir yol \u00e7izmeye \u00e7al\u0131\u015fan \u00e7a\u011fda\u015f du\u0308\u015fu\u0308nu\u0308rlerden biridir ve Hegel ya da Leibniz kadar sistematik bir felsefe tasavvuruna sahiptir.\u201d Daniel W. Smith, kitab\u0131n \u00f6ns\u00f6zu\u0308nden \u201cHareket Felsefesi, hareketin esas\u0131n\u0131 amans\u0131z bir \u015fekilde vurgular. Hareket, sabit bir \u015feye g\u00f6re de\u011fil de esas ise o zaman ne \u015fekilde du\u0308\u015fu\u0308nebilir ve hangi yeni kavramlar\u0131 yaratabiliriz? Bu kitapta Thomas Nail, \u00e7ok say\u0131da yeni kavram icat ederek, insanl\u0131k tarihini hareketin tarihi olarak yeniden anlatarak ve hareketi dikkate alan bir etik \u00f6nererek beklentilerimizi derinlemesine kar\u015f\u0131l\u0131yor.\u201d Brendt Adkins, Deleuze and Guattari\u2019s \u201cA Thousand Plateaus\u201d: A Critical Introduction and Guide kitab\u0131n\u0131n yazar\u0131. Thomas Nail, uzun y\u0131llar su\u0308ren etkileyici \u00e7al\u0131\u015fmalar\u0131n\u0131 sentezleyerek ve geni\u015fleterek, hareketin insanl\u0131k ve do\u011fa tarihinde nas\u0131l ba\u015fat bir gu\u0308\u00e7 oldu\u011funu kapsaml\u0131 bir \u015fekilde ortaya koymaktad\u0131r. Hareket Felsefesi, Bat\u0131 du\u0308\u015fu\u0308ncesinin merkezinde yer alan dura\u011fanl\u0131k taraftarl\u0131\u011f\u0131n\u0131 ele\u015ftirerek, hareketin \u00f6nceli\u011fi ile ba\u015flayan bir felsefenin nas\u0131l olabilece\u011fini sorguluyor ve hareketi hem tarih boyunca hem de yirmi birinci yu\u0308zy\u0131lda gu\u0308nlu\u0308k ya\u015famdaki sonu\u00e7lar\u0131 a\u00e7\u0131s\u0131ndan inceliyor. Nail, ger\u00e7eklik \u00f6l\u00e7ekleri, tarihsel d\u00f6nemler ve bilgi alanlar\u0131 aras\u0131nda ba\u011flant\u0131lar kuruyor ve \u00f6ru\u0308ntu\u0308lerin izlerini su\u0308ru\u0308yor. Elinizdeki kitap, giderek h\u0131z kazanan iklim de\u011fi\u015fikli\u011fi ve bunun sonucunda ortaya \u00e7\u0131kan kitlesel ku\u0308resel g\u00f6\u00e7u\u0308n yan\u0131 s\u0131ra her yerde mevcut olan dijital medyan\u0131n \u015fekillendirdi\u011fi ba\u015f d\u00f6ndu\u0308ru\u0308cu\u0308 hareketlerin ya\u015fand\u0131\u011f\u0131 \u00e7a\u011f\u0131m\u0131zda, bu noktaya nas\u0131l geldi\u011fimizi ve birbiriyle i\u00e7 i\u00e7e ge\u00e7mi\u015f bu zorluklarla nas\u0131l ba\u015fa \u00e7\u0131kabilece\u011fimizi anlamam\u0131za yard\u0131mc\u0131 olan \u00e7a\u011fda\u015f bir felsefe sunuyor.<\/p>\n","protected":false},"excerpt":{"rendered":"<p>\u201cNail, gelece\u011fin felsefesinin ne olabilece\u011fine dair bir yol \u00e7izmeye \u00e7al\u0131\u015fan \u00e7a\u011fda\u015f du\u0308\u015fu\u0308nu\u0308rlerden biridir ve Hegel ya da Leibniz kadar sistematik bir felsefe tasavvuruna sahiptir.\u201d Daniel W.<span class=\"excerpt-hellip\"> [\u2026]<\/span><\/p>\n","protected":false},"featured_media":0,"template":"","meta":{"_monsterinsights_skip_tracking":false,"_monsterinsights_sitenote_active":false,"_monsterinsights_sitenote_note":"","_monsterinsights_sitenote_category":0},"product_brand":[],"product_cat":[20351,12388],"product_tag":[],"class_list":{"0":"post-778634","1":"product","2":"type-product","3":"status-publish","5":"product_cat-dusunce","6":"product_cat-felsefe","7":"pa_cilt-ciltsiz","8":"pa_tur-kitap","9":"pa_yayinevi-ayrinti-yayinlari","10":"pa_yazar-thomas-nail","12":"first","13":"instock","14":"sale","15":"shipping-taxable","16":"purchasable","17":"product-type-simple"},"_links":{"self":[{"href":"https:\/\/roveyayinevi.com.tr\/index.php\/wp-json\/wp\/v2\/product\/778634","targetHints":{"allow":["GET"]}}],"collection":[{"href":"https:\/\/roveyayinevi.com.tr\/index.php\/wp-json\/wp\/v2\/product"}],"about":[{"href":"https:\/\/roveyayinevi.com.tr\/index.php\/wp-json\/wp\/v2\/types\/product"}],"wp:attachment":[{"href":"https:\/\/roveyayinevi.com.tr\/index.php\/wp-json\/wp\/v2\/media?parent=778634"}],"wp:term":[{"taxonomy":"product_brand","embeddable":true,"href":"https:\/\/roveyayinevi.com.tr\/index.php\/wp-json\/wp\/v2\/product_brand?post=778634"},{"taxonomy":"product_cat","embeddable":true,"href":"https:\/\/roveyayinevi.com.tr\/index.php\/wp-json\/wp\/v2\/product_cat?post=778634"},{"taxonomy":"product_tag","embeddable":true,"href":"https:\/\/roveyayinevi.com.tr\/index.php\/wp-json\/wp\/v2\/product_tag?post=778634"}],"curies":[{"name":"wp","href":"https:\/\/api.w.org\/{rel}","templated":true}]}}