{"id":778633,"date":"2025-11-20T00:24:13","date_gmt":"2025-11-19T21:24:13","guid":{"rendered":"https:\/\/roveyayinevi.com.tr\/index.php\/urun\/irk-kavramina-felsefi-bir-giris\/"},"modified":"2026-04-15T03:43:47","modified_gmt":"2026-04-15T00:43:47","slug":"irk-kavramina-felsefi-bir-giris","status":"publish","type":"product","link":"https:\/\/roveyayinevi.com.tr\/index.php\/urun\/irk-kavramina-felsefi-bir-giris\/","title":{"rendered":"Irk Kavram\u0131na Felsefi Bir Giri\u015f"},"content":{"rendered":"<p>Bu kitap, \u0131rk kavram\u0131n\u0131n felsefi incelemesini yaparken ayn\u0131 zamanda \u201cIrk nedir?\u201d, \u201cIrk ger\u00e7ek midir?\u201d, \u201cIrk kavram\u0131n\u0131n bize bir faydas\u0131 var m\u0131?\u201d, \u201cIrklar\u0131n varl\u0131\u011f\u0131n\u0131 kabul etmek \u0131rk\u00e7\u0131l\u0131k m\u0131d\u0131r?\u201d, \u201cEtnik k\u00f6kenin \u0131rktan fark\u0131 nedir?\u201d gibi popu\u0308ler sorular\u0131 da cevaplamaya \u00e7al\u0131\u015f\u0131yor. Bir kavram olarak varl\u0131\u011f\u0131 tart\u0131\u015f\u0131lmaz olan \u0131rk\u0131n ger\u00e7ek du\u0308nyadaki yans\u0131malar\u0131n\u0131 nas\u0131l yorumlayabilece\u011fimiz ve \u00f6zellikle ABD gibi \u00e7ok fazla \u201c\u0131rktan\u201d insan\u0131n birlikte ya\u015fad\u0131\u011f\u0131 u\u0308lkelerde bu yans\u0131malar\u0131n politik ve gu\u0308nlu\u0308k hayata nas\u0131l etki edece\u011fi konular\u0131ndaki belirsizlikler de ele al\u0131n\u0131yor. Daha da \u00f6nemlisi, tu\u0308m bu konular\u0131 aktarmak ad\u0131na kulland\u0131\u011f\u0131m\u0131z \u201c\u0131rk dilinin\u201d ne oldu\u011fu ve farkl\u0131 kullan\u0131m \u015fekillerinin nas\u0131l sonu\u00e7lar do\u011furdu\u011fu \u00f6zenle inceleniyor. Paul C. Taylor, \u0131rk kavram\u0131n\u0131n felsefi a\u00e7\u0131dan genel bir incelemesini sunuyor ve okura kavram\u0131n genel hatlar\u0131yla bir tasvirini yaparak gu\u0308nlu\u0308k hayattaki \u0131rksal deneyimlerimize \u0131\u015f\u0131k tutuyor.<\/p>\n","protected":false},"excerpt":{"rendered":"<p>Bu kitap, \u0131rk kavram\u0131n\u0131n felsefi incelemesini yaparken ayn\u0131 zamanda \u201cIrk nedir?\u201d, \u201cIrk ger\u00e7ek midir?\u201d, \u201cIrk kavram\u0131n\u0131n bize bir faydas\u0131 var m\u0131?\u201d, \u201cIrklar\u0131n varl\u0131\u011f\u0131n\u0131 kabul etmek \u0131rk\u00e7\u0131l\u0131k<span class=\"excerpt-hellip\"> [\u2026]<\/span><\/p>\n","protected":false},"featured_media":0,"template":"","meta":{"_monsterinsights_skip_tracking":false,"_monsterinsights_sitenote_active":false,"_monsterinsights_sitenote_note":"","_monsterinsights_sitenote_category":0},"product_brand":[],"product_cat":[20351,12388],"product_tag":[],"class_list":{"0":"post-778633","1":"product","2":"type-product","3":"status-publish","5":"product_cat-dusunce","6":"product_cat-felsefe","7":"pa_cilt-ciltsiz","8":"pa_tur-kitap","9":"pa_yayinevi-ayrinti-yayinlari","10":"pa_yazar-paul-c-taylor","12":"first","13":"instock","14":"sale","15":"shipping-taxable","16":"purchasable","17":"product-type-simple"},"_links":{"self":[{"href":"https:\/\/roveyayinevi.com.tr\/index.php\/wp-json\/wp\/v2\/product\/778633","targetHints":{"allow":["GET"]}}],"collection":[{"href":"https:\/\/roveyayinevi.com.tr\/index.php\/wp-json\/wp\/v2\/product"}],"about":[{"href":"https:\/\/roveyayinevi.com.tr\/index.php\/wp-json\/wp\/v2\/types\/product"}],"wp:attachment":[{"href":"https:\/\/roveyayinevi.com.tr\/index.php\/wp-json\/wp\/v2\/media?parent=778633"}],"wp:term":[{"taxonomy":"product_brand","embeddable":true,"href":"https:\/\/roveyayinevi.com.tr\/index.php\/wp-json\/wp\/v2\/product_brand?post=778633"},{"taxonomy":"product_cat","embeddable":true,"href":"https:\/\/roveyayinevi.com.tr\/index.php\/wp-json\/wp\/v2\/product_cat?post=778633"},{"taxonomy":"product_tag","embeddable":true,"href":"https:\/\/roveyayinevi.com.tr\/index.php\/wp-json\/wp\/v2\/product_tag?post=778633"}],"curies":[{"name":"wp","href":"https:\/\/api.w.org\/{rel}","templated":true}]}}