{"id":778632,"date":"2025-11-20T00:24:09","date_gmt":"2025-11-19T21:24:09","guid":{"rendered":"https:\/\/roveyayinevi.com.tr\/index.php\/urun\/perg-efsaneleri-4-tanrilarin-alfabesi\/"},"modified":"2026-04-15T03:43:47","modified_gmt":"2026-04-15T00:43:47","slug":"perg-efsaneleri-4-tanrilarin-alfabesi","status":"publish","type":"product","link":"https:\/\/roveyayinevi.com.tr\/index.php\/urun\/perg-efsaneleri-4-tanrilarin-alfabesi\/","title":{"rendered":"Perg Efsaneleri 4 \u2013 Tanr\u0131lar\u0131n Alfabesi"},"content":{"rendered":"<p>Her harf bir s\u0131r, her kelime bir kudret&#8230; Ya bir mucize her t\u0131ls\u0131m ya bir felaket.   Kadim G\u00fc\u00e7ler, kendi dillerinde yaz\u0131lm\u0131\u015f t\u0131ls\u0131mlar\u0131 se\u00e7ilmi\u015f olanlara sunarken, bunun yol a\u00e7aca\u011f\u0131 felaketleri d\u00fc\u015f\u00fcnmemi\u015flerdi. Karanl\u0131k bir b\u00fcy\u00fcc\u00fc, lanetli ordusuyla birlikte t\u00fcm t\u0131ls\u0131mlar\u0131 ele ge\u00e7irip mutlak g\u00fcce sahip olmaya kararl\u0131yd\u0131. Bu u\u011furda yapmayaca\u011f\u0131 \u00e7\u0131lg\u0131nl\u0131k, almayaca\u011f\u0131 can yoktu. B\u00fcy\u00fck bir sava\u015f kap\u0131dayd\u0131. T\u0131ls\u0131m Efendileri ise bunu engellemek zorundayd\u0131lar; ama g\u00fc\u00e7leri t\u00fckenmek \u00fczereydi. T\u00fcm se\u00e7eneklerin t\u00fckendi\u011fi bir zamanda; bir k\u00f6yl\u00fc, bir b\u00fcy\u00fcc\u00fc, bir canavar ve bir promdan olu\u015fan tuhaf bir grubun geli\u015fi, onlara az da olsa umut verdi. Peki Leofold, Guorin ve dostlar\u0131, Perg\u2019i bekleyen korkun\u00e7 olaylar\u0131 \u00f6nleyebilecek mi? Kazan\u0131lmas\u0131 imk\u00e2ns\u0131z gibi g\u00f6r\u00fcnen bu sava\u015f, onlar\u0131 nas\u0131l bir sona s\u00fcr\u00fckleyecek? Farkl\u0131 kimliklere b\u00fcr\u00fcnm\u00fc\u015f eski dostlar, as\u0131rl\u0131k gizemler, buzla kapl\u0131 ovalar, g\u00f6rkemli meydan sava\u015flar\u0131 ve d\u00fc\u015fman\u0131n\u0131 ararken kendini bulanlar&#8230; Perg Efsaneleri serisinin bu son kitab\u0131nda kelimelerin t\u0131ls\u0131mlara, inanc\u0131n direni\u015fe d\u00f6n\u00fc\u015ft\u00fc\u011f\u00fc destans\u0131 bir ser\u00fcven sizi bekliyor. <\/p>\n","protected":false},"excerpt":{"rendered":"<p>Her harf bir s\u0131r, her kelime bir kudret&#8230; Ya bir mucize her t\u0131ls\u0131m ya bir felaket. Kadim G\u00fc\u00e7ler, kendi dillerinde yaz\u0131lm\u0131\u015f t\u0131ls\u0131mlar\u0131 se\u00e7ilmi\u015f olanlara sunarken, bunun<span class=\"excerpt-hellip\"> [\u2026]<\/span><\/p>\n","protected":false},"featured_media":0,"template":"","meta":{"_monsterinsights_skip_tracking":false,"_monsterinsights_sitenote_active":false,"_monsterinsights_sitenote_note":"","_monsterinsights_sitenote_category":0},"product_brand":[],"product_cat":[12291,14777],"product_tag":[],"class_list":{"0":"post-778632","1":"product","2":"type-product","3":"status-publish","5":"product_cat-edebiyat","6":"product_cat-fantastik","7":"pa_cilt-ciltsiz","8":"pa_tur-kitap","9":"pa_yayinevi-x-libris","10":"pa_yazar-baris-mustecaplioglu","12":"first","13":"instock","14":"sale","15":"shipping-taxable","16":"purchasable","17":"product-type-simple"},"_links":{"self":[{"href":"https:\/\/roveyayinevi.com.tr\/index.php\/wp-json\/wp\/v2\/product\/778632","targetHints":{"allow":["GET"]}}],"collection":[{"href":"https:\/\/roveyayinevi.com.tr\/index.php\/wp-json\/wp\/v2\/product"}],"about":[{"href":"https:\/\/roveyayinevi.com.tr\/index.php\/wp-json\/wp\/v2\/types\/product"}],"wp:attachment":[{"href":"https:\/\/roveyayinevi.com.tr\/index.php\/wp-json\/wp\/v2\/media?parent=778632"}],"wp:term":[{"taxonomy":"product_brand","embeddable":true,"href":"https:\/\/roveyayinevi.com.tr\/index.php\/wp-json\/wp\/v2\/product_brand?post=778632"},{"taxonomy":"product_cat","embeddable":true,"href":"https:\/\/roveyayinevi.com.tr\/index.php\/wp-json\/wp\/v2\/product_cat?post=778632"},{"taxonomy":"product_tag","embeddable":true,"href":"https:\/\/roveyayinevi.com.tr\/index.php\/wp-json\/wp\/v2\/product_tag?post=778632"}],"curies":[{"name":"wp","href":"https:\/\/api.w.org\/{rel}","templated":true}]}}