{"id":778631,"date":"2025-11-20T00:24:06","date_gmt":"2025-11-19T21:24:06","guid":{"rendered":"https:\/\/roveyayinevi.com.tr\/index.php\/urun\/percy-jackson-evreninden-oluler-mahkemesi\/"},"modified":"2026-04-15T03:43:47","modified_gmt":"2026-04-15T00:43:47","slug":"percy-jackson-evreninden-oluler-mahkemesi","status":"publish","type":"product","link":"https:\/\/roveyayinevi.com.tr\/index.php\/urun\/percy-jackson-evreninden-oluler-mahkemesi\/","title":{"rendered":"Percy Jackson Evreninden &#8211; \u00d6l\u00fcler Mahkemesi"},"content":{"rendered":"<p>Yar\u0131 tanr\u0131lar Nico di Angelo ve erkek arkada\u015f\u0131 Will Solace,Percy Jackson evreninin d\u00fcnyaca \u00fcnl\u00fc muhte\u015fem yazar\u0131 Rick Riordan ve \u00f6d\u00fcll\u00fc yazar Mark Oshiro\u2019nun birlikte kaleme ald\u0131\u011f\u0131 bu s\u00fcrprizlerle dolu macerada Nico di Angelo\u2019nun \u00fcvey k\u0131z karde\u015fi Hazel Levesque ile canavarlar\u0131 korumak i\u00e7in g\u00fc\u00e7lerini birle\u015ftiriyor.   Tartarus\u2019un derinliklerinden d\u00f6nd\u00fckten birka\u00e7 ay sonra, Nico di Angelo ve Will Solace, Nico\u2019nun \u00fcvey k\u0131z karde\u015fi Hazel\u2019\u0131n J\u00fcpiter Kamp\u0131 teklifini kabul ederler. Hazel istemeden yol a\u00e7t\u0131klar\u0131 bir durumu y\u00f6netmek i\u00e7in onlar\u0131n yard\u0131m\u0131na ihtiya\u00e7 duyar: Yar\u0131 tanr\u0131lar, Yeralt\u0131 D\u00fcnyas\u0131&#8217;n\u0131n canavarlar\u0131na k\u00f6t\u00fc olmak d\u0131\u015f\u0131nda ba\u015fka se\u00e7enekleri oldu\u011funu g\u00f6sterirler.   Canavarlar\u0131n baz\u0131lar\u0131 s\u0131\u011f\u0131nmak i\u00e7in J\u00fcpiter Kamp\u0131\u2019na yerle\u015fir. Nico ve Will, Hazel\u2019a yard\u0131m etmek i\u00e7in kampa geldiklerinde, kendilerini \u201cmitik\u201d olarak adland\u0131ran bu canavarlar tek tek kaybolmaya ba\u015flar. Gizemli ve karanl\u0131k bir g\u00fc\u00e7 i\u015f ba\u015f\u0131ndad\u0131r ve plan\u0131, t\u00fcm canavarlar\u0131 ge\u00e7mi\u015f su\u00e7lar\u0131ndan dolay\u0131 cezaland\u0131rmakt\u0131r.   Hazel, bu g\u00fc\u00e7le bir ba\u011f\u0131 oldu\u011funu \u00f6\u011frendi\u011finde i\u015fler daha da k\u00f6t\u00fcye gitmeye ba\u015flayacakt\u0131r&#8230; \u201cSis g\u00f6zlerden \u00e7ok zihni etkiler.\u201d <\/p>\n","protected":false},"excerpt":{"rendered":"<p>Yar\u0131 tanr\u0131lar Nico di Angelo ve erkek arkada\u015f\u0131 Will Solace,Percy Jackson evreninin d\u00fcnyaca \u00fcnl\u00fc muhte\u015fem yazar\u0131 Rick Riordan ve \u00f6d\u00fcll\u00fc yazar Mark Oshiro\u2019nun birlikte kaleme ald\u0131\u011f\u0131<span class=\"excerpt-hellip\"> [\u2026]<\/span><\/p>\n","protected":false},"featured_media":0,"template":"","meta":{"_monsterinsights_skip_tracking":false,"_monsterinsights_sitenote_active":false,"_monsterinsights_sitenote_note":"","_monsterinsights_sitenote_category":0},"product_brand":[],"product_cat":[12291,14777],"product_tag":[],"class_list":{"0":"post-778631","1":"product","2":"type-product","3":"status-publish","5":"product_cat-edebiyat","6":"product_cat-fantastik","7":"pa_cilt-ciltsiz","8":"pa_tur-kitap","9":"pa_yayinevi-dex-yayinevi","10":"pa_yazar-rick-riordan-mark-oshiro","12":"first","13":"instock","14":"sale","15":"shipping-taxable","16":"purchasable","17":"product-type-simple"},"_links":{"self":[{"href":"https:\/\/roveyayinevi.com.tr\/index.php\/wp-json\/wp\/v2\/product\/778631","targetHints":{"allow":["GET"]}}],"collection":[{"href":"https:\/\/roveyayinevi.com.tr\/index.php\/wp-json\/wp\/v2\/product"}],"about":[{"href":"https:\/\/roveyayinevi.com.tr\/index.php\/wp-json\/wp\/v2\/types\/product"}],"wp:attachment":[{"href":"https:\/\/roveyayinevi.com.tr\/index.php\/wp-json\/wp\/v2\/media?parent=778631"}],"wp:term":[{"taxonomy":"product_brand","embeddable":true,"href":"https:\/\/roveyayinevi.com.tr\/index.php\/wp-json\/wp\/v2\/product_brand?post=778631"},{"taxonomy":"product_cat","embeddable":true,"href":"https:\/\/roveyayinevi.com.tr\/index.php\/wp-json\/wp\/v2\/product_cat?post=778631"},{"taxonomy":"product_tag","embeddable":true,"href":"https:\/\/roveyayinevi.com.tr\/index.php\/wp-json\/wp\/v2\/product_tag?post=778631"}],"curies":[{"name":"wp","href":"https:\/\/api.w.org\/{rel}","templated":true}]}}