{"id":778630,"date":"2025-11-20T00:24:05","date_gmt":"2025-11-19T21:24:05","guid":{"rendered":"https:\/\/roveyayinevi.com.tr\/index.php\/urun\/ormanin-kalbi\/"},"modified":"2026-04-15T03:43:47","modified_gmt":"2026-04-15T00:43:47","slug":"ormanin-kalbi","status":"publish","type":"product","link":"https:\/\/roveyayinevi.com.tr\/index.php\/urun\/ormanin-kalbi\/","title":{"rendered":"Orman\u0131n Kalbi"},"content":{"rendered":"<p>\u0130nsan ve do\u011fa aras\u0131ndaki ili\u015fki, d\u00fc\u015f\u00fcnd\u00fc\u011f\u00fcm\u00fczden \u00e7ok daha derin. Orman, sadece bir ekosistem de\u011fil, ayn\u0131 zamanda bir \u00f6\u011fretmen; bize nas\u0131l dinleyece\u011fimizi, hissedece\u011fimizi ve var olaca\u011f\u0131m\u0131z\u0131 g\u00f6sterir\u2026Peter Wohlleben\u2019in Orman\u0131n Kalbi adl\u0131 kitab\u0131, insan ile do\u011fa aras\u0131ndaki g\u00f6r\u00fcnmez ama g\u00fc\u00e7l\u00fc ba\u011f\u0131 ke\u015ffetmeye davet ediyor. A\u011fa\u00e7lar\u0131n kalp at\u0131\u015flar\u0131, k\u00f6klerinin zek\u00e2s\u0131 ve bitkilerin bilin\u00e7 d\u00fczeyleri \u00fczerine yap\u0131lan ara\u015ft\u0131rmalar, do\u011fayla olan ili\u015fkimize yeni bir boyut kazand\u0131r\u0131yor.Ormanda y\u00fcr\u00fcmek, sadece bir do\u011fa gezisi de\u011fil; duyular\u0131m\u0131z\u0131 yeniden ke\u015ffetme ve i\u00e7sel dengemizi bulma yolculu\u011fudur. Ye\u015filin huzuru, ku\u015f seslerinin ritmi, topra\u011f\u0131n kokusu\u2026 T\u00fcm bunlar bedenimizi ve ruhumuzu iyile\u015ftirir. Do\u011fa bizi daha dikkatli, daha duyarl\u0131 bir hale getirir.Bu kitap, do\u011fay\u0131 sadece korumam\u0131z gereken bir kaynak olarak de\u011fil, birlikte ya\u015fad\u0131\u011f\u0131m\u0131z bir dost olarak g\u00f6rmemizi sa\u011flar.\u201cPeter Wohlleben, do\u011fay\u0131 yok etmeden \u00f6nce onunla daha g\u00fc\u00e7l\u00fc bir ba\u011f kurmam\u0131z gerekti\u011fini biliyor. Bu kitapta da bize bunun nas\u0131l yap\u0131laca\u011f\u0131n\u0131 anlat\u0131yor.\u201d\u2013 Jim Robbins<\/p>\n","protected":false},"excerpt":{"rendered":"<p>\u0130nsan ve do\u011fa aras\u0131ndaki ili\u015fki, d\u00fc\u015f\u00fcnd\u00fc\u011f\u00fcm\u00fczden \u00e7ok daha derin. Orman, sadece bir ekosistem de\u011fil, ayn\u0131 zamanda bir \u00f6\u011fretmen; bize nas\u0131l dinleyece\u011fimizi, hissedece\u011fimizi ve var olaca\u011f\u0131m\u0131z\u0131 g\u00f6sterir\u2026Peter<span class=\"excerpt-hellip\"> [\u2026]<\/span><\/p>\n","protected":false},"featured_media":0,"template":"","meta":{"_monsterinsights_skip_tracking":false,"_monsterinsights_sitenote_active":false,"_monsterinsights_sitenote_note":"","_monsterinsights_sitenote_category":0},"product_brand":[],"product_cat":[13005,13006],"product_tag":[],"class_list":{"0":"post-778630","1":"product","2":"type-product","3":"status-publish","5":"product_cat-bilim-muhendislik","6":"product_cat-populer-bilim","7":"pa_cilt-ciltsiz","8":"pa_tur-kitap","9":"pa_yayinevi-dogan-kitap","10":"pa_yazar-peter-wohlleben","12":"first","13":"instock","14":"sale","15":"shipping-taxable","16":"purchasable","17":"product-type-simple"},"_links":{"self":[{"href":"https:\/\/roveyayinevi.com.tr\/index.php\/wp-json\/wp\/v2\/product\/778630","targetHints":{"allow":["GET"]}}],"collection":[{"href":"https:\/\/roveyayinevi.com.tr\/index.php\/wp-json\/wp\/v2\/product"}],"about":[{"href":"https:\/\/roveyayinevi.com.tr\/index.php\/wp-json\/wp\/v2\/types\/product"}],"wp:attachment":[{"href":"https:\/\/roveyayinevi.com.tr\/index.php\/wp-json\/wp\/v2\/media?parent=778630"}],"wp:term":[{"taxonomy":"product_brand","embeddable":true,"href":"https:\/\/roveyayinevi.com.tr\/index.php\/wp-json\/wp\/v2\/product_brand?post=778630"},{"taxonomy":"product_cat","embeddable":true,"href":"https:\/\/roveyayinevi.com.tr\/index.php\/wp-json\/wp\/v2\/product_cat?post=778630"},{"taxonomy":"product_tag","embeddable":true,"href":"https:\/\/roveyayinevi.com.tr\/index.php\/wp-json\/wp\/v2\/product_tag?post=778630"}],"curies":[{"name":"wp","href":"https:\/\/api.w.org\/{rel}","templated":true}]}}