{"id":778629,"date":"2025-11-20T00:24:03","date_gmt":"2025-11-19T21:24:03","guid":{"rendered":"https:\/\/roveyayinevi.com.tr\/index.php\/urun\/istanbul-turkcesi\/"},"modified":"2026-04-15T03:43:47","modified_gmt":"2026-04-15T00:43:47","slug":"istanbul-turkcesi","status":"publish","type":"product","link":"https:\/\/roveyayinevi.com.tr\/index.php\/urun\/istanbul-turkcesi\/","title":{"rendered":"\u0130stanbul T\u00fcrk\u00e7esi"},"content":{"rendered":"<p>Bir zamanlar s\u00f6zlerimiz de \u0130stanbul gibiydi; zarif, \u00f6l\u00e7\u00fcl\u00fc, \u00e2henkli\u2026Ne s\u00f6ylendi\u011fi kadar nas\u0131l s\u00f6ylendi\u011fi \u00f6nemliydi ve insan\u0131m\u0131z g\u00fczel konu\u015fmay\u0131 bildi\u011fi gibi g\u00fczel dinlemeyi de bilirdi. Kimsenin kimseyi, hatt\u00e2 kendini bile can kula\u011f\u0131yla dinlemedi\u011fi, anlamaya \u00e7al\u0131\u015fmad\u0131\u011f\u0131 g\u00fcn\u00fcm\u00fcz heng\u00e2mesinde ses, s\u00f6z ve anlamdaki incelikleri kaybetmeye ba\u015flad\u0131k.Reyhan \u00c7\u0131nar, \u201c\u0130stanbul T\u00fcrk\u00e7esi\u201d adl\u0131 eseriyle bizi bu nez\u00e2ket ve g\u00fczellikleri hat\u0131rlamaya davet ediyor. Kelimelerin k\u00f6ken ve de\u011fi\u015fim maceralar\u0131ndan do\u011fru tel\u00e2ffuzlar\u0131na, diksiyon kurallar\u0131ndan edeb\u00ee dil ve \u00fcsl\u00fbba uzanan bir yolculu\u011fa \u00e7\u0131kar\u0131yor.\u201c\u0130stanbul T\u00fcrk\u00e7esi\u201d sadece kelimelerin de\u011fil; onlar\u0131n ard\u0131ndaki terbiyenin, ahl\u00e2k\u0131n ve medeniyetin hik\u00e2yesini anlat\u0131yor.<\/p>\n","protected":false},"excerpt":{"rendered":"<p>Bir zamanlar s\u00f6zlerimiz de \u0130stanbul gibiydi; zarif, \u00f6l\u00e7\u00fcl\u00fc, \u00e2henkli\u2026Ne s\u00f6ylendi\u011fi kadar nas\u0131l s\u00f6ylendi\u011fi \u00f6nemliydi ve insan\u0131m\u0131z g\u00fczel konu\u015fmay\u0131 bildi\u011fi gibi g\u00fczel dinlemeyi de bilirdi. Kimsenin kimseyi,<span class=\"excerpt-hellip\"> [\u2026]<\/span><\/p>\n","protected":false},"featured_media":0,"template":"","meta":{"_monsterinsights_skip_tracking":false,"_monsterinsights_sitenote_active":false,"_monsterinsights_sitenote_note":"","_monsterinsights_sitenote_category":0},"product_brand":[],"product_cat":[12370,12304],"product_tag":[],"class_list":{"0":"post-778629","1":"product","2":"type-product","3":"status-publish","5":"product_cat-arastirma-inceleme","6":"product_cat-tarih","7":"pa_cilt-ciltsiz","8":"pa_tur-kitap","9":"pa_yayinevi-dogan-kitap","10":"pa_yazar-reyhan-cinar","12":"first","13":"instock","14":"sale","15":"shipping-taxable","16":"purchasable","17":"product-type-simple"},"_links":{"self":[{"href":"https:\/\/roveyayinevi.com.tr\/index.php\/wp-json\/wp\/v2\/product\/778629","targetHints":{"allow":["GET"]}}],"collection":[{"href":"https:\/\/roveyayinevi.com.tr\/index.php\/wp-json\/wp\/v2\/product"}],"about":[{"href":"https:\/\/roveyayinevi.com.tr\/index.php\/wp-json\/wp\/v2\/types\/product"}],"wp:attachment":[{"href":"https:\/\/roveyayinevi.com.tr\/index.php\/wp-json\/wp\/v2\/media?parent=778629"}],"wp:term":[{"taxonomy":"product_brand","embeddable":true,"href":"https:\/\/roveyayinevi.com.tr\/index.php\/wp-json\/wp\/v2\/product_brand?post=778629"},{"taxonomy":"product_cat","embeddable":true,"href":"https:\/\/roveyayinevi.com.tr\/index.php\/wp-json\/wp\/v2\/product_cat?post=778629"},{"taxonomy":"product_tag","embeddable":true,"href":"https:\/\/roveyayinevi.com.tr\/index.php\/wp-json\/wp\/v2\/product_tag?post=778629"}],"curies":[{"name":"wp","href":"https:\/\/api.w.org\/{rel}","templated":true}]}}