{"id":778628,"date":"2025-11-20T00:23:58","date_gmt":"2025-11-19T21:23:58","guid":{"rendered":"https:\/\/roveyayinevi.com.tr\/index.php\/urun\/kazazedeler\/"},"modified":"2026-04-15T03:43:47","modified_gmt":"2026-04-15T00:43:47","slug":"kazazedeler","status":"publish","type":"product","link":"https:\/\/roveyayinevi.com.tr\/index.php\/urun\/kazazedeler\/","title":{"rendered":"Kazazedeler"},"content":{"rendered":"<p>Kazazedeler, Alejandra ile Julio\u2019nun kesi\u015fen yollar\u0131nda, hayallerin, a\u015fk\u0131n ve belirsizli\u011fin i\u00e7 i\u00e7e ge\u00e7ti\u011fi bir hik\u00e2yeyi anlat\u0131yor. \u0130ki b\u00fcy\u00fck \u015fehrin canl\u0131, nefes alan atmosferi bu karma\u015f\u0131k ili\u015fkinin arka plan\u0131n\u0131 olu\u015ftururken, Alejandra ve Julio\u2019nun birbirlerine duyduklar\u0131 \u00e7ekim i\u015f, aile ve hayat\u0131n y\u00f6nlendirmeleriyle s\u00fcrekli s\u0131nan\u0131yor.   Birbirlerinin hayatlar\u0131na girip \u00e7\u0131kan bu iki insan, \u00f6nce hislerini ink\u00e2r ediyor, sonunda sevmeye haz\u0131r olduklar\u0131nda ise f\u0131rsat\u0131n \u00e7oktan ellerinden kay\u0131p gitti\u011fini fark ediyorlar.   Laura P\u00e9rez ve Pablo Monforte\u2019nin imzas\u0131n\u0131 ta\u015f\u0131yan bu dokunakl\u0131, derinlikli grafik roman; olgunluk, sorumluluk ve insani ili\u015fkiler \u00fczerine \u00e7arp\u0131c\u0131 bir meditasyon niteli\u011finde. <\/p>\n","protected":false},"excerpt":{"rendered":"<p>Kazazedeler, Alejandra ile Julio\u2019nun kesi\u015fen yollar\u0131nda, hayallerin, a\u015fk\u0131n ve belirsizli\u011fin i\u00e7 i\u00e7e ge\u00e7ti\u011fi bir hik\u00e2yeyi anlat\u0131yor. \u0130ki b\u00fcy\u00fck \u015fehrin canl\u0131, nefes alan atmosferi bu karma\u015f\u0131k ili\u015fkinin<span class=\"excerpt-hellip\"> [\u2026]<\/span><\/p>\n","protected":false},"featured_media":0,"template":"","meta":{"_monsterinsights_skip_tracking":false,"_monsterinsights_sitenote_active":false,"_monsterinsights_sitenote_note":"","_monsterinsights_sitenote_category":0},"product_brand":[],"product_cat":[12416,12291],"product_tag":[],"class_list":{"0":"post-778628","1":"product","2":"type-product","3":"status-publish","5":"product_cat-cizgi-roman","6":"product_cat-edebiyat","7":"pa_cilt-ciltsiz","8":"pa_tur-kitap","9":"pa_yayinevi-kara-karga-yayinlari","10":"pa_yazar-laura-perez-pablo-monforte","12":"first","13":"instock","14":"sale","15":"shipping-taxable","16":"purchasable","17":"product-type-simple"},"_links":{"self":[{"href":"https:\/\/roveyayinevi.com.tr\/index.php\/wp-json\/wp\/v2\/product\/778628","targetHints":{"allow":["GET"]}}],"collection":[{"href":"https:\/\/roveyayinevi.com.tr\/index.php\/wp-json\/wp\/v2\/product"}],"about":[{"href":"https:\/\/roveyayinevi.com.tr\/index.php\/wp-json\/wp\/v2\/types\/product"}],"wp:attachment":[{"href":"https:\/\/roveyayinevi.com.tr\/index.php\/wp-json\/wp\/v2\/media?parent=778628"}],"wp:term":[{"taxonomy":"product_brand","embeddable":true,"href":"https:\/\/roveyayinevi.com.tr\/index.php\/wp-json\/wp\/v2\/product_brand?post=778628"},{"taxonomy":"product_cat","embeddable":true,"href":"https:\/\/roveyayinevi.com.tr\/index.php\/wp-json\/wp\/v2\/product_cat?post=778628"},{"taxonomy":"product_tag","embeddable":true,"href":"https:\/\/roveyayinevi.com.tr\/index.php\/wp-json\/wp\/v2\/product_tag?post=778628"}],"curies":[{"name":"wp","href":"https:\/\/api.w.org\/{rel}","templated":true}]}}