{"id":778627,"date":"2025-11-20T00:23:57","date_gmt":"2025-11-19T21:23:57","guid":{"rendered":"https:\/\/roveyayinevi.com.tr\/index.php\/urun\/lemuryanin-cocuklari\/"},"modified":"2026-04-15T03:43:47","modified_gmt":"2026-04-15T00:43:47","slug":"lemuryanin-cocuklari","status":"publish","type":"product","link":"https:\/\/roveyayinevi.com.tr\/index.php\/urun\/lemuryanin-cocuklari\/","title":{"rendered":"Lemurya\u2019n\u0131n \u00c7ocuklar\u0131"},"content":{"rendered":"<p>Sava\u015f meydanlar\u0131 g\u00f6r\u00fcnmez art\u0131k ama m\u00fccadele bilincin katmanlar\u0131nda s\u00fcr\u00fcyor. Sekiz k\u00f6\u015feli y\u0131ld\u0131z g\u00f6ky\u00fcz\u00fcnden de\u011fil, i\u00e7imizden do\u011fuyor. Bu kitap, bilgi vermek i\u00e7in yaz\u0131lmad\u0131. Bu kitap bir rehber de\u011fil, bir \u00e7a\u011fr\u0131. Ne \u00f6\u011fretmek i\u00e7in burada ne de ikna etmek i\u00e7in. Bu kitap, seni sana hat\u0131rlatmak i\u00e7in yaz\u0131ld\u0131. Lemurya, fiziksel bir k\u0131ta de\u011fil, bir bilin\u00e7 d\u00fczeyidir. Ve sen o bilin\u00e7ten geliyorsun. Seninle birlikte gelen bilgi, uzun bir yolculuktan sonra \u015fimdi yeniden aktive edilmeye haz\u0131r. Burada okudu\u011fun her c\u00fcmle, sadece anlam ta\u015f\u0131maz. Ayn\u0131 zamanda bir frekans kodudur. Baz\u0131 c\u00fcmleleri okudu\u011funda neden g\u00f6zlerinin doldu\u011funu, neden bo\u011faz\u0131nda bir d\u00fc\u011f\u00fcm hissetti\u011fini, neden bir sat\u0131rda nefesinin de\u011fi\u015fti\u011fini bilmiyor olabilirsin. \u00c7\u00fcnk\u00fc bu tepkiler, zihinsel de\u011fil frekanssal d\u00fczeyde ya\u015fan\u0131r. Bu kitap, g\u00f6z\u00fcnle de\u011fil, kalbinle okudu\u011funda a\u00e7\u0131l\u0131r.   Her sayfa bir anahtard\u0131r. Her ba\u015fl\u0131k bir ge\u00e7ittir. Ve her ge\u00e7it, seni \u00f6z\u00fcne yakla\u015ft\u0131r\u0131r. Bug\u00fcn yaz\u0131lm\u0131\u015f gibi g\u00f6r\u00fcnse de, bu kitap asl\u0131nda zamanlar \u00f6tesinden gelen bir hat\u0131rlatma protokol\u00fcd\u00fcr.   Senin kodlar\u0131n\u0131n i\u00e7inde kay\u0131tl\u0131 olan\u0131, yeniden g\u00f6r\u00fcn\u00fcr k\u0131lmak i\u00e7in&#8230; <\/p>\n","protected":false},"excerpt":{"rendered":"<p>Sava\u015f meydanlar\u0131 g\u00f6r\u00fcnmez art\u0131k ama m\u00fccadele bilincin katmanlar\u0131nda s\u00fcr\u00fcyor. Sekiz k\u00f6\u015feli y\u0131ld\u0131z g\u00f6ky\u00fcz\u00fcnden de\u011fil, i\u00e7imizden do\u011fuyor. Bu kitap, bilgi vermek i\u00e7in yaz\u0131lmad\u0131. Bu kitap bir rehber<span class=\"excerpt-hellip\"> [\u2026]<\/span><\/p>\n","protected":false},"featured_media":0,"template":"","meta":{"_monsterinsights_skip_tracking":false,"_monsterinsights_sitenote_active":false,"_monsterinsights_sitenote_note":"","_monsterinsights_sitenote_category":0},"product_brand":[],"product_cat":[12364,16154],"product_tag":[],"class_list":{"0":"post-778627","1":"product","2":"type-product","3":"status-publish","5":"product_cat-genel-konular","6":"product_cat-parapsikoloji","7":"pa_cilt-ciltsiz","8":"pa_tur-kitap","9":"pa_yayinevi-destek-yayinlari","10":"pa_yazar-mukaddes-pekin-basdil","12":"first","13":"instock","14":"sale","15":"shipping-taxable","16":"purchasable","17":"product-type-simple"},"_links":{"self":[{"href":"https:\/\/roveyayinevi.com.tr\/index.php\/wp-json\/wp\/v2\/product\/778627","targetHints":{"allow":["GET"]}}],"collection":[{"href":"https:\/\/roveyayinevi.com.tr\/index.php\/wp-json\/wp\/v2\/product"}],"about":[{"href":"https:\/\/roveyayinevi.com.tr\/index.php\/wp-json\/wp\/v2\/types\/product"}],"wp:attachment":[{"href":"https:\/\/roveyayinevi.com.tr\/index.php\/wp-json\/wp\/v2\/media?parent=778627"}],"wp:term":[{"taxonomy":"product_brand","embeddable":true,"href":"https:\/\/roveyayinevi.com.tr\/index.php\/wp-json\/wp\/v2\/product_brand?post=778627"},{"taxonomy":"product_cat","embeddable":true,"href":"https:\/\/roveyayinevi.com.tr\/index.php\/wp-json\/wp\/v2\/product_cat?post=778627"},{"taxonomy":"product_tag","embeddable":true,"href":"https:\/\/roveyayinevi.com.tr\/index.php\/wp-json\/wp\/v2\/product_tag?post=778627"}],"curies":[{"name":"wp","href":"https:\/\/api.w.org\/{rel}","templated":true}]}}