{"id":778625,"date":"2025-11-20T00:23:50","date_gmt":"2025-11-19T21:23:50","guid":{"rendered":"https:\/\/roveyayinevi.com.tr\/index.php\/urun\/eleceed-2\/"},"modified":"2026-04-15T03:43:47","modified_gmt":"2026-04-15T00:43:47","slug":"eleceed-2","status":"publish","type":"product","link":"https:\/\/roveyayinevi.com.tr\/index.php\/urun\/eleceed-2\/","title":{"rendered":"Eleceed 2"},"content":{"rendered":"<p>KADER, KORKUSUZCA KO\u015eANLARI SE\u00c7ER!   Jiwoo Seo, h\u0131z\u0131n\u0131 kontrol etmeyi \u00f6\u011frenirken d\u00f6n\u00fc\u015f\u00fc olmayan bir yolculu\u011fa ad\u0131m atm\u0131\u015f olur. Kayden\u2019in rehberli\u011finde yapt\u0131\u011f\u0131 antrenmanlar sayesinde hem g\u00fcc\u00fcn\u00fc hem de d\u00f6v\u00fc\u015f becerilerini \u00fcst seviyeye ta\u015f\u0131r. \u201cUyanm\u0131\u015f\u201dlar\u0131n \u00f6n\u00fcnde yeteneklerini kan\u0131tlar, ger\u00e7ek k\u00f6t\u00fcl\u00fckle m\u00fccadeleye haz\u0131rd\u0131r art\u0131k! Her hamle Jiwoo\u2019yu tehlikeye s\u00fcr\u00fcklerken onu bir kahraman olma yolunda ilerletir. Adalet ve merhametle dolu kalbi, g\u00fcc\u00fcyle birle\u015fti\u011finde d\u00fc\u015fmanlar\u0131n korkulu r\u00fcyas\u0131 olacak m\u0131d\u0131r? Kayden\u2019in \u00f6\u011fretileri sayesinde Jiwoo i\u00e7in yepyeni bir hik\u00e2yenin kap\u0131lar\u0131 a\u00e7\u0131l\u0131r\u2026 <\/p>\n","protected":false},"excerpt":{"rendered":"<p>KADER, KORKUSUZCA KO\u015eANLARI SE\u00c7ER! Jiwoo Seo, h\u0131z\u0131n\u0131 kontrol etmeyi \u00f6\u011frenirken d\u00f6n\u00fc\u015f\u00fc olmayan bir yolculu\u011fa ad\u0131m atm\u0131\u015f olur. Kayden\u2019in rehberli\u011finde yapt\u0131\u011f\u0131 antrenmanlar sayesinde hem g\u00fcc\u00fcn\u00fc hem de<span class=\"excerpt-hellip\"> [\u2026]<\/span><\/p>\n","protected":false},"featured_media":0,"template":"","meta":{"_monsterinsights_skip_tracking":false,"_monsterinsights_sitenote_active":false,"_monsterinsights_sitenote_note":"","_monsterinsights_sitenote_category":0},"product_brand":[],"product_cat":[12416,12291],"product_tag":[],"class_list":{"0":"post-778625","1":"product","2":"type-product","3":"status-publish","5":"product_cat-cizgi-roman","6":"product_cat-edebiyat","7":"pa_cilt-ciltsiz","8":"pa_tur-kitap","9":"pa_yayinevi-athica-yayinlari","10":"pa_yazar-jeho-son","12":"first","13":"instock","14":"sale","15":"shipping-taxable","16":"purchasable","17":"product-type-simple"},"_links":{"self":[{"href":"https:\/\/roveyayinevi.com.tr\/index.php\/wp-json\/wp\/v2\/product\/778625","targetHints":{"allow":["GET"]}}],"collection":[{"href":"https:\/\/roveyayinevi.com.tr\/index.php\/wp-json\/wp\/v2\/product"}],"about":[{"href":"https:\/\/roveyayinevi.com.tr\/index.php\/wp-json\/wp\/v2\/types\/product"}],"wp:attachment":[{"href":"https:\/\/roveyayinevi.com.tr\/index.php\/wp-json\/wp\/v2\/media?parent=778625"}],"wp:term":[{"taxonomy":"product_brand","embeddable":true,"href":"https:\/\/roveyayinevi.com.tr\/index.php\/wp-json\/wp\/v2\/product_brand?post=778625"},{"taxonomy":"product_cat","embeddable":true,"href":"https:\/\/roveyayinevi.com.tr\/index.php\/wp-json\/wp\/v2\/product_cat?post=778625"},{"taxonomy":"product_tag","embeddable":true,"href":"https:\/\/roveyayinevi.com.tr\/index.php\/wp-json\/wp\/v2\/product_tag?post=778625"}],"curies":[{"name":"wp","href":"https:\/\/api.w.org\/{rel}","templated":true}]}}