{"id":778624,"date":"2025-11-20T00:23:48","date_gmt":"2025-11-19T21:23:48","guid":{"rendered":"https:\/\/roveyayinevi.com.tr\/index.php\/urun\/cambridge-turkiye-tarihi-kutulu-set\/"},"modified":"2026-04-15T03:43:47","modified_gmt":"2026-04-15T00:43:47","slug":"cambridge-turkiye-tarihi-kutulu-set","status":"publish","type":"product","link":"https:\/\/roveyayinevi.com.tr\/index.php\/urun\/cambridge-turkiye-tarihi-kutulu-set\/","title":{"rendered":"Cambridge T\u00fcrkiye Tarihi Kutulu Set"},"content":{"rendered":"<p>Cambridge T\u00fcrkiye Tarihi\u2019nin, modernle\u015fme \u00e7abas\u0131 kimileyin toplum taraf\u0131ndan kabul g\u00f6rm\u00fc\u015f kimileyinse geri tepmi\u015f yeni bir T\u00fcrkiye\u2019yi (1839-2010) ele alan bu son cildinde, modern T\u00fcrkiye \u00fczerine \u00f6nemli \u00e7al\u0131\u015fmalar y\u00fcr\u00fctm\u00fc\u015f akademisyenler, \u201cT\u00fcrki modernle\u015fmenin\u201d s\u00f6z konusu iki ve\u00e7hesi aras\u0131ndaki ili\u015fkiye odaklan\u0131yor. Tanzimat\u2019\u0131n ilan\u0131yla ba\u015flay\u0131p en b\u00fcy\u00fck s\u0131\u00e7rama ve k\u0131r\u0131lmay\u0131 Cumhuriyet\u2019le ya\u015fayan bu yeni d\u00f6neme Me\u015frutiyetler, J\u00f6n T\u00fcrkler, Kurtulu\u015f Sava\u015f\u0131, Atat\u00fcrk\u2019\u00fcn cumhuriyeti, K\u00fcrt isyanlar\u0131, kad\u0131n m\u00fccadeleleri, \u0130slamc\u0131l\u0131\u011f\u0131n y\u00fckseli\u015fi gibi olgular damga vuracakt\u0131r. Bu \u00e7al\u0131\u015fmada ayr\u0131ca esas meselelerle ilintili olarak sanat, mimari ve edebiyat da ele al\u0131n\u0131yor. \u201cBu kitapta modern T\u00fcrkiye tarihi sahas\u0131n\u0131n en g\u00fczide akademisyenleri bir araya geliyor.\u201d \u2013American Reference Books Annual \u201cBu \u00e7al\u0131\u015fma, modern T\u00fcrkiye\u2019ye hasredilmi\u015f \u00e7al\u0131\u015fmalar s\u00f6z konusu oldu\u011funda b\u00fcy\u00fck bir ad\u0131ma kar\u015f\u0131l\u0131k geliyor.\u201d \u2013World History Bulletin <\/p>\n","protected":false},"excerpt":{"rendered":"<p>Cambridge T\u00fcrkiye Tarihi\u2019nin, modernle\u015fme \u00e7abas\u0131 kimileyin toplum taraf\u0131ndan kabul g\u00f6rm\u00fc\u015f kimileyinse geri tepmi\u015f yeni bir T\u00fcrkiye\u2019yi (1839-2010) ele alan bu son cildinde, modern T\u00fcrkiye \u00fczerine \u00f6nemli<span class=\"excerpt-hellip\"> [\u2026]<\/span><\/p>\n","protected":false},"featured_media":0,"template":"","meta":{"_monsterinsights_skip_tracking":false,"_monsterinsights_sitenote_active":false,"_monsterinsights_sitenote_note":"","_monsterinsights_sitenote_category":0},"product_brand":[],"product_cat":[12370,12304],"product_tag":[],"class_list":{"0":"post-778624","1":"product","2":"type-product","3":"status-publish","5":"product_cat-arastirma-inceleme","6":"product_cat-tarih","7":"pa_cilt-ciltli","8":"pa_tur-kitap","9":"pa_yayinevi-alfa-yayinlari","10":"pa_yazar-kolektif","12":"first","13":"instock","14":"sale","15":"shipping-taxable","16":"purchasable","17":"product-type-simple"},"_links":{"self":[{"href":"https:\/\/roveyayinevi.com.tr\/index.php\/wp-json\/wp\/v2\/product\/778624","targetHints":{"allow":["GET"]}}],"collection":[{"href":"https:\/\/roveyayinevi.com.tr\/index.php\/wp-json\/wp\/v2\/product"}],"about":[{"href":"https:\/\/roveyayinevi.com.tr\/index.php\/wp-json\/wp\/v2\/types\/product"}],"wp:attachment":[{"href":"https:\/\/roveyayinevi.com.tr\/index.php\/wp-json\/wp\/v2\/media?parent=778624"}],"wp:term":[{"taxonomy":"product_brand","embeddable":true,"href":"https:\/\/roveyayinevi.com.tr\/index.php\/wp-json\/wp\/v2\/product_brand?post=778624"},{"taxonomy":"product_cat","embeddable":true,"href":"https:\/\/roveyayinevi.com.tr\/index.php\/wp-json\/wp\/v2\/product_cat?post=778624"},{"taxonomy":"product_tag","embeddable":true,"href":"https:\/\/roveyayinevi.com.tr\/index.php\/wp-json\/wp\/v2\/product_tag?post=778624"}],"curies":[{"name":"wp","href":"https:\/\/api.w.org\/{rel}","templated":true}]}}