{"id":778622,"date":"2025-11-20T00:23:34","date_gmt":"2025-11-19T21:23:34","guid":{"rendered":"https:\/\/roveyayinevi.com.tr\/index.php\/urun\/benim-aklima-cocuklugum-geldi\/"},"modified":"2026-04-13T03:39:07","modified_gmt":"2026-04-13T00:39:07","slug":"benim-aklima-cocuklugum-geldi","status":"publish","type":"product","link":"https:\/\/roveyayinevi.com.tr\/index.php\/urun\/benim-aklima-cocuklugum-geldi\/","title":{"rendered":"Benim Akl\u0131ma \u00c7ocuklu\u011fum Geldi"},"content":{"rendered":"<p>B\u0130ZLER G\u00dcZEL \u00c7OCUKLARDIK HEY G\u0130D\u0130 G\u00dcNLER D\u0130YEN KA\u00c7 K\u0130\u015e\u0130Y\u0130Z? Bizler g\u00fczel \u00e7ocuklard\u0131k. \u00c7ok zor da olsa o d\u00f6nemde hayat\u0131n bir anlam\u0131 vard\u0131 ve bunu bilmesek bile hissederdik. Bizim i\u00e7in yazl\u0131k da, k\u0131\u015fl\u0131k da, tatil k\u00f6y\u00fc de mahallemizdi. S\u0131caktan kavrulsak yaz\u0131, so\u011fuktan donsak da k\u0131\u015f\u0131 da ayn\u0131 derecede severdik. Anne, baba, abla, abi, karde\u015f, arkada\u015f, konu kom\u015fu g\u00fczel g\u00fczel ge\u00e7inip giderdik. Bizler g\u00fczel \u00e7ocuklard\u0131k. Yeni nesil \u00e7ok \u015fey kaybetti; hem de \u00e7ok \u015fey!.. Belki top veya ayakkab\u0131 alacak param\u0131z yoktu ama \u00e7ok daha huzurlu, \u00e7ok daha ne\u015feli, \u00e7ok daha g\u00fcler y\u00fczl\u00fc, \u00e7ok daha insand\u0131k, ne istedi\u011fini bilen bilene. Teknoloji yok \u0130nternet yok Televizyon yok (Olsa bile TV\u2019de bir \u015fey yok, tek kanal) Cep telefonu yok Gen\u00e7ler soruyor: \u201cBunlar\u0131n hi\u00e7biri yok, siz daha \u00f6nce nas\u0131l ya\u015fad\u0131n\u0131z?\u201d Bizim cevab\u0131m\u0131z: \u201c\u00c7ok g\u00fczel ya\u015fad\u0131k, sizin neslin bug\u00fcn ya\u015fad\u0131\u011f\u0131 gibi de\u011fil, ger\u00e7ekten \u00e7ocuklu\u011fumuzu doyas\u0131ya ya\u015fad\u0131k.\u201d Ne g\u00fczel g\u00fcnlerdi de\u011fil mi? Ne oldu bize? Biz ne ara b\u00f6yle olduk? Hayat\u0131m\u0131zda \u00f6nemli olan her \u015feyi, geleneklerimizi, de\u011ferlerimizi, dostlu\u011fu, kom\u015fulu\u011fu, arkada\u015fl\u0131\u011f\u0131, maddi \u00e7\u0131karlar\u0131m\u0131za ve teknolojiye teslim ettik. <\/p>\n","protected":false},"excerpt":{"rendered":"<p>B\u0130ZLER G\u00dcZEL \u00c7OCUKLARDIK HEY G\u0130D\u0130 G\u00dcNLER D\u0130YEN KA\u00c7 K\u0130\u015e\u0130Y\u0130Z? Bizler g\u00fczel \u00e7ocuklard\u0131k. \u00c7ok zor da olsa o d\u00f6nemde hayat\u0131n bir anlam\u0131 vard\u0131 ve bunu bilmesek bile<span class=\"excerpt-hellip\"> [\u2026]<\/span><\/p>\n","protected":false},"featured_media":0,"template":"","meta":{"_monsterinsights_skip_tracking":false,"_monsterinsights_sitenote_active":false,"_monsterinsights_sitenote_note":"","_monsterinsights_sitenote_category":0},"product_brand":[],"product_cat":[12777,12291],"product_tag":[],"class_list":{"0":"post-778622","1":"product","2":"type-product","3":"status-publish","5":"product_cat-deneme","6":"product_cat-edebiyat","7":"pa_cilt-ciltsiz","8":"pa_tur-kitap","9":"pa_yayinevi-zet-yayinlari","10":"pa_yazar-metin-ademir","12":"first","13":"instock","14":"sale","15":"shipping-taxable","16":"purchasable","17":"product-type-simple"},"_links":{"self":[{"href":"https:\/\/roveyayinevi.com.tr\/index.php\/wp-json\/wp\/v2\/product\/778622","targetHints":{"allow":["GET"]}}],"collection":[{"href":"https:\/\/roveyayinevi.com.tr\/index.php\/wp-json\/wp\/v2\/product"}],"about":[{"href":"https:\/\/roveyayinevi.com.tr\/index.php\/wp-json\/wp\/v2\/types\/product"}],"wp:attachment":[{"href":"https:\/\/roveyayinevi.com.tr\/index.php\/wp-json\/wp\/v2\/media?parent=778622"}],"wp:term":[{"taxonomy":"product_brand","embeddable":true,"href":"https:\/\/roveyayinevi.com.tr\/index.php\/wp-json\/wp\/v2\/product_brand?post=778622"},{"taxonomy":"product_cat","embeddable":true,"href":"https:\/\/roveyayinevi.com.tr\/index.php\/wp-json\/wp\/v2\/product_cat?post=778622"},{"taxonomy":"product_tag","embeddable":true,"href":"https:\/\/roveyayinevi.com.tr\/index.php\/wp-json\/wp\/v2\/product_tag?post=778622"}],"curies":[{"name":"wp","href":"https:\/\/api.w.org\/{rel}","templated":true}]}}