{"id":778619,"date":"2025-11-20T00:23:25","date_gmt":"2025-11-19T21:23:25","guid":{"rendered":"https:\/\/roveyayinevi.com.tr\/index.php\/urun\/ya-hic-karsilasmasaydik-2\/"},"modified":"2026-02-03T03:42:45","modified_gmt":"2026-02-03T00:42:45","slug":"ya-hic-karsilasmasaydik-2","status":"publish","type":"product","link":"https:\/\/roveyayinevi.com.tr\/index.php\/urun\/ya-hic-karsilasmasaydik-2\/","title":{"rendered":"Ya Hi\u00e7 Kar\u015f\u0131la\u015fmasayd\u0131k"},"content":{"rendered":"<p>\u201cKar\u015f\u0131la\u015fmalardan muazzam hik\u00e2yeler \u00e7\u0131kar ama yeniden kar\u015f\u0131la\u015fmalardan hep uzun yol hik\u00e2yeleri \u00e7\u0131k\u0131yor.\u201d   Ya Hi\u00e7 Kar\u015f\u0131la\u015fmasayd\u0131k klinik psikolog ve yazar Tu\u011f\u00e7e Is\u0131yel\u2019den insan\u0131n \u201challeri\u201d \u00fczerine yaz\u0131lm\u0131\u015f bir denemeler toplam\u0131. Yeni yaz\u0131larla zenginle\u015ftirilmi\u015f bu bas\u0131m\u0131nda yine varolu\u015fun s\u00fcreklili\u011fi ve de\u011fi\u015fkenli\u011fi \u00fczerine d\u00fc\u015f\u00fcn\u00fcyor; zihnin patikalar\u0131nda belirenleri capcanl\u0131 metaforlar e\u015fli\u011finde okuruna aktar\u0131yor. Psikanalizden sinemaya, mimariden anne yemeklerine uzanan bir yelpazede \u201ckaybolmay\u0131, bulmay\u0131, b\u0131rakabilmeyi\u201d ve pek \u00e7ok halimizi bamba\u015fka g\u00f6zlerle g\u00f6rmeye te\u015fvik ediyor. Denemeleriyle 2023\u2019te Vedat G\u00fcnyol J\u00fcri \u00d6zel \u00d6d\u00fcl\u00fc alan Is\u0131yel tekrar soruyor: Ya Hi\u00e7 Kar\u015f\u0131la\u015fmasayd\u0131k?   \u201cHi\u00e7 bitmez,\u201d dedi\u011fin \u015feyleri bitireceksin, hayat\u0131ndan hi\u00e7 \u00e7\u0131karmayaca\u011f\u0131n\u0131 sand\u0131\u011f\u0131n insanlarla bir \u00f6m\u00fcr girecek arana; \u201cA\u00e7mam!\u201d dedi\u011fin kap\u0131lardan gireceksin, \u201cKapatmam!\u201d dedi\u011fin pencerelere duvarlar \u00f6receksin. \u00c7\u00fcnk\u00fc ihtiya\u00e7lar\u0131n, \u00f6nceliklerin de\u011fi\u015fecek; sen de\u011fi\u015feceksin. Al\u0131\u015facaks\u0131n. Bir sonraki de\u011fi\u015fim emrine kadar&#8230;<\/p>\n","protected":false},"excerpt":{"rendered":"<p>\u201cKar\u015f\u0131la\u015fmalardan muazzam hik\u00e2yeler \u00e7\u0131kar ama yeniden kar\u015f\u0131la\u015fmalardan hep uzun yol hik\u00e2yeleri \u00e7\u0131k\u0131yor.\u201d Ya Hi\u00e7 Kar\u015f\u0131la\u015fmasayd\u0131k klinik psikolog ve yazar Tu\u011f\u00e7e Is\u0131yel\u2019den insan\u0131n \u201challeri\u201d \u00fczerine yaz\u0131lm\u0131\u015f bir<span class=\"excerpt-hellip\"> [\u2026]<\/span><\/p>\n","protected":false},"featured_media":0,"template":"","meta":{"_monsterinsights_skip_tracking":false,"_monsterinsights_sitenote_active":false,"_monsterinsights_sitenote_note":"","_monsterinsights_sitenote_category":0},"product_brand":[],"product_cat":[12777,12291],"product_tag":[],"class_list":{"0":"post-778619","1":"product","2":"type-product","3":"status-publish","5":"product_cat-deneme","6":"product_cat-edebiyat","7":"pa_cilt-ciltsiz","8":"pa_tur-kitap","9":"pa_yayinevi-everest-yayinlari","10":"pa_yazar-tugce-isiyel","12":"first","13":"instock","14":"sale","15":"shipping-taxable","16":"purchasable","17":"product-type-simple"},"_links":{"self":[{"href":"https:\/\/roveyayinevi.com.tr\/index.php\/wp-json\/wp\/v2\/product\/778619","targetHints":{"allow":["GET"]}}],"collection":[{"href":"https:\/\/roveyayinevi.com.tr\/index.php\/wp-json\/wp\/v2\/product"}],"about":[{"href":"https:\/\/roveyayinevi.com.tr\/index.php\/wp-json\/wp\/v2\/types\/product"}],"wp:attachment":[{"href":"https:\/\/roveyayinevi.com.tr\/index.php\/wp-json\/wp\/v2\/media?parent=778619"}],"wp:term":[{"taxonomy":"product_brand","embeddable":true,"href":"https:\/\/roveyayinevi.com.tr\/index.php\/wp-json\/wp\/v2\/product_brand?post=778619"},{"taxonomy":"product_cat","embeddable":true,"href":"https:\/\/roveyayinevi.com.tr\/index.php\/wp-json\/wp\/v2\/product_cat?post=778619"},{"taxonomy":"product_tag","embeddable":true,"href":"https:\/\/roveyayinevi.com.tr\/index.php\/wp-json\/wp\/v2\/product_tag?post=778619"}],"curies":[{"name":"wp","href":"https:\/\/api.w.org\/{rel}","templated":true}]}}