{"id":778616,"date":"2025-11-20T00:23:17","date_gmt":"2025-11-19T21:23:17","guid":{"rendered":"https:\/\/roveyayinevi.com.tr\/index.php\/urun\/dunden-bugune-kirklareli-tarih-2-cilt\/"},"modified":"2025-11-21T12:15:04","modified_gmt":"2025-11-21T09:15:04","slug":"dunden-bugune-kirklareli-tarih-2-cilt","status":"publish","type":"product","link":"https:\/\/roveyayinevi.com.tr\/index.php\/urun\/dunden-bugune-kirklareli-tarih-2-cilt\/","title":{"rendered":"D\u00fcnden Bug\u00fcne K\u0131rklareli (Tarih) 2. Cilt"},"content":{"rendered":"<p>\u0130\u00e7indekiler :   \u00b7         Roma D\u00f6nemi Kuzey Yolu\u2019nun K\u0131rklareli ile Vize Aras\u0131ndaki G\u00fczerg\u00e2h\u0131 \u00dczerine Bir De\u011ferlendirme   \u00b7         1787-1792 Osmanl\u0131-Avusturya, Rusya Sava\u015flar\u0131\u2019nda K\u0131rkkilise\u2019nin (K\u0131rklareli) Lojistik Deste\u011fi   \u00b7         K\u0131r\u0131m ve 1877-1878 Osmanl\u0131-Rus Sava\u015flar\u0131ndan Sonra K\u0131rklareli\u2019ne Yap\u0131lan G\u00f6\u00e7ler: Muhacirlerin \u0130sk\u00e2n\u0131   \u00b7         19. Y\u00fczy\u0131l Ortalar\u0131nda Istrancalar\u2019da Sosyal ve Ekonomik Yap\u0131: Temettuat Defterlerine G\u00f6re Korfakul\u00fcbe, Ayastefanos ve Pula\u00e7a K\u00f6yleri   \u00b7         K\u0131rklareli ve \u00c7evresinde 1877-1878 Osmanl\u0131-Rus Sava\u015f\u0131 Sonras\u0131 Kurulan G\u00f6\u00e7men K\u00f6ylerinde \u0130n\u015fa Edilen Mektepli Camiler   \u00b7         Ahmed Cevdet Pa\u015fa\u2019n\u0131n Rumeli ile \u0130li\u015fkisi \u00dczerine Bir De\u011ferlendirme         \u00b7         Bir D\u00fc\u015f\u00fcn\u00fcr ve E\u011fitimci Olarak Emrullah Efendi   \u00b7         K\u0131rklareli\u2019ne Ba\u011fl\u0131 Vize Kaz\u00e2s\u0131ndaki Bulgarlar\u0131n E\u015fk\u0131yal\u0131k Faaliyetleri: Kaymakaml\u0131k Telgraflar\u0131 \u00dczerine Bir \u0130nceleme (1903)   \u00b7         II. Balkan Sava\u015f\u0131 Sonucunda K\u0131rklareli\u2019nin T\u00fcrk Hakimiyetine Ge\u00e7mesi ve T\u00fcrk \u0130daresinin Kurulmas\u0131   \u00b7         Trakya Fedailerinin K\u0131rklareli ve \u00c7evresindeki Faaliyetleri (1920-1922)   \u00b7         K\u0131rklareli\u2019nin Yunan \u0130\u015fgalinden Kurtulu\u015fu ve TBMM H\u00fck\u00fcmeti \u0130daresine Girmesi   \u00b7         M\u00fcbadele \u00d6ncesi ve Sonras\u0131 K\u0131rklareli   \u00b7         Cumhuriyet Tarihinde K\u0131rklareli\u2019nin Temsiline \u00d6nemli Bir \u00d6rnek: Doktor Fuad Umay Bey ve 1928 Himaye-i Etfal Kongresi   \u00b7         K\u0131rklareli Bas\u0131n Hayat\u0131ndan \u0130zler   \u00b7         Trakya Umumi M\u00fcfetti\u015fli\u011fi\u2019nin Pehlivank\u00f6y\u2019e Y\u00f6nelik Faaliyetleri   \u00b7         Tek Parti D\u00f6nemi K\u0131rklareli Spor Tarihi \u00dczerine Bir Deneme   \u00b7         Cumhuriyet Senatosu\u2019nda K\u0131rklareli Senat\u00f6rleri ve Faaliyetleri   \u00b7         Kirklareli Merkezinde Sanayi Sekt\u00f6r\u00fcn\u00fcn Mek\u00e2nsal Geli\u015fiminin Tarihsel Seyrinin De\u011ferlendirilmesi <\/p>\n","protected":false},"excerpt":{"rendered":"<p>\u0130\u00e7indekiler : \u00b7 Roma D\u00f6nemi Kuzey Yolu\u2019nun K\u0131rklareli ile Vize Aras\u0131ndaki G\u00fczerg\u00e2h\u0131 \u00dczerine Bir De\u011ferlendirme \u00b7 1787-1792 Osmanl\u0131-Avusturya, Rusya Sava\u015flar\u0131\u2019nda K\u0131rkkilise\u2019nin (K\u0131rklareli) Lojistik Deste\u011fi \u00b7 K\u0131r\u0131m<span class=\"excerpt-hellip\"> [\u2026]<\/span><\/p>\n","protected":false},"featured_media":0,"template":"","meta":{"_monsterinsights_skip_tracking":false,"_monsterinsights_sitenote_active":false,"_monsterinsights_sitenote_note":"","_monsterinsights_sitenote_category":0},"product_brand":[],"product_cat":[13005,40995],"product_tag":[],"class_list":{"0":"post-778616","1":"product","2":"type-product","3":"status-publish","5":"product_cat-bilim-muhendislik","6":"product_cat-sosyal-bilimler","7":"pa_cilt-ciltsiz","8":"pa_tur-kitap","9":"pa_yayinevi-gazi-kitabevi","10":"pa_yazar-kolektif","12":"first","13":"instock","14":"sale","15":"shipping-taxable","16":"purchasable","17":"product-type-simple"},"_links":{"self":[{"href":"https:\/\/roveyayinevi.com.tr\/index.php\/wp-json\/wp\/v2\/product\/778616","targetHints":{"allow":["GET"]}}],"collection":[{"href":"https:\/\/roveyayinevi.com.tr\/index.php\/wp-json\/wp\/v2\/product"}],"about":[{"href":"https:\/\/roveyayinevi.com.tr\/index.php\/wp-json\/wp\/v2\/types\/product"}],"wp:attachment":[{"href":"https:\/\/roveyayinevi.com.tr\/index.php\/wp-json\/wp\/v2\/media?parent=778616"}],"wp:term":[{"taxonomy":"product_brand","embeddable":true,"href":"https:\/\/roveyayinevi.com.tr\/index.php\/wp-json\/wp\/v2\/product_brand?post=778616"},{"taxonomy":"product_cat","embeddable":true,"href":"https:\/\/roveyayinevi.com.tr\/index.php\/wp-json\/wp\/v2\/product_cat?post=778616"},{"taxonomy":"product_tag","embeddable":true,"href":"https:\/\/roveyayinevi.com.tr\/index.php\/wp-json\/wp\/v2\/product_tag?post=778616"}],"curies":[{"name":"wp","href":"https:\/\/api.w.org\/{rel}","templated":true}]}}