{"id":778613,"date":"2025-11-20T00:23:07","date_gmt":"2025-11-19T21:23:07","guid":{"rendered":"https:\/\/roveyayinevi.com.tr\/index.php\/urun\/bankaciligin-metaverse-yolculugu-finansin-blokzinciri-ve-gelecegi\/"},"modified":"2025-11-21T12:15:00","modified_gmt":"2025-11-21T09:15:00","slug":"bankaciligin-metaverse-yolculugu-finansin-blokzinciri-ve-gelecegi","status":"publish","type":"product","link":"https:\/\/roveyayinevi.com.tr\/index.php\/urun\/bankaciligin-metaverse-yolculugu-finansin-blokzinciri-ve-gelecegi\/","title":{"rendered":"Bankac\u0131l\u0131\u011f\u0131n Metaverse Yolculu\u011fu Finans\u0131n Blokzinciri Ve Gelece\u011fi"},"content":{"rendered":"<p>\u0130\u00e7indekiler :     B\u00d6L\u00dcM 1 Temel Kavramlar Neler?   B\u00d6L\u00dcM 2 Blokzinciri ve Kripto Parala   B\u00d6L\u00dcM 3 Metaverse ve Dijital Ekonomi   B\u00d6L\u00dcM 4 Geleneksel Finans Kurulu\u015flar\u0131 ve Bankalar i\u00e7in Gelecek Trendler ve \u00d6ng\u00f6r\u00fcler<\/p>\n","protected":false},"excerpt":{"rendered":"<p>\u0130\u00e7indekiler : B\u00d6L\u00dcM 1 Temel Kavramlar Neler? B\u00d6L\u00dcM 2 Blokzinciri ve Kripto Parala B\u00d6L\u00dcM 3 Metaverse ve Dijital Ekonomi B\u00d6L\u00dcM 4 Geleneksel Finans Kurulu\u015flar\u0131 ve Bankalar<span class=\"excerpt-hellip\"> [\u2026]<\/span><\/p>\n","protected":false},"featured_media":0,"template":"","meta":{"_monsterinsights_skip_tracking":false,"_monsterinsights_sitenote_active":false,"_monsterinsights_sitenote_note":"","_monsterinsights_sitenote_category":0},"product_brand":[],"product_cat":[13043,14381],"product_tag":[],"class_list":{"0":"post-778613","1":"product","2":"type-product","3":"status-publish","5":"product_cat-ekonomi","6":"product_cat-isletme-muhasebe-maliye","7":"pa_cilt-ciltsiz","8":"pa_tur-kitap","9":"pa_yayinevi-gazi-kitabevi","10":"pa_yazar-burak-ozdogan-soner-gokten-remzi-ozdemir","12":"first","13":"instock","14":"sale","15":"shipping-taxable","16":"purchasable","17":"product-type-simple"},"_links":{"self":[{"href":"https:\/\/roveyayinevi.com.tr\/index.php\/wp-json\/wp\/v2\/product\/778613","targetHints":{"allow":["GET"]}}],"collection":[{"href":"https:\/\/roveyayinevi.com.tr\/index.php\/wp-json\/wp\/v2\/product"}],"about":[{"href":"https:\/\/roveyayinevi.com.tr\/index.php\/wp-json\/wp\/v2\/types\/product"}],"wp:attachment":[{"href":"https:\/\/roveyayinevi.com.tr\/index.php\/wp-json\/wp\/v2\/media?parent=778613"}],"wp:term":[{"taxonomy":"product_brand","embeddable":true,"href":"https:\/\/roveyayinevi.com.tr\/index.php\/wp-json\/wp\/v2\/product_brand?post=778613"},{"taxonomy":"product_cat","embeddable":true,"href":"https:\/\/roveyayinevi.com.tr\/index.php\/wp-json\/wp\/v2\/product_cat?post=778613"},{"taxonomy":"product_tag","embeddable":true,"href":"https:\/\/roveyayinevi.com.tr\/index.php\/wp-json\/wp\/v2\/product_tag?post=778613"}],"curies":[{"name":"wp","href":"https:\/\/api.w.org\/{rel}","templated":true}]}}