{"id":778612,"date":"2025-11-20T00:23:04","date_gmt":"2025-11-19T21:23:04","guid":{"rendered":"https:\/\/roveyayinevi.com.tr\/index.php\/urun\/benim-annem-bir-cadi\/"},"modified":"2026-04-15T03:43:44","modified_gmt":"2026-04-15T00:43:44","slug":"benim-annem-bir-cadi","status":"publish","type":"product","link":"https:\/\/roveyayinevi.com.tr\/index.php\/urun\/benim-annem-bir-cadi\/","title":{"rendered":"Benim Annem Bir Cad\u0131"},"content":{"rendered":"<p>\u00c7o\u011fu yetimhane korkun\u00e7tur. Ama Earwig i\u00e7in i\u015fler \u00f6yle de\u011fil. St. Morwald Yetimhanesi\u2019nde herkese s\u00f6z\u00fcn\u00fc ge\u00e7irir, istedi\u011fini yapt\u0131r\u0131r ve keyfine bakar!Ama g\u00fcn gelir, tuhaf m\u0131 tuhaf cad\u0131 Bella Yaga taraf\u0131ndan evlat edinilir. Bella Yaga k\u00f6t\u00fcl\u00fc\u011f\u00fcyle \u00fcnl\u00fcd\u00fcr ve Earwig\u2019i yaln\u0131zca hizmet\u00e7isi yapmak ister. \u00dcstelik ona Mandrake ve konu\u015fan kara kedi Thomas e\u015flik eder. Ama cad\u0131n\u0131n bilmedi\u011fi bir \u015fey vard\u0131r: Earwig\u2019in yetenekleri, zek\u00e2s\u0131 ve s\u00fcrprizlerle dolu plan\u0131! Diana Wynne Jones\u2019tan kahkaha, sihir ve macera dolu bir hik\u00e2ye! <\/p>\n","protected":false},"excerpt":{"rendered":"<p>\u00c7o\u011fu yetimhane korkun\u00e7tur. Ama Earwig i\u00e7in i\u015fler \u00f6yle de\u011fil. St. Morwald Yetimhanesi\u2019nde herkese s\u00f6z\u00fcn\u00fc ge\u00e7irir, istedi\u011fini yapt\u0131r\u0131r ve keyfine bakar!Ama g\u00fcn gelir, tuhaf m\u0131 tuhaf cad\u0131<span class=\"excerpt-hellip\"> [\u2026]<\/span><\/p>\n","protected":false},"featured_media":0,"template":"","meta":{"_monsterinsights_skip_tracking":false,"_monsterinsights_sitenote_active":false,"_monsterinsights_sitenote_note":"","_monsterinsights_sitenote_category":0},"product_brand":[],"product_cat":[12274,12284],"product_tag":[],"class_list":{"0":"post-778612","1":"product","2":"type-product","3":"status-publish","5":"product_cat-cocuk-ve-genclik-kitaplari","6":"product_cat-hikayeler","7":"pa_cilt-ciltsiz","8":"pa_tur-kitap","9":"pa_yayinevi-ithaki-yayinlari","10":"pa_yazar-diana-wynne-jones","12":"first","13":"instock","14":"sale","15":"shipping-taxable","16":"purchasable","17":"product-type-simple"},"_links":{"self":[{"href":"https:\/\/roveyayinevi.com.tr\/index.php\/wp-json\/wp\/v2\/product\/778612","targetHints":{"allow":["GET"]}}],"collection":[{"href":"https:\/\/roveyayinevi.com.tr\/index.php\/wp-json\/wp\/v2\/product"}],"about":[{"href":"https:\/\/roveyayinevi.com.tr\/index.php\/wp-json\/wp\/v2\/types\/product"}],"wp:attachment":[{"href":"https:\/\/roveyayinevi.com.tr\/index.php\/wp-json\/wp\/v2\/media?parent=778612"}],"wp:term":[{"taxonomy":"product_brand","embeddable":true,"href":"https:\/\/roveyayinevi.com.tr\/index.php\/wp-json\/wp\/v2\/product_brand?post=778612"},{"taxonomy":"product_cat","embeddable":true,"href":"https:\/\/roveyayinevi.com.tr\/index.php\/wp-json\/wp\/v2\/product_cat?post=778612"},{"taxonomy":"product_tag","embeddable":true,"href":"https:\/\/roveyayinevi.com.tr\/index.php\/wp-json\/wp\/v2\/product_tag?post=778612"}],"curies":[{"name":"wp","href":"https:\/\/api.w.org\/{rel}","templated":true}]}}