{"id":778609,"date":"2025-11-20T00:22:53","date_gmt":"2025-11-19T21:22:53","guid":{"rendered":"https:\/\/roveyayinevi.com.tr\/index.php\/urun\/hasta-esya-sifacisi\/"},"modified":"2026-04-15T03:43:44","modified_gmt":"2026-04-15T00:43:44","slug":"hasta-esya-sifacisi","status":"publish","type":"product","link":"https:\/\/roveyayinevi.com.tr\/index.php\/urun\/hasta-esya-sifacisi\/","title":{"rendered":"Hasta E\u015fya \u015eifac\u0131s\u0131"},"content":{"rendered":"<p>\u201cBiz birbirine \u00e2\u015f\u0131k iki ruh\u2026 Zaman araya girdi\u011fi i\u00e7in utan\u0131p geri \u00e7ekildi.\u201d E\u015fyalar\u0131n ruhu oldu\u011funa inanan ve buldu\u011fu eski e\u015fyalar\u0131n sahipleriyle y\u00fcrek diliyle hasb\u0131hal edebilen Azat kendisini \u201cHasta E\u015fya \u015eifac\u0131s\u0131\u201d olarak tan\u0131mlamaktad\u0131r. Gen\u00e7 adam\u0131n hayat\u0131 bir g\u00fcn yine eskiciden ald\u0131\u011f\u0131 antika \u00e7er\u00e7evenin i\u00e7indeki siyah beyaz bir foto\u011frafla alt\u00fcst olur. 1942 y\u0131l\u0131n\u0131n \u0130stanbul\u2019undan bakan Levida\u2019n\u0131n g\u00f6zleri, aradaki yetmi\u015f y\u0131ll\u0131k zaman perdesini aralar; bak\u0131\u015flar\u0131 Azat\u2019\u0131n kalbine dokunur. Ve bu dokunu\u015f, zaman\u0131n \u00f6tesinde, zamana inat bir a\u015fka d\u00f6n\u00fc\u015f\u00fcr. Elinde yaln\u0131zca bir isim ve bir tarih ile a\u015fk\u0131n\u0131n pe\u015fine d\u00fc\u015fen Azat\u2019\u0131n bu yolculu\u011fu onu 1940\u2019lar\u0131n \u0130stanbul\u2019unda, zengin bir Yahudi ailesinin Varl\u0131k Vergisi y\u00fcz\u00fcnden savruldu\u011fu ate\u015fin tam ortas\u0131na \u00e7eker. Bu ate\u015fin har\u0131n\u0131n kendisine de dokunaca\u011f\u0131ndan habersizdir Azat. \u0130ki zaman\u0131n, iki kaderin birbiriyle bulu\u015ftu\u011fu bu roman, kaybolmu\u015f hayatlar\u0131n izinde y\u00fcr\u00fcyor ve a\u015fk\u0131n, kayb\u0131n, e\u015fyalar\u0131n haf\u0131zas\u0131nda gizlenen s\u0131rlar\u0131 anlat\u0131yor. Yazar Serhat G\u00fcven Hasta E\u015fya \u015eifac\u0131s\u0131\u2019nda, okuru zaman\u0131n s\u0131n\u0131rlar\u0131n\u0131 a\u015fan unutulmaz bir hik\u00e2yeye davet ediyor.<\/p>\n","protected":false},"excerpt":{"rendered":"<p>\u201cBiz birbirine \u00e2\u015f\u0131k iki ruh\u2026 Zaman araya girdi\u011fi i\u00e7in utan\u0131p geri \u00e7ekildi.\u201d E\u015fyalar\u0131n ruhu oldu\u011funa inanan ve buldu\u011fu eski e\u015fyalar\u0131n sahipleriyle y\u00fcrek diliyle hasb\u0131hal edebilen Azat<span class=\"excerpt-hellip\"> [\u2026]<\/span><\/p>\n","protected":false},"featured_media":0,"template":"","meta":{"_monsterinsights_skip_tracking":false,"_monsterinsights_sitenote_active":false,"_monsterinsights_sitenote_note":"","_monsterinsights_sitenote_category":0},"product_brand":[],"product_cat":[12291,12711],"product_tag":[],"class_list":{"0":"post-778609","1":"product","2":"type-product","3":"status-publish","5":"product_cat-edebiyat","6":"product_cat-roman-oyku","7":"pa_cilt-ciltsiz","8":"pa_tur-kitap","9":"pa_yayinevi-muptela-yayinevi","10":"pa_yazar-serhat-guven","12":"first","13":"instock","14":"sale","15":"shipping-taxable","16":"purchasable","17":"product-type-simple"},"_links":{"self":[{"href":"https:\/\/roveyayinevi.com.tr\/index.php\/wp-json\/wp\/v2\/product\/778609","targetHints":{"allow":["GET"]}}],"collection":[{"href":"https:\/\/roveyayinevi.com.tr\/index.php\/wp-json\/wp\/v2\/product"}],"about":[{"href":"https:\/\/roveyayinevi.com.tr\/index.php\/wp-json\/wp\/v2\/types\/product"}],"wp:attachment":[{"href":"https:\/\/roveyayinevi.com.tr\/index.php\/wp-json\/wp\/v2\/media?parent=778609"}],"wp:term":[{"taxonomy":"product_brand","embeddable":true,"href":"https:\/\/roveyayinevi.com.tr\/index.php\/wp-json\/wp\/v2\/product_brand?post=778609"},{"taxonomy":"product_cat","embeddable":true,"href":"https:\/\/roveyayinevi.com.tr\/index.php\/wp-json\/wp\/v2\/product_cat?post=778609"},{"taxonomy":"product_tag","embeddable":true,"href":"https:\/\/roveyayinevi.com.tr\/index.php\/wp-json\/wp\/v2\/product_tag?post=778609"}],"curies":[{"name":"wp","href":"https:\/\/api.w.org\/{rel}","templated":true}]}}