{"id":778607,"date":"2025-11-20T00:22:48","date_gmt":"2025-11-19T21:22:48","guid":{"rendered":"https:\/\/roveyayinevi.com.tr\/index.php\/urun\/seytanlar\/"},"modified":"2026-04-15T03:43:44","modified_gmt":"2026-04-15T00:43:44","slug":"seytanlar","status":"publish","type":"product","link":"https:\/\/roveyayinevi.com.tr\/index.php\/urun\/seytanlar\/","title":{"rendered":"\u015eeytanlar"},"content":{"rendered":"<p>\u201c\u015eeytani bir hik\u00e2ye, habis bir cazibe.\u201d \u2013Pierce Brown \u201cKanl\u0131, zarif ve inan\u0131lmaz b\u00fcy\u00fcleyici.\u201d \u2013Hildur Kn\u00fatsd\u00f3ttir Kutsal i\u015fler bazen kutsal olmayan eylemler gerektirir. Diaz Birader kendisine b\u00fcy\u00fck \u00f6vg\u00fcler ve \u00f6nemli g\u00f6revler verilece\u011finden emin bir \u015fekilde Kutsal \u015eehir\u2019e \u00e7a\u011fr\u0131ld\u0131\u011f\u0131nda hi\u00e7 beklemedi\u011fi bir ortamla kar\u015f\u0131la\u015f\u0131r. Yeni cemaati, t\u00f6vbek\u00e2r olmayan katillerden, korkun\u00e7 b\u00fcy\u00fclerin uygulay\u0131c\u0131lar\u0131ndan ve d\u00fcped\u00fcz canavarlardan olu\u015fmaktad\u0131r. \u00dcstelik verilen g\u00f6rev de, do\u011fru g\u00f6r\u00fcnen bir amac\u0131 ger\u00e7ekle\u015ftirmek i\u00e7in hepsinin kanl\u0131 i\u015fler yapmas\u0131n\u0131 gerektiriyordur.Elfler s\u0131n\u0131rda pusuya yatm\u0131\u015f, ete a\u00e7; a\u00e7g\u00f6zl\u00fc y\u00f6neticiler ise yaln\u0131zca kendi h\u0131rslar\u0131 ve konforlar\u0131yla ilgileniyor. \u00d6n\u00fcnde cehennem gibi bir yolculuk uzan\u0131rken, Diaz Birader\u2019in yan\u0131nda \u015eeytanlar\u0131n bulunmas\u0131 en b\u00fcy\u00fck \u015fans\u0131! \u201cLezzetli derecede k\u00f6t\u00fcc\u00fcl, \u015fa\u015f\u0131rt\u0131c\u0131 bi\u00e7imde dokunakl\u0131. Karizmatik bir vampir, \u00f6l\u00fcms\u00fcz bir \u015f\u00f6valye, ba\u015f edilmez bir k\u00fct\u00fcphaneci ve fantastik edebiyattaki en azg\u0131n, en \u00f6l\u00fcmc\u00fcl, en e\u011flenceli kurtkad\u0131n ekiplerindeki sefil bir h\u0131rs\u0131z\u0131 imparatorluk taht\u0131na ta\u015f\u0131mak i\u00e7in el ele veriyor. Abercrombie\u2019nin bug\u00fcne kadarki en iyi i\u015fi. Dikkat edin!\u201d\u2013Christopher Buehlman \u201c\u015eeytanlar inan\u0131lmaz e\u011flenceli, inan\u0131lmaz aksiyon dolu ve sonunda inan\u0131lmaz derecede dokunakl\u0131 bir kitap. Beni yerle bir etti.\u201d\u2013Tamsyn Muir  <\/p>\n","protected":false},"excerpt":{"rendered":"<p>\u201c\u015eeytani bir hik\u00e2ye, habis bir cazibe.\u201d \u2013Pierce Brown \u201cKanl\u0131, zarif ve inan\u0131lmaz b\u00fcy\u00fcleyici.\u201d \u2013Hildur Kn\u00fatsd\u00f3ttir Kutsal i\u015fler bazen kutsal olmayan eylemler gerektirir. Diaz Birader kendisine b\u00fcy\u00fck<span class=\"excerpt-hellip\"> [\u2026]<\/span><\/p>\n","protected":false},"featured_media":0,"template":"","meta":{"_monsterinsights_skip_tracking":false,"_monsterinsights_sitenote_active":false,"_monsterinsights_sitenote_note":"","_monsterinsights_sitenote_category":0},"product_brand":[],"product_cat":[12291,14777],"product_tag":[],"class_list":{"0":"post-778607","1":"product","2":"type-product","3":"status-publish","5":"product_cat-edebiyat","6":"product_cat-fantastik","7":"pa_cilt-ciltsiz","8":"pa_tur-kitap","9":"pa_yayinevi-ithaki-yayinlari","10":"pa_yazar-joe-abercrombie","12":"first","13":"instock","14":"sale","15":"shipping-taxable","16":"purchasable","17":"product-type-simple"},"_links":{"self":[{"href":"https:\/\/roveyayinevi.com.tr\/index.php\/wp-json\/wp\/v2\/product\/778607","targetHints":{"allow":["GET"]}}],"collection":[{"href":"https:\/\/roveyayinevi.com.tr\/index.php\/wp-json\/wp\/v2\/product"}],"about":[{"href":"https:\/\/roveyayinevi.com.tr\/index.php\/wp-json\/wp\/v2\/types\/product"}],"wp:attachment":[{"href":"https:\/\/roveyayinevi.com.tr\/index.php\/wp-json\/wp\/v2\/media?parent=778607"}],"wp:term":[{"taxonomy":"product_brand","embeddable":true,"href":"https:\/\/roveyayinevi.com.tr\/index.php\/wp-json\/wp\/v2\/product_brand?post=778607"},{"taxonomy":"product_cat","embeddable":true,"href":"https:\/\/roveyayinevi.com.tr\/index.php\/wp-json\/wp\/v2\/product_cat?post=778607"},{"taxonomy":"product_tag","embeddable":true,"href":"https:\/\/roveyayinevi.com.tr\/index.php\/wp-json\/wp\/v2\/product_tag?post=778607"}],"curies":[{"name":"wp","href":"https:\/\/api.w.org\/{rel}","templated":true}]}}