{"id":778605,"date":"2025-11-20T00:22:40","date_gmt":"2025-11-19T21:22:40","guid":{"rendered":"https:\/\/roveyayinevi.com.tr\/index.php\/urun\/bir-devir-uc-veli\/"},"modified":"2026-04-15T03:43:44","modified_gmt":"2026-04-15T00:43:44","slug":"bir-devir-uc-veli","status":"publish","type":"product","link":"https:\/\/roveyayinevi.com.tr\/index.php\/urun\/bir-devir-uc-veli\/","title":{"rendered":"Bir Devir \u00dc\u00e7 Veli"},"content":{"rendered":"<p>13. y\u00fczy\u0131l\u2026 Anadolu\u2019nun en karma\u015f\u0131k d\u00f6nemleri ve Mo\u011fol istilas\u0131\u2026 Halk\u0131n manevi iklime en \u00e7ok ihtiya\u00e7 duydu\u011fu zamanlarda zuhur eden \u00fc\u00e7 b\u00fcy\u00fck isim\u2026 Ahi Evren, Hac\u0131 Bekt\u00e2\u015f-\u0131 Veli ve Yunus Emre\u2026Biri sosyal d\u00fczen sa\u011flay\u0131c\u0131l\u0131\u011f\u0131yla, di\u011feri kurmu\u015f oldu\u011fu inan\u00e7 sistemiyle, bir di\u011feri sanat\u0131yla Anadolu halk\u0131n\u0131n y\u00fcre\u011finde yer etmi\u015f.Ahi Evren, c\u00f6mertlik ve yi\u011fitlik \u00fczerine y\u00fckselmi\u015f ahilik kurumunun babas\u0131 Hac\u0131 Bekt\u00e2\u015f-\u0131 Veli, uzun yolculuklar\u0131n ard\u0131ndan menzili Anadolu\u2019da noktalanan ve bu topraklarda \u201cd\u00f6rt kap\u0131 k\u0131rk makam\u201d anlay\u0131\u015f\u0131yla ruhlar\u0131 k\u00e2mil insan mertebesine ula\u015ft\u0131ran veli Yunus Emre, \u201cBu\u011fday m\u0131 nefes mi? ile ba\u015flayan tasavvuf yolculu\u011funu \u201cs\u00f6z\u201dle zirveye ta\u015f\u0131yan \u015fair \u00dc\u00e7 uludan do\u011fan g\u00fcne\u015f, bug\u00fcn h\u00e2l\u00e2 bu topraklar\u0131n \u00fczerinde parlamakta\u2026 \u00dc\u00e7 ulu, y\u00fczy\u0131llard\u0131r yayd\u0131klar\u0131 \u0131\u015f\u0131kla ruhaniyolculara rehber olmakta\u2026Ha\u015fim \u015eahin\u2019in haz\u0131rlad\u0131\u011f\u0131 Bir Devir \u00dc\u00e7 Veli: Ahi Evren, Hac\u0131 Bekt\u00e2\u015f-\u0131 Veli ve Yunus Emre adl\u0131 bu \u00e7al\u0131\u015fma Anadolu\u2019yu mayaland\u0131ran bu \u00fc\u00e7 b\u00fcy\u00fck ismin hayatlar\u0131n\u0131, eserlerini, menk\u0131belerini, kurduklar\u0131 te\u015fkilatlar\u0131, faaliyetlerini, inan\u00e7sistemlerini ve bu sistemlerin kaynaklar\u0131n\u0131 ba\u011flant\u0131 kurduklar\u0131 di\u011fer mutasavv\u0131f isimlerle birlikte ele al\u0131yor.Bir 13. y\u00fczy\u0131l panoramas\u0131 ile birlikte sunulan \u00e7al\u0131\u015fma, tarihin en kar\u0131\u015f\u0131k d\u00f6nemlerinde Anadolu\u2019da do\u011fan ve y\u00fckselen \u00fc\u00e7 ismi t\u00fcm detaylar\u0131yla konu ediniyor ve her kesime hitap eden diliyle okuyucuya takdim ediliyor.<\/p>\n","protected":false},"excerpt":{"rendered":"<p>13. y\u00fczy\u0131l\u2026 Anadolu\u2019nun en karma\u015f\u0131k d\u00f6nemleri ve Mo\u011fol istilas\u0131\u2026 Halk\u0131n manevi iklime en \u00e7ok ihtiya\u00e7 duydu\u011fu zamanlarda zuhur eden \u00fc\u00e7 b\u00fcy\u00fck isim\u2026 Ahi Evren, Hac\u0131 Bekt\u00e2\u015f-\u0131<span class=\"excerpt-hellip\"> [\u2026]<\/span><\/p>\n","protected":false},"featured_media":0,"template":"","meta":{"_monsterinsights_skip_tracking":false,"_monsterinsights_sitenote_active":false,"_monsterinsights_sitenote_note":"","_monsterinsights_sitenote_category":0},"product_brand":[],"product_cat":[13072,12291],"product_tag":[],"class_list":{"0":"post-778605","1":"product","2":"type-product","3":"status-publish","5":"product_cat-arastirma-inceleme-referans","6":"product_cat-edebiyat","7":"pa_cilt-ciltsiz","8":"pa_tur-kitap","9":"pa_yayinevi-kapi-yayinlari","10":"pa_yazar-hasim-sahin","12":"first","13":"instock","14":"sale","15":"shipping-taxable","16":"purchasable","17":"product-type-simple"},"_links":{"self":[{"href":"https:\/\/roveyayinevi.com.tr\/index.php\/wp-json\/wp\/v2\/product\/778605","targetHints":{"allow":["GET"]}}],"collection":[{"href":"https:\/\/roveyayinevi.com.tr\/index.php\/wp-json\/wp\/v2\/product"}],"about":[{"href":"https:\/\/roveyayinevi.com.tr\/index.php\/wp-json\/wp\/v2\/types\/product"}],"wp:attachment":[{"href":"https:\/\/roveyayinevi.com.tr\/index.php\/wp-json\/wp\/v2\/media?parent=778605"}],"wp:term":[{"taxonomy":"product_brand","embeddable":true,"href":"https:\/\/roveyayinevi.com.tr\/index.php\/wp-json\/wp\/v2\/product_brand?post=778605"},{"taxonomy":"product_cat","embeddable":true,"href":"https:\/\/roveyayinevi.com.tr\/index.php\/wp-json\/wp\/v2\/product_cat?post=778605"},{"taxonomy":"product_tag","embeddable":true,"href":"https:\/\/roveyayinevi.com.tr\/index.php\/wp-json\/wp\/v2\/product_tag?post=778605"}],"curies":[{"name":"wp","href":"https:\/\/api.w.org\/{rel}","templated":true}]}}