{"id":778603,"date":"2025-11-20T00:22:29","date_gmt":"2025-11-19T21:22:29","guid":{"rendered":"https:\/\/roveyayinevi.com.tr\/index.php\/urun\/balina-gezdirme-rehberi-ciltli-organik-kitap\/"},"modified":"2026-04-15T03:43:43","modified_gmt":"2026-04-15T00:43:43","slug":"balina-gezdirme-rehberi-ciltli-organik-kitap","status":"publish","type":"product","link":"https:\/\/roveyayinevi.com.tr\/index.php\/urun\/balina-gezdirme-rehberi-ciltli-organik-kitap\/","title":{"rendered":"Balina Gezdirme Rehberi (Ciltli &#8211; Organik Kitap)"},"content":{"rendered":"<p>Evcil hayvan\u0131n\u0131za iyi bakmak \u00e7ok \u00f6nemlidir. Ama devasa bir deniz canl\u0131s\u0131na egzersiz yapt\u0131rmak istiyorsan\u0131z onu parkta gezintiye \u00e7\u0131karamazs\u0131n\u0131z&#8230; Bir BAL\u0130NA gelip evinizde ya\u015famaya ba\u015flarsa neler olur? Cevab\u0131 bu kitapta!<\/p>\n","protected":false},"excerpt":{"rendered":"<p>Evcil hayvan\u0131n\u0131za iyi bakmak \u00e7ok \u00f6nemlidir. Ama devasa bir deniz canl\u0131s\u0131na egzersiz yapt\u0131rmak istiyorsan\u0131z onu parkta gezintiye \u00e7\u0131karamazs\u0131n\u0131z&#8230; Bir BAL\u0130NA gelip evinizde ya\u015famaya ba\u015flarsa neler olur?<span class=\"excerpt-hellip\"> [\u2026]<\/span><\/p>\n","protected":false},"featured_media":0,"template":"","meta":{"_monsterinsights_skip_tracking":false,"_monsterinsights_sitenote_active":false,"_monsterinsights_sitenote_note":"","_monsterinsights_sitenote_category":0},"product_brand":[],"product_cat":[12274,12284],"product_tag":[],"class_list":{"0":"post-778603","1":"product","2":"type-product","3":"status-publish","5":"product_cat-cocuk-ve-genclik-kitaplari","6":"product_cat-hikayeler","7":"pa_cilt-ciltli","8":"pa_tur-kitap","9":"pa_yayinevi-beyaz-balina-yayinlari","10":"pa_yazar-sam-wilde","12":"first","13":"instock","14":"sale","15":"shipping-taxable","16":"purchasable","17":"product-type-simple"},"_links":{"self":[{"href":"https:\/\/roveyayinevi.com.tr\/index.php\/wp-json\/wp\/v2\/product\/778603","targetHints":{"allow":["GET"]}}],"collection":[{"href":"https:\/\/roveyayinevi.com.tr\/index.php\/wp-json\/wp\/v2\/product"}],"about":[{"href":"https:\/\/roveyayinevi.com.tr\/index.php\/wp-json\/wp\/v2\/types\/product"}],"wp:attachment":[{"href":"https:\/\/roveyayinevi.com.tr\/index.php\/wp-json\/wp\/v2\/media?parent=778603"}],"wp:term":[{"taxonomy":"product_brand","embeddable":true,"href":"https:\/\/roveyayinevi.com.tr\/index.php\/wp-json\/wp\/v2\/product_brand?post=778603"},{"taxonomy":"product_cat","embeddable":true,"href":"https:\/\/roveyayinevi.com.tr\/index.php\/wp-json\/wp\/v2\/product_cat?post=778603"},{"taxonomy":"product_tag","embeddable":true,"href":"https:\/\/roveyayinevi.com.tr\/index.php\/wp-json\/wp\/v2\/product_tag?post=778603"}],"curies":[{"name":"wp","href":"https:\/\/api.w.org\/{rel}","templated":true}]}}