{"id":778601,"date":"2025-11-20T00:22:00","date_gmt":"2025-11-19T21:22:00","guid":{"rendered":"https:\/\/roveyayinevi.com.tr\/index.php\/urun\/tuhaf-resimler\/"},"modified":"2026-04-15T03:43:41","modified_gmt":"2026-04-15T00:43:41","slug":"tuhaf-resimler","status":"publish","type":"product","link":"https:\/\/roveyayinevi.com.tr\/index.php\/urun\/tuhaf-resimler\/","title":{"rendered":"Tuhaf Resimler"},"content":{"rendered":"<p>Hi\u00e7 bir kitab\u0131 okurken huzursuzland\u0131\u011f\u0131n\u0131z oldu mu?(ve yine de elinizden b\u0131rakamad\u0131\u011f\u0131n\u0131z&#8230;)     Do\u011fum yapmas\u0131na g\u00fcnler kalm\u0131\u015f bir kad\u0131n\u0131n titrek eskizleri. \u00d6lmek \u00fczere olan bir adam\u0131n karalad\u0131\u011f\u0131 da\u011f silsilesi. Okul defterinde evini gri bir lekeyle kapatan bir \u00e7ocu\u011fun resmi. Ge\u00e7mi\u015fte i\u015flenmi\u015f su\u00e7larla ba\u011flant\u0131l\u0131 dokuz tuhaf resim, sayfalar ilerledik\u00e7e delillere, okur ise her ayr\u0131nt\u0131y\u0131 bir araya getiren dedektife d\u00f6n\u00fc\u015f\u00fcyor.     Tuhaf Resimler \u00e7izimlerin, krokilerin ve diyagramlar\u0131n aras\u0131na gizlenmi\u015f ipu\u00e7lar\u0131yla \u00f6r\u00fcl\u00fc, birbirine ustal\u0131kla ba\u011flanan \u00f6yk\u00fclerden olu\u015fan rahats\u0131z edici bir yapboz, t\u00fcyler \u00fcrpertici ve ad\u0131m ad\u0131m t\u0131rmanan bir gizem.   Uketsu\u2019nun nefes kesici anlat\u0131m\u0131yla gerilim ve \u00e7a\u011fda\u015f polisiye kurallar\u0131n\u0131 yerle bir etti\u011fi ilk roman\u0131 Tuhaf Resimler, en az yazar\u0131n\u0131n ger\u00e7ek kimli\u011fi kadar gizemli.       \u201cUketsu\u2019nun tuhaf bilmeceleri hem \u00fcrpertiyor hem de ba\u011f\u0131ml\u0131l\u0131k yap\u0131yor. Elimden b\u0131rakamad\u0131m.\u201d R. F. Kuang\u00fc     \u201c\u00d6yle s\u00fcr\u00fckleyici ki bir g\u00fcnde okudum. \u00d6yle tedirgin edici ki b\u00fct\u00fcn gece d\u00fc\u015f\u00fcnd\u00fcm.\u201d Janice Hallett     3 M\u0130LYONDAN FAZLA OKUR, 30\u2019DAN FAZLA D\u0130L     Her \u00e7izim \u00fcrpertici bir uyar\u0131. Her biri burnunuzun dibindeki korkun\u00e7 bir s\u0131rr\u0131 ortaya \u00e7\u0131kar\u0131yor.     Uketsu\u2019nun tekinsiz gizemleri milyonlarca okuru b\u00fcy\u00fcledi. Peki ya siz, bu tuhaf resimlerdeki ipu\u00e7lar\u0131n\u0131 bulup hepsini birbirine ba\u011flayan karanl\u0131k ger\u00e7e\u011fi ortaya \u00e7\u0131karabilecek misiniz?     \u201cUstaca \u00f6r\u00fclm\u00fc\u015f, hayranl\u0131k uyand\u0131racak kadar karma\u015f\u0131k bir hik\u00e2ye&#8230; Uketsu, okuru son \u00e2na dek tahmin y\u00fcr\u00fctmeye zorluyor.\u201d New York Times Book Review   <\/p>\n","protected":false},"excerpt":{"rendered":"<p>Hi\u00e7 bir kitab\u0131 okurken huzursuzland\u0131\u011f\u0131n\u0131z oldu mu?(ve yine de elinizden b\u0131rakamad\u0131\u011f\u0131n\u0131z&#8230;) Do\u011fum yapmas\u0131na g\u00fcnler kalm\u0131\u015f bir kad\u0131n\u0131n titrek eskizleri. \u00d6lmek \u00fczere olan bir adam\u0131n karalad\u0131\u011f\u0131 da\u011f<span class=\"excerpt-hellip\"> [\u2026]<\/span><\/p>\n","protected":false},"featured_media":0,"template":"","meta":{"_monsterinsights_skip_tracking":false,"_monsterinsights_sitenote_active":false,"_monsterinsights_sitenote_note":"","_monsterinsights_sitenote_category":0},"product_brand":[],"product_cat":[12291,17033],"product_tag":[],"class_list":{"0":"post-778601","1":"product","2":"type-product","3":"status-publish","5":"product_cat-edebiyat","6":"product_cat-korku-gerilim","7":"pa_cilt-ciltsiz","8":"pa_tur-kitap","9":"pa_yayinevi-domingo-yayinevi","10":"pa_yazar-uketsu","12":"first","13":"instock","14":"sale","15":"shipping-taxable","16":"purchasable","17":"product-type-simple"},"_links":{"self":[{"href":"https:\/\/roveyayinevi.com.tr\/index.php\/wp-json\/wp\/v2\/product\/778601","targetHints":{"allow":["GET"]}}],"collection":[{"href":"https:\/\/roveyayinevi.com.tr\/index.php\/wp-json\/wp\/v2\/product"}],"about":[{"href":"https:\/\/roveyayinevi.com.tr\/index.php\/wp-json\/wp\/v2\/types\/product"}],"wp:attachment":[{"href":"https:\/\/roveyayinevi.com.tr\/index.php\/wp-json\/wp\/v2\/media?parent=778601"}],"wp:term":[{"taxonomy":"product_brand","embeddable":true,"href":"https:\/\/roveyayinevi.com.tr\/index.php\/wp-json\/wp\/v2\/product_brand?post=778601"},{"taxonomy":"product_cat","embeddable":true,"href":"https:\/\/roveyayinevi.com.tr\/index.php\/wp-json\/wp\/v2\/product_cat?post=778601"},{"taxonomy":"product_tag","embeddable":true,"href":"https:\/\/roveyayinevi.com.tr\/index.php\/wp-json\/wp\/v2\/product_tag?post=778601"}],"curies":[{"name":"wp","href":"https:\/\/api.w.org\/{rel}","templated":true}]}}