{"id":778598,"date":"2025-11-20T00:21:50","date_gmt":"2025-11-19T21:21:50","guid":{"rendered":"https:\/\/roveyayinevi.com.tr\/index.php\/urun\/bogulma-teorisi-ozel-baski-kutulu-set\/"},"modified":"2026-04-15T03:43:40","modified_gmt":"2026-04-15T00:43:40","slug":"bogulma-teorisi-ozel-baski-kutulu-set","status":"publish","type":"product","link":"https:\/\/roveyayinevi.com.tr\/index.php\/urun\/bogulma-teorisi-ozel-baski-kutulu-set\/","title":{"rendered":"Bo\u011fulma Teorisi \u00d6zel Bask\u0131 Kutulu Set"},"content":{"rendered":"<p>\u00d6zel Kutu \u0130\u00e7eri\u011fi:*Ciltli Kitap (Yan boyamal\u0131)*Kart*DefterEffy Sayre hayat\u0131 boyunca masallara inanm\u0131\u015ft\u0131. \u00c7ocuklu\u011fundan beri Peri Kral\u0131\u2019n\u0131n g\u00f6r\u00fcnt\u00fcs\u00fcnden ka\u00e7arak ya\u015fayan k\u00fc\u00e7\u00fck bir k\u0131z olarak ba\u015fka \u00e7aresi de yoktu. Onu ya\u015fad\u0131\u011f\u0131 \u00e7aresizlikten ve korkudan kurtaran tek \u015fey Emrys Myrddin\u2019in \u00f6l\u00fcms\u00fcz eseri Angharad\u2019d\u0131. Y\u00fczlerce kez okudu\u011fu bu eser, ger\u00e7ek hayat\u0131n\u0131n kederi ve a\u011f\u0131rl\u0131\u011f\u0131ndan uzakla\u015fmas\u0131n\u0131n tek yolu olmu\u015ftu.Myrddin\u2019in evi Hiraeth Malik\u00e2nesi\u2019nin yeniden tasarlanmas\u0131 i\u00e7in bir yar\u0131\u015fma d\u00fczenlendi\u011fini \u00f6\u011frenen Effy i\u00e7in bu harika bir f\u0131rsatt\u0131. Ancak Effy, harap h\u00e2lde olan malik\u00e2neye vard\u0131\u011f\u0131nda, \u00fcstlendi\u011fi g\u00f6revin asl\u0131nda \u201cimk\u00e2ns\u0131z\u201d oldu\u011funu fark etmi\u015fti. Myrddin\u2019in hayat\u0131n\u0131 ara\u015ft\u0131ran gen\u00e7 akademisyen Preston, dost canl\u0131s\u0131 olmayan di\u011fer insanlar ve Saltney\u2019nin kasvetli havas\u0131 bir araya geldi\u011finde Effy kendini karanl\u0131k s\u0131rlar\u0131n ve tehlikeli g\u00fc\u00e7lerin ortas\u0131nda hayal bile edemeyece\u011fi bir hik\u00e2yenin ba\u015f kahraman\u0131 olarak bulacakt\u0131.  \u201cHem \u00fcrk\u00fct\u00fcc\u00fc hem duygusal. Bu hik\u00e2ye i\u00e7inize i\u015fleyecek.\u201d\u2014RACHEL GRIFFIN\u201cSizi sarsacak bir atmosfer, \u00e7arp\u0131c\u0131 bir anlat\u0131m.\u201d\u2014RORY POWER\u201cBu kitapta her \u015fey var. Karanl\u0131k bir peri masal\u0131, yava\u015f ilerleyen bir a\u015fk hik\u00e2yesi, \u00fcrk\u00fct\u00fcc\u00fc bir tarihsel gizem ve hik\u00e2yeleri ellerinden al\u0131nm\u0131\u015f insanlara sessiz ama kararl\u0131 bir sayg\u0131 duru\u015fu. Tek kelimeyle bay\u0131ld\u0131m!\u201d\u2014ALIX E. HARROW\u201cHem hik\u00e2yelere hem de g\u00f6lgede b\u0131rak\u0131lm\u0131\u015f, sessizle\u015ftirilmi\u015f insanlara adanm\u0131\u015f bir a\u015fk mektubu.\u201d\u2014ALLISON SAFT\u201cKaranl\u0131k bir romantizm ve i\u00e7 karart\u0131c\u0131 derecede \u00fcrk\u00fct\u00fcc\u00fc. Bu kitab\u0131 uzun s\u00fcre akl\u0131mdan \u00e7\u0131karamayaca\u011f\u0131m.\u201d\u2014ERIN A. CRAIG\u201cBat\u0131l inan\u00e7lar\u0131n, efsanelerin ve \u00e7\u00fcr\u00fcyen evlerin \u00fczerine ya\u011fan sa\u011fanaklar\u0131n i\u00e7inde ge\u00e7en, kalbe dokunan, derin bir a\u015fk \u00f6yk\u00fcs\u00fc.\u201d\u2014KENDARE BLAKE\u201cBize okumay\u0131 neden sevdi\u011fimizi hat\u0131rlatan kitaplardan biri. Bo\u011fulma Teorisi, karanl\u0131k akademi t\u00fcr\u00fcn\u00fc yepyeni b\u00fcy\u00fcl\u00fc bir zirveye ta\u015f\u0131yor.\u201d\u2014SASHA PEYTON SMITH <\/p>\n","protected":false},"excerpt":{"rendered":"<p>\u00d6zel Kutu \u0130\u00e7eri\u011fi:*Ciltli Kitap (Yan boyamal\u0131)*Kart*DefterEffy Sayre hayat\u0131 boyunca masallara inanm\u0131\u015ft\u0131. \u00c7ocuklu\u011fundan beri Peri Kral\u0131\u2019n\u0131n g\u00f6r\u00fcnt\u00fcs\u00fcnden ka\u00e7arak ya\u015fayan k\u00fc\u00e7\u00fck bir k\u0131z olarak ba\u015fka \u00e7aresi de yoktu.<span class=\"excerpt-hellip\"> [\u2026]<\/span><\/p>\n","protected":false},"featured_media":0,"template":"","meta":{"_monsterinsights_skip_tracking":false,"_monsterinsights_sitenote_active":false,"_monsterinsights_sitenote_note":"","_monsterinsights_sitenote_category":0},"product_brand":[],"product_cat":[12291,14777],"product_tag":[],"class_list":{"0":"post-778598","1":"product","2":"type-product","3":"status-publish","5":"product_cat-edebiyat","6":"product_cat-fantastik","7":"pa_cilt-ciltli","8":"pa_tur-kitap","9":"pa_yayinevi-yabanci-yayinevi","10":"pa_yazar-ava-reid","12":"first","13":"instock","14":"sale","15":"shipping-taxable","16":"purchasable","17":"product-type-simple"},"_links":{"self":[{"href":"https:\/\/roveyayinevi.com.tr\/index.php\/wp-json\/wp\/v2\/product\/778598","targetHints":{"allow":["GET"]}}],"collection":[{"href":"https:\/\/roveyayinevi.com.tr\/index.php\/wp-json\/wp\/v2\/product"}],"about":[{"href":"https:\/\/roveyayinevi.com.tr\/index.php\/wp-json\/wp\/v2\/types\/product"}],"wp:attachment":[{"href":"https:\/\/roveyayinevi.com.tr\/index.php\/wp-json\/wp\/v2\/media?parent=778598"}],"wp:term":[{"taxonomy":"product_brand","embeddable":true,"href":"https:\/\/roveyayinevi.com.tr\/index.php\/wp-json\/wp\/v2\/product_brand?post=778598"},{"taxonomy":"product_cat","embeddable":true,"href":"https:\/\/roveyayinevi.com.tr\/index.php\/wp-json\/wp\/v2\/product_cat?post=778598"},{"taxonomy":"product_tag","embeddable":true,"href":"https:\/\/roveyayinevi.com.tr\/index.php\/wp-json\/wp\/v2\/product_tag?post=778598"}],"curies":[{"name":"wp","href":"https:\/\/api.w.org\/{rel}","templated":true}]}}