{"id":778597,"date":"2025-11-20T00:21:48","date_gmt":"2025-11-19T21:21:48","guid":{"rendered":"https:\/\/roveyayinevi.com.tr\/index.php\/urun\/alginin-fenomenolojisi\/"},"modified":"2026-04-15T03:43:40","modified_gmt":"2026-04-15T00:43:40","slug":"alginin-fenomenolojisi","status":"publish","type":"product","link":"https:\/\/roveyayinevi.com.tr\/index.php\/urun\/alginin-fenomenolojisi\/","title":{"rendered":"Alg\u0131n\u0131n Fenomenolojisi"},"content":{"rendered":"<p>20.y\u00fczy\u0131l\u0131n en \u00f6nemli d\u00fc\u015f\u00fcn\u00fcrlerinden Maurice Merleau-Ponty, ba\u015fyap\u0131t\u0131 olan Alg\u0131n\u0131n Fenomenolojisi\u2019nde, Husserl\u2019den ald\u0131\u011f\u0131 fenomenolojik y\u00f6ntemi estetik bir anlay\u0131\u015fla yeniden yorumluyor. Bedeni merkeze oturtan bu yorum, bir yandan psikolojizm ile entelekt\u00fcalizm aras\u0131ndaki Descartes ve empiristlerden beri devam eden tart\u0131\u015fmaya \u00f6zg\u00fcn bir boyut kazand\u0131r\u0131yor. Di\u011fer yandan, bilim ile sanat aras\u0131ndaki derinlemesine ili\u015fkiyi felsefe arac\u0131l\u0131\u011f\u0131yla yeniden ke\u015ffetmemizi sa\u011fl\u0131yor. Gerek analitik felsefenin gerekse k\u0131ta felsefesinin \u00e7a\u011fda\u015f sorunlar\u0131n\u0131n ilk taslaklar\u0131n\u0131 ortaya koyan bu \u00e7al\u0131\u015fma, asl\u0131nda yaln\u0131zca felsefe alan\u0131na de\u011fil, d\u00fc\u015f\u00fcnceyi deyim yerindeyse ete kemi\u011fe b\u00fcr\u00fcnd\u00fcrmek isteyenler i\u00e7in bir referans kitap olma \u00f6zelli\u011fiyle edebiyattan sosyal bilimlere kadar uzanan geni\u015f bir kapsama da hitap ediyor. \u201cBizler d\u00fcnyaday\u0131z, yani, \u015feyler bir resim gibi ortaya \u00e7\u0131kar, devasa bir birey kendini olumlar, her varolu\u015f kendini ve ba\u015fkalar\u0131n\u0131 anlar. Yapmak gereken sadece t\u00fcm kesinliklerimizi temellendiren bu fenomenleri kabul etmektir.\u201d\u2014 Maurice Merleau-Ponty \u201cMerleau-Ponty hep g\u00f6rme hakk\u0131nda d\u00fc\u015f\u00fcnd\u00fc. (\u2026) G\u00f6rmek nedir? Bu soru sonuna kadar di\u011ferlerine dayanak olu\u015fturdu; ama bunun nedeni konu\u015fmadan \u00f6nce veya d\u00fc\u015f\u00fcnmeden \u00f6nce g\u00f6r\u00fcyor olmam\u0131z de\u011fil, daha ziyade her zaman bu g\u00f6rme hakk\u0131nda konu\u015fmam\u0131z ama onu unutmam\u0131zd\u0131, sorgulaman\u0131n zaten ondan ge\u00e7en bir sorgulamay\u0131 uyand\u0131rmak olmas\u0131yd\u0131, ayn\u0131 anda hem g\u00f6z\u00fc hem de sesi titre\u015ftirmek, ifadenin gizemini kabul etmek olmas\u0131yd\u0131\u2026\u201d\u2014 Claude Lefort, \u201cEle\u015ftirel Bask\u0131ya \u00d6ns\u00f6z\u201d<\/p>\n","protected":false},"excerpt":{"rendered":"<p>20.y\u00fczy\u0131l\u0131n en \u00f6nemli d\u00fc\u015f\u00fcn\u00fcrlerinden Maurice Merleau-Ponty, ba\u015fyap\u0131t\u0131 olan Alg\u0131n\u0131n Fenomenolojisi\u2019nde, Husserl\u2019den ald\u0131\u011f\u0131 fenomenolojik y\u00f6ntemi estetik bir anlay\u0131\u015fla yeniden yorumluyor. Bedeni merkeze oturtan bu yorum, bir yandan<span class=\"excerpt-hellip\"> [\u2026]<\/span><\/p>\n","protected":false},"featured_media":0,"template":"","meta":{"_monsterinsights_skip_tracking":false,"_monsterinsights_sitenote_active":false,"_monsterinsights_sitenote_note":"","_monsterinsights_sitenote_category":0},"product_brand":[],"product_cat":[12388],"product_tag":[],"class_list":{"0":"post-778597","1":"product","2":"type-product","3":"status-publish","5":"product_cat-felsefe","6":"pa_cilt-ciltsiz","7":"pa_tur-kitap","8":"pa_yayinevi-minotor-kitap","9":"pa_yazar-maurice-merleau-ponty","11":"first","12":"instock","13":"sale","14":"shipping-taxable","15":"purchasable","16":"product-type-simple"},"_links":{"self":[{"href":"https:\/\/roveyayinevi.com.tr\/index.php\/wp-json\/wp\/v2\/product\/778597","targetHints":{"allow":["GET"]}}],"collection":[{"href":"https:\/\/roveyayinevi.com.tr\/index.php\/wp-json\/wp\/v2\/product"}],"about":[{"href":"https:\/\/roveyayinevi.com.tr\/index.php\/wp-json\/wp\/v2\/types\/product"}],"wp:attachment":[{"href":"https:\/\/roveyayinevi.com.tr\/index.php\/wp-json\/wp\/v2\/media?parent=778597"}],"wp:term":[{"taxonomy":"product_brand","embeddable":true,"href":"https:\/\/roveyayinevi.com.tr\/index.php\/wp-json\/wp\/v2\/product_brand?post=778597"},{"taxonomy":"product_cat","embeddable":true,"href":"https:\/\/roveyayinevi.com.tr\/index.php\/wp-json\/wp\/v2\/product_cat?post=778597"},{"taxonomy":"product_tag","embeddable":true,"href":"https:\/\/roveyayinevi.com.tr\/index.php\/wp-json\/wp\/v2\/product_tag?post=778597"}],"curies":[{"name":"wp","href":"https:\/\/api.w.org\/{rel}","templated":true}]}}