{"id":778595,"date":"2025-11-20T00:21:43","date_gmt":"2025-11-19T21:21:43","guid":{"rendered":"https:\/\/roveyayinevi.com.tr\/index.php\/urun\/babilin-anisi-aynadan-gecen-kiz-serisi-3-kitap\/"},"modified":"2026-04-15T03:43:40","modified_gmt":"2026-04-15T00:43:40","slug":"babilin-anisi-aynadan-gecen-kiz-serisi-3-kitap","status":"publish","type":"product","link":"https:\/\/roveyayinevi.com.tr\/index.php\/urun\/babilin-anisi-aynadan-gecen-kiz-serisi-3-kitap\/","title":{"rendered":"Babil\u2019in An\u0131s\u0131 \u2013 Aynadan Ge\u00e7en K\u0131z Serisi 3. Kitap"},"content":{"rendered":"<p>Uzun zaman \u00f6nce, \u201cK\u0131r\u0131lma\u201d ad\u0131 verilen bir felaketin ard\u0131ndan, d\u00fcnya bir\u00e7ok g\u00f6ksel adaya b\u00f6l\u00fcnm\u00fc\u015ft\u00fc. Kemer olarak bilinen bu adalar\u0131n her biri farkl\u0131 \u015fekillerde geli\u015fmi\u015fti ve zamanla kendine \u00f6zg\u00fc bir ili\u015fkisi var gibi g\u00f6r\u00fcnmekteydi, \u00f6yle ki g\u00fcn\u00fcm\u00fczde birbirine hi\u00e7 benzemeyen d\u00fcnyalar bir arada ama ayr\u0131 ayr\u0131 var olabiliyordu. Ve Kemerlerin her birinde, her \u015feye g\u00fcc\u00fc yeten bir atan\u0131n ruhu ya\u015f\u0131yordu. Oph\u00e9lie hangi olas\u0131l\u0131\u011f\u0131n daha korkutucu oldu\u011funu bilmiyordu. Tanr\u0131 taraf\u0131ndan y\u00f6netilen bir d\u00fcnya m\u0131, yoksa kendilerini Tanr\u0131 sanan insanlar taraf\u0131ndan y\u00f6netilen bir d\u00fcnya m\u0131? \u0130ki y\u0131l yedi ayd\u0131r Anima\u2019da kapal\u0131 olan Oph\u00e9lie, kay\u0131p ni\u015fanl\u0131s\u0131 Thorn\u2019u bulmak ve Faruk\u2019un Kitab\u0131\u2019ndan \u00f6\u011frendikleriyle ger\u00e7e\u011fe ula\u015fmak i\u00e7in sahte bir kimlikle Babil\u2019e gidiyordu. Ancak bu kusursuz g\u00f6r\u00fcnen d\u00fcnyan\u0131n alt\u0131nda eski bir tasfiyenin g\u00f6lgesi ve \u201cde\u011fi\u015ftirilme\u201d korkusu vard\u0131. Oph\u00e9lie\u2019nin yetene\u011fi onu kurtarmaya, Thorn\u2019a yeniden kavu\u015fmaya yetecek miydi? \u201cDabos nadiren bir araya gelen karma\u015f\u0131k d\u00fcnya in\u015fas\u0131, incelikli karakter geli\u015fimi ve s\u00fcr\u00fckleyici olay \u00f6rg\u00fcs\u00fc \u00fc\u00e7l\u00fcs\u00fcn\u00fc kolaym\u0131\u015f gibi g\u00f6stermeyi bile ba\u015farm\u0131\u015f.\u201d \u2013KIRKUS REVIEWS<\/p>\n","protected":false},"excerpt":{"rendered":"<p>Uzun zaman \u00f6nce, \u201cK\u0131r\u0131lma\u201d ad\u0131 verilen bir felaketin ard\u0131ndan, d\u00fcnya bir\u00e7ok g\u00f6ksel adaya b\u00f6l\u00fcnm\u00fc\u015ft\u00fc. Kemer olarak bilinen bu adalar\u0131n her biri farkl\u0131 \u015fekillerde geli\u015fmi\u015fti ve zamanla<span class=\"excerpt-hellip\"> [\u2026]<\/span><\/p>\n","protected":false},"featured_media":0,"template":"","meta":{"_monsterinsights_skip_tracking":false,"_monsterinsights_sitenote_active":false,"_monsterinsights_sitenote_note":"","_monsterinsights_sitenote_category":0},"product_brand":[],"product_cat":[12291,14777],"product_tag":[],"class_list":{"0":"post-778595","1":"product","2":"type-product","3":"status-publish","5":"product_cat-edebiyat","6":"product_cat-fantastik","7":"pa_cilt-ciltsiz","8":"pa_tur-kitap","9":"pa_yayinevi-ithaki-yayinlari","10":"pa_yazar-christelle-dabos","12":"first","13":"instock","14":"sale","15":"shipping-taxable","16":"purchasable","17":"product-type-simple"},"_links":{"self":[{"href":"https:\/\/roveyayinevi.com.tr\/index.php\/wp-json\/wp\/v2\/product\/778595","targetHints":{"allow":["GET"]}}],"collection":[{"href":"https:\/\/roveyayinevi.com.tr\/index.php\/wp-json\/wp\/v2\/product"}],"about":[{"href":"https:\/\/roveyayinevi.com.tr\/index.php\/wp-json\/wp\/v2\/types\/product"}],"wp:attachment":[{"href":"https:\/\/roveyayinevi.com.tr\/index.php\/wp-json\/wp\/v2\/media?parent=778595"}],"wp:term":[{"taxonomy":"product_brand","embeddable":true,"href":"https:\/\/roveyayinevi.com.tr\/index.php\/wp-json\/wp\/v2\/product_brand?post=778595"},{"taxonomy":"product_cat","embeddable":true,"href":"https:\/\/roveyayinevi.com.tr\/index.php\/wp-json\/wp\/v2\/product_cat?post=778595"},{"taxonomy":"product_tag","embeddable":true,"href":"https:\/\/roveyayinevi.com.tr\/index.php\/wp-json\/wp\/v2\/product_tag?post=778595"}],"curies":[{"name":"wp","href":"https:\/\/api.w.org\/{rel}","templated":true}]}}