{"id":778593,"date":"2025-11-20T00:21:00","date_gmt":"2025-11-19T21:21:00","guid":{"rendered":"https:\/\/roveyayinevi.com.tr\/index.php\/urun\/isiksiz-denizler\/"},"modified":"2026-04-15T03:43:38","modified_gmt":"2026-04-15T00:43:38","slug":"isiksiz-denizler","status":"publish","type":"product","link":"https:\/\/roveyayinevi.com.tr\/index.php\/urun\/isiksiz-denizler\/","title":{"rendered":"I\u015f\u0131ks\u0131z Denizler"},"content":{"rendered":"<p>Fikret \u00d6zkurt, usta kalemiyle bu kez, bir ya\u015fam kurman\u0131n tela\u015f\u0131ndaki deniz insanlar\u0131n\u0131n h\u00fcz\u00fcnle dolan hik\u00e2yelerini, \u0131l\u0131k bir r\u00fczg\u00e2ra y\u00fckleyip, okurun y\u00fcre\u011fine b\u0131rak\u0131yor. \u201cKatlanmakla yok olmak gibi sadece iki yolun olmas\u0131 bazen korkutuyor beni. \u0130\u00e7imi korkular kapl\u0131yor. Takatimin s\u0131n\u0131rlar\u0131na geldi\u011fimi d\u00fc\u015f\u00fcn\u00fcr\u00fcm. O anda ne bir kelime konu\u015facak h\u00e2lim olur ne atacak bir ad\u0131m\u0131m kalm\u0131\u015ft\u0131r\u2026 Bo\u011fulur gibiyimdir. Sonra nas\u0131l oluyorsa oluyor bir nefes koyuveririm derinden. Belki bir of \u00e7ekerim ve yeniden d\u00f6nerim hayata. Kerhen yani, \u00e7ok da fazla istemeden.Hayat bu\u2026 Ne yapal\u0131m? Hayat b\u00f6yle\u2026 Ya\u015fan\u0131yor da \u00e7ekiliyor da. Sonunda zaten herkesinki gibi bitmeyecek mi, denir ya. Bitecek elbette. Biz de \u00f6yle dedik. Nas\u0131l olsa bitecek. \u00d6yle ya da b\u00f6yle&#8230;&#8221;   <\/p>\n","protected":false},"excerpt":{"rendered":"<p>Fikret \u00d6zkurt, usta kalemiyle bu kez, bir ya\u015fam kurman\u0131n tela\u015f\u0131ndaki deniz insanlar\u0131n\u0131n h\u00fcz\u00fcnle dolan hik\u00e2yelerini, \u0131l\u0131k bir r\u00fczg\u00e2ra y\u00fckleyip, okurun y\u00fcre\u011fine b\u0131rak\u0131yor. \u201cKatlanmakla yok olmak gibi<span class=\"excerpt-hellip\"> [\u2026]<\/span><\/p>\n","protected":false},"featured_media":0,"template":"","meta":{"_monsterinsights_skip_tracking":false,"_monsterinsights_sitenote_active":false,"_monsterinsights_sitenote_note":"","_monsterinsights_sitenote_category":0},"product_brand":[],"product_cat":[12291,12711],"product_tag":[],"class_list":{"0":"post-778593","1":"product","2":"type-product","3":"status-publish","5":"product_cat-edebiyat","6":"product_cat-roman-oyku","7":"pa_cilt-ciltsiz","8":"pa_tur-kitap","9":"pa_yayinevi-telgrafhane-yayinlari","10":"pa_yazar-fikret-ozkurt","12":"first","13":"instock","14":"sale","15":"shipping-taxable","16":"purchasable","17":"product-type-simple"},"_links":{"self":[{"href":"https:\/\/roveyayinevi.com.tr\/index.php\/wp-json\/wp\/v2\/product\/778593","targetHints":{"allow":["GET"]}}],"collection":[{"href":"https:\/\/roveyayinevi.com.tr\/index.php\/wp-json\/wp\/v2\/product"}],"about":[{"href":"https:\/\/roveyayinevi.com.tr\/index.php\/wp-json\/wp\/v2\/types\/product"}],"wp:attachment":[{"href":"https:\/\/roveyayinevi.com.tr\/index.php\/wp-json\/wp\/v2\/media?parent=778593"}],"wp:term":[{"taxonomy":"product_brand","embeddable":true,"href":"https:\/\/roveyayinevi.com.tr\/index.php\/wp-json\/wp\/v2\/product_brand?post=778593"},{"taxonomy":"product_cat","embeddable":true,"href":"https:\/\/roveyayinevi.com.tr\/index.php\/wp-json\/wp\/v2\/product_cat?post=778593"},{"taxonomy":"product_tag","embeddable":true,"href":"https:\/\/roveyayinevi.com.tr\/index.php\/wp-json\/wp\/v2\/product_tag?post=778593"}],"curies":[{"name":"wp","href":"https:\/\/api.w.org\/{rel}","templated":true}]}}