{"id":778590,"date":"2025-11-20T00:20:17","date_gmt":"2025-11-19T21:20:17","guid":{"rendered":"https:\/\/roveyayinevi.com.tr\/index.php\/urun\/kulak-tikama-sanati\/"},"modified":"2026-04-12T03:33:51","modified_gmt":"2026-04-12T00:33:51","slug":"kulak-tikama-sanati","status":"publish","type":"product","link":"https:\/\/roveyayinevi.com.tr\/index.php\/urun\/kulak-tikama-sanati\/","title":{"rendered":"Kulak T\u0131kama Sanat\u0131"},"content":{"rendered":"<p>Oysa kimse bana, ne istedi\u011fimi hi\u00e7 sormad\u0131. S\u00fcrekli susup, onlar\u0131 dinlemekle me\u015fgul oldum. Bana bazen kendimi bile unutturdular. Kendimi ge\u00e7tim, bazen hayallerimi bile unuttu\u011fum anlar oldu. Ama pes etmedim, kendimi zorlad\u0131m ve kurdu\u011fum o hayalleri yeniden kalbime ta\u015f\u0131d\u0131m.   Beni benden iyi tan\u0131d\u0131klar\u0131n\u0131 d\u00fc\u015f\u00fcnd\u00fcler. Hayat\u0131m\u0131n kalemini elimden al\u0131p, onlar yazmaya devam ettiler. Fikrimi sormay\u0131 unuttular. Zamanla ben de kendimi unuttum. Bazen verilen her tavsiye, bana g\u00fcvenli gelirdi ama sonu\u00e7ta mutlu de\u011fildim. As\u0131l amac\u0131m\u0131z da bu de\u011fil midir?   Mutlu olmak\u2026   Mutluluk ula\u015f\u0131lmas\u0131 kolay bir kavramd\u0131r. Tabii \u00f6n\u00fcn\u00fczde, benim ya\u015fam\u0131\u015f oldu\u011fum gibi bir engel varsa biraz imk\u00e2ns\u0131zd\u0131r. Bu duvar\u0131 y\u0131kabilmenin tek yolu ise dinlememektir. Yani kulak t\u0131kamakt\u0131r.<\/p>\n","protected":false},"excerpt":{"rendered":"<p>Oysa kimse bana, ne istedi\u011fimi hi\u00e7 sormad\u0131. S\u00fcrekli susup, onlar\u0131 dinlemekle me\u015fgul oldum. Bana bazen kendimi bile unutturdular. Kendimi ge\u00e7tim, bazen hayallerimi bile unuttu\u011fum anlar oldu.<span class=\"excerpt-hellip\"> [\u2026]<\/span><\/p>\n","protected":false},"featured_media":0,"template":"","meta":{"_monsterinsights_skip_tracking":false,"_monsterinsights_sitenote_active":false,"_monsterinsights_sitenote_note":"","_monsterinsights_sitenote_category":0},"product_brand":[],"product_cat":[12364,12376],"product_tag":[],"class_list":{"0":"post-778590","1":"product","2":"type-product","3":"status-publish","5":"product_cat-genel-konular","6":"product_cat-kisisel-gelisim","7":"pa_cilt-ciltsiz","8":"pa_tur-kitap","9":"pa_yayinevi-luna-yayinlari","10":"pa_yazar-isa-baghirov","12":"first","13":"instock","14":"sale","15":"shipping-taxable","16":"purchasable","17":"product-type-simple"},"_links":{"self":[{"href":"https:\/\/roveyayinevi.com.tr\/index.php\/wp-json\/wp\/v2\/product\/778590","targetHints":{"allow":["GET"]}}],"collection":[{"href":"https:\/\/roveyayinevi.com.tr\/index.php\/wp-json\/wp\/v2\/product"}],"about":[{"href":"https:\/\/roveyayinevi.com.tr\/index.php\/wp-json\/wp\/v2\/types\/product"}],"wp:attachment":[{"href":"https:\/\/roveyayinevi.com.tr\/index.php\/wp-json\/wp\/v2\/media?parent=778590"}],"wp:term":[{"taxonomy":"product_brand","embeddable":true,"href":"https:\/\/roveyayinevi.com.tr\/index.php\/wp-json\/wp\/v2\/product_brand?post=778590"},{"taxonomy":"product_cat","embeddable":true,"href":"https:\/\/roveyayinevi.com.tr\/index.php\/wp-json\/wp\/v2\/product_cat?post=778590"},{"taxonomy":"product_tag","embeddable":true,"href":"https:\/\/roveyayinevi.com.tr\/index.php\/wp-json\/wp\/v2\/product_tag?post=778590"}],"curies":[{"name":"wp","href":"https:\/\/api.w.org\/{rel}","templated":true}]}}