{"id":778588,"date":"2025-11-20T00:19:25","date_gmt":"2025-11-19T21:19:25","guid":{"rendered":"https:\/\/roveyayinevi.com.tr\/index.php\/urun\/dikkat-bakanligi\/"},"modified":"2026-04-15T03:43:12","modified_gmt":"2026-04-15T00:43:12","slug":"dikkat-bakanligi","status":"publish","type":"product","link":"https:\/\/roveyayinevi.com.tr\/index.php\/urun\/dikkat-bakanligi\/","title":{"rendered":"Dikkat Bakanl\u0131\u011f\u0131"},"content":{"rendered":"<p>Dikkati da\u011f\u0131n\u0131k olanlar kul\u00fcb\u00fcn\u00fcn \u00fcye say\u0131s\u0131 gittik\u00e7e art\u0131yor. \u00c7\u00fcnk\u00fc dikkat da\u011f\u0131n\u0131kl\u0131\u011f\u0131 bir salg\u0131na d\u00f6n\u00fc\u015fm\u00fc\u015f durumda. Art\u0131k birilerinin tekrar yel de\u011firmenlerine kar\u015f\u0131 sava\u015fmas\u0131n\u0131n zaman\u0131 geldi de ge\u00e7iyor. Kahraman\u0131m\u0131z Fuat, kendi ve t\u00fcm dikkati da\u011f\u0131n\u0131k arkada\u015flar\u0131 ad\u0131na yola koyuluyor. Yetmiyor, sonunda bakanl\u0131k bile kuruyor. Nas\u0131l m\u0131? T\u00fcm sorular\u0131n cevab\u0131 bu kitapta. <\/p>\n","protected":false},"excerpt":{"rendered":"<p>Dikkati da\u011f\u0131n\u0131k olanlar kul\u00fcb\u00fcn\u00fcn \u00fcye say\u0131s\u0131 gittik\u00e7e art\u0131yor. \u00c7\u00fcnk\u00fc dikkat da\u011f\u0131n\u0131kl\u0131\u011f\u0131 bir salg\u0131na d\u00f6n\u00fc\u015fm\u00fc\u015f durumda. Art\u0131k birilerinin tekrar yel de\u011firmenlerine kar\u015f\u0131 sava\u015fmas\u0131n\u0131n zaman\u0131 geldi de ge\u00e7iyor.<span class=\"excerpt-hellip\"> [\u2026]<\/span><\/p>\n","protected":false},"featured_media":0,"template":"","meta":{"_monsterinsights_skip_tracking":false,"_monsterinsights_sitenote_active":false,"_monsterinsights_sitenote_note":"","_monsterinsights_sitenote_category":0},"product_brand":[],"product_cat":[12274,12284],"product_tag":[],"class_list":{"0":"post-778588","1":"product","2":"type-product","3":"status-publish","5":"product_cat-cocuk-ve-genclik-kitaplari","6":"product_cat-hikayeler","7":"pa_cilt-ciltsiz","8":"pa_tur-kitap","9":"pa_yayinevi-genc-hayat","10":"pa_yazar-salih-erabakan","12":"first","13":"instock","14":"sale","15":"shipping-taxable","16":"purchasable","17":"product-type-simple"},"_links":{"self":[{"href":"https:\/\/roveyayinevi.com.tr\/index.php\/wp-json\/wp\/v2\/product\/778588","targetHints":{"allow":["GET"]}}],"collection":[{"href":"https:\/\/roveyayinevi.com.tr\/index.php\/wp-json\/wp\/v2\/product"}],"about":[{"href":"https:\/\/roveyayinevi.com.tr\/index.php\/wp-json\/wp\/v2\/types\/product"}],"wp:attachment":[{"href":"https:\/\/roveyayinevi.com.tr\/index.php\/wp-json\/wp\/v2\/media?parent=778588"}],"wp:term":[{"taxonomy":"product_brand","embeddable":true,"href":"https:\/\/roveyayinevi.com.tr\/index.php\/wp-json\/wp\/v2\/product_brand?post=778588"},{"taxonomy":"product_cat","embeddable":true,"href":"https:\/\/roveyayinevi.com.tr\/index.php\/wp-json\/wp\/v2\/product_cat?post=778588"},{"taxonomy":"product_tag","embeddable":true,"href":"https:\/\/roveyayinevi.com.tr\/index.php\/wp-json\/wp\/v2\/product_tag?post=778588"}],"curies":[{"name":"wp","href":"https:\/\/api.w.org\/{rel}","templated":true}]}}