{"id":778586,"date":"2025-11-20T00:19:02","date_gmt":"2025-11-19T21:19:02","guid":{"rendered":"https:\/\/roveyayinevi.com.tr\/index.php\/urun\/super-arkadasim-perihan-kim-bu-cocuk\/"},"modified":"2026-04-15T03:43:10","modified_gmt":"2026-04-15T00:43:10","slug":"super-arkadasim-perihan-kim-bu-cocuk","status":"publish","type":"product","link":"https:\/\/roveyayinevi.com.tr\/index.php\/urun\/super-arkadasim-perihan-kim-bu-cocuk\/","title":{"rendered":"S\u00fcper Arkada\u015f\u0131m Perihan-Kim Bu \u00c7ocuk?"},"content":{"rendered":"<p>Art\u0131k \u00f6dev yapmak eskisi kadar zor de\u011fil! S\u00fcper Arkada\u015f\u0131m Perihan imdad\u0131n\u0131za yeti\u015fiyor!         \u00c7ocuklar\u0131n s\u00fcper arkada\u015f\u0131 Perihan, arkada\u015flar\u0131na yard\u0131m etmeyi \u00e7ok seven dokuz ya\u015f\u0131nda \u015firin mi \u015firin, g\u00fczel mi g\u00fczel, ak\u0131ll\u0131 m\u0131 ak\u0131ll\u0131 bir \u00f6\u011frenci. T\u00fcm \u00e7ocuklar gibi.       Hayalleri olan \u00e7ocuklar\u0131 \u00f6zellikle \u00e7ok seven Perihan bu aralar Kerim O\u011ful ad\u0131nda bir arkada\u015f\u0131na yard\u0131m etmek istiyor.        Kerim O\u011ful, \u00e7ok zeki ama d\u00fczenli \u00e7al\u0131\u015fmayan bir \u00f6\u011frenci. Ayn\u0131 zamanda spor ile u\u011fra\u015f\u0131yor. Kerim O\u011ful\u2019un hayali hem derslerinde hem de spor alan\u0131nda ba\u015far\u0131l\u0131 olmak.         Kerim O\u011ful\u2019un d\u00fczenli, planl\u0131, programl\u0131 \u00e7al\u0131\u015farak hayallerine nas\u0131l ula\u015ft\u0131\u011f\u0131n\u0131 okuduk\u00e7a hem \u00e7ok \u015fa\u015f\u0131racak hem de ba\u015far\u0131ya ula\u015fman\u0131n \u00e7ok kolay oldu\u011funu g\u00f6receksiniz.             E\u011flenceli, \u00f6\u011fretici, komik ve macera dolu bu kitab\u0131 okumak i\u00e7in haz\u0131r m\u0131s\u0131n\u0131z ? <\/p>\n","protected":false},"excerpt":{"rendered":"<p>Art\u0131k \u00f6dev yapmak eskisi kadar zor de\u011fil! S\u00fcper Arkada\u015f\u0131m Perihan imdad\u0131n\u0131za yeti\u015fiyor! \u00c7ocuklar\u0131n s\u00fcper arkada\u015f\u0131 Perihan, arkada\u015flar\u0131na yard\u0131m etmeyi \u00e7ok seven dokuz ya\u015f\u0131nda \u015firin mi \u015firin,<span class=\"excerpt-hellip\"> [\u2026]<\/span><\/p>\n","protected":false},"featured_media":0,"template":"","meta":{"_monsterinsights_skip_tracking":false,"_monsterinsights_sitenote_active":false,"_monsterinsights_sitenote_note":"","_monsterinsights_sitenote_category":0},"product_brand":[],"product_cat":[12274,15842],"product_tag":[],"class_list":{"0":"post-778586","1":"product","2":"type-product","3":"status-publish","5":"product_cat-cocuk-ve-genclik-kitaplari","6":"product_cat-egitici-kitaplar","7":"pa_cilt-ciltsiz","8":"pa_tur-kitap","9":"pa_yayinevi-genc-hayat","10":"pa_yazar-mustafa-kemal-celik","12":"first","13":"instock","14":"sale","15":"shipping-taxable","16":"purchasable","17":"product-type-simple"},"_links":{"self":[{"href":"https:\/\/roveyayinevi.com.tr\/index.php\/wp-json\/wp\/v2\/product\/778586","targetHints":{"allow":["GET"]}}],"collection":[{"href":"https:\/\/roveyayinevi.com.tr\/index.php\/wp-json\/wp\/v2\/product"}],"about":[{"href":"https:\/\/roveyayinevi.com.tr\/index.php\/wp-json\/wp\/v2\/types\/product"}],"wp:attachment":[{"href":"https:\/\/roveyayinevi.com.tr\/index.php\/wp-json\/wp\/v2\/media?parent=778586"}],"wp:term":[{"taxonomy":"product_brand","embeddable":true,"href":"https:\/\/roveyayinevi.com.tr\/index.php\/wp-json\/wp\/v2\/product_brand?post=778586"},{"taxonomy":"product_cat","embeddable":true,"href":"https:\/\/roveyayinevi.com.tr\/index.php\/wp-json\/wp\/v2\/product_cat?post=778586"},{"taxonomy":"product_tag","embeddable":true,"href":"https:\/\/roveyayinevi.com.tr\/index.php\/wp-json\/wp\/v2\/product_tag?post=778586"}],"curies":[{"name":"wp","href":"https:\/\/api.w.org\/{rel}","templated":true}]}}