{"id":778585,"date":"2025-11-20T00:19:00","date_gmt":"2025-11-19T21:19:00","guid":{"rendered":"https:\/\/roveyayinevi.com.tr\/index.php\/urun\/merakli-sorular\/"},"modified":"2026-04-15T03:43:10","modified_gmt":"2026-04-15T00:43:10","slug":"merakli-sorular","status":"publish","type":"product","link":"https:\/\/roveyayinevi.com.tr\/index.php\/urun\/merakli-sorular\/","title":{"rendered":"Merakl\u0131 Sorular"},"content":{"rendered":"<p>Her soru bir ke\u015fif kap\u0131s\u0131d\u0131r.     \u00c7ocuklar\u0131n merak\u0131 hi\u00e7 bitmez. Bazen markette al\u0131\u015fveri\u015f yaparken, bazen arabada yolculuk ederken, bazen de bir hasta ziyaretinde ans\u0131z\u0131n gelir o sorular:                           \u201cKar\u0131ncalar\u0131n evi nerede?\u201d     \u201cPenguenler hi\u00e7 \u00fc\u015f\u00fcmez mi?         \u201cHayvanlarla konu\u015fabilir miyiz?\u201d     Kimi zaman cevap vermekte zorlan\u0131r\u0131z, kimi zaman da onlar\u0131n sorular\u0131n\u0131n ard\u0131ndaki d\u00fcnyay\u0131 fark edip g\u00fcl\u00fcmseriz. \u00c7\u00fcnk\u00fc asl\u0131nda her soru, bir ke\u015fif kap\u0131s\u0131d\u0131r. \u00c7ocuk sordu\u011fu her soruda yeni bir pencere aralar; cevab\u0131 buldu\u011funda ya da kendi akl\u0131yla \u00e7\u00f6z\u00fcm geli\u015ftirdi\u011finde beyninde yepyeni ba\u011flant\u0131lar kurar. \u0130\u015fte \u00f6\u011frenme tam da o anda ba\u015flar!     Merakl\u0131 Sorular, \u00e7ocuklar\u0131n do\u011fa, do\u011fa olaylar\u0131, v\u00fccudumuz, hayvanlar ve bitkiler d\u00fcnyas\u0131na dair en \u00e7ok merak ettikleri sorulara e\u011flenceli ve anla\u015f\u0131l\u0131r cevaplar sunuyor.    \u00c7ocu\u011funuzun sorusunu bir y\u00fck de\u011fil, yeni bir \u00f6\u011frenme daveti gibi g\u00f6rmenizi sa\u011flayacak bu kitap, hem onlar\u0131n d\u00fcnyas\u0131n\u0131 zenginle\u015ftirecek hem de \u00e7ocu\u011funuzla birlikte keyifli ke\u015fif anlar\u0131 ya\u015faman\u0131z\u0131 sa\u011flayacak. <\/p>\n","protected":false},"excerpt":{"rendered":"<p>Her soru bir ke\u015fif kap\u0131s\u0131d\u0131r. \u00c7ocuklar\u0131n merak\u0131 hi\u00e7 bitmez. Bazen markette al\u0131\u015fveri\u015f yaparken, bazen arabada yolculuk ederken, bazen de bir hasta ziyaretinde ans\u0131z\u0131n gelir o sorular:<span class=\"excerpt-hellip\"> [\u2026]<\/span><\/p>\n","protected":false},"featured_media":0,"template":"","meta":{"_monsterinsights_skip_tracking":false,"_monsterinsights_sitenote_active":false,"_monsterinsights_sitenote_note":"","_monsterinsights_sitenote_category":0},"product_brand":[],"product_cat":[12274,15842],"product_tag":[],"class_list":{"0":"post-778585","1":"product","2":"type-product","3":"status-publish","5":"product_cat-cocuk-ve-genclik-kitaplari","6":"product_cat-egitici-kitaplar","7":"pa_cilt-ciltsiz","8":"pa_tur-kitap","9":"pa_yayinevi-genc-hayat","10":"pa_yazar-mehmet-hilmi-aygun","12":"first","13":"instock","14":"sale","15":"shipping-taxable","16":"purchasable","17":"product-type-simple"},"_links":{"self":[{"href":"https:\/\/roveyayinevi.com.tr\/index.php\/wp-json\/wp\/v2\/product\/778585","targetHints":{"allow":["GET"]}}],"collection":[{"href":"https:\/\/roveyayinevi.com.tr\/index.php\/wp-json\/wp\/v2\/product"}],"about":[{"href":"https:\/\/roveyayinevi.com.tr\/index.php\/wp-json\/wp\/v2\/types\/product"}],"wp:attachment":[{"href":"https:\/\/roveyayinevi.com.tr\/index.php\/wp-json\/wp\/v2\/media?parent=778585"}],"wp:term":[{"taxonomy":"product_brand","embeddable":true,"href":"https:\/\/roveyayinevi.com.tr\/index.php\/wp-json\/wp\/v2\/product_brand?post=778585"},{"taxonomy":"product_cat","embeddable":true,"href":"https:\/\/roveyayinevi.com.tr\/index.php\/wp-json\/wp\/v2\/product_cat?post=778585"},{"taxonomy":"product_tag","embeddable":true,"href":"https:\/\/roveyayinevi.com.tr\/index.php\/wp-json\/wp\/v2\/product_tag?post=778585"}],"curies":[{"name":"wp","href":"https:\/\/api.w.org\/{rel}","templated":true}]}}