{"id":778584,"date":"2025-11-20T00:18:57","date_gmt":"2025-11-19T21:18:57","guid":{"rendered":"https:\/\/roveyayinevi.com.tr\/index.php\/urun\/karanlik-sanri-ciltli\/"},"modified":"2026-04-15T03:43:10","modified_gmt":"2026-04-15T00:43:10","slug":"karanlik-sanri-ciltli","status":"publish","type":"product","link":"https:\/\/roveyayinevi.com.tr\/index.php\/urun\/karanlik-sanri-ciltli\/","title":{"rendered":"Karanl\u0131k Sanr\u0131 (Ciltli)"},"content":{"rendered":"<p>\u201cRuhun i\u00e7in sava\u015f\u201d   \u201cPiyon musun, yoksa oyunu y\u00f6netecek misin? Unutma\u2026 Vezir olmak, gerekti\u011finde en sevdi\u011fini bile feda edebilmektir.\u201d   Y\u0131llar \u00f6nce devletin el alt\u0131ndan y\u00fcr\u00fctt\u00fc\u011f\u00fc projenin tek ba\u015far\u0131l\u0131 klon askeri olan Efsun Mina \u00d6ner, ge\u00e7mi\u015fin tozunu silmek i\u00e7in d\u00fc\u015fman ilan edildi\u011fi \u00f6rg\u00fct\u00fcn aras\u0131na d\u00f6ner.   Karde\u015finin kan\u0131n\u0131 yerde b\u0131rakmamak ad\u0131na satran\u00e7 tahtas\u0131na vezir olarak ad\u0131m att\u0131\u011f\u0131nda s\u0131nanaca\u011f\u0131 ge\u00e7mi\u015ften bihaberdir.   Atlas Katrivas\u2019a sad\u0131k bir ajan olarak s\u0131zd\u0131\u011f\u0131 akademide, kar\u015f\u0131s\u0131nda duvar gibi dikilen Ak\u0131n Mir Safkan\u2019la kar\u015f\u0131la\u015ft\u0131\u011f\u0131nda ise sava\u015f\u0131n y\u00f6n\u00fc de\u011fi\u015fir. Ona kar\u015f\u0131 duydu\u011fu \u00e7ekim, kalbini akl\u0131n\u0131n \u00f6n\u00fcne koymas\u0131na sebep olur. Kalp ve ak\u0131l aras\u0131nda gidip gelen her ad\u0131m, Efsun\u2019u geri d\u00f6n\u00fclmez bir \u00e7at\u0131\u015fman\u0131n i\u00e7ine s\u00fcr\u00fckler.   \u0130ki ayr\u0131 \u00f6rg\u00fct. Y\u0131k\u0131lmas\u0131 gereken \u00fcsler. Ve \u00f6l\u00fcm\u00fcne sadakatle ba\u011fl\u0131 iki d\u00fc\u015fman asker. \u015eimdi bir karar vermek zorundad\u0131r: A\u015fk\u0131 m\u0131 kazanacak, yoksa intikam\u0131 m\u0131? Y\u0131kmak m\u0131 kurtar\u0131r insan\u0131, yoksa affetmek mi? <\/p>\n","protected":false},"excerpt":{"rendered":"<p>\u201cRuhun i\u00e7in sava\u015f\u201d \u201cPiyon musun, yoksa oyunu y\u00f6netecek misin? Unutma\u2026 Vezir olmak, gerekti\u011finde en sevdi\u011fini bile feda edebilmektir.\u201d Y\u0131llar \u00f6nce devletin el alt\u0131ndan y\u00fcr\u00fctt\u00fc\u011f\u00fc projenin tek<span class=\"excerpt-hellip\"> [\u2026]<\/span><\/p>\n","protected":false},"featured_media":0,"template":"","meta":{"_monsterinsights_skip_tracking":false,"_monsterinsights_sitenote_active":false,"_monsterinsights_sitenote_note":"","_monsterinsights_sitenote_category":0},"product_brand":[],"product_cat":[12291,12711],"product_tag":[],"class_list":{"0":"post-778584","1":"product","2":"type-product","3":"status-publish","5":"product_cat-edebiyat","6":"product_cat-roman-oyku","7":"pa_cilt-ciltli","8":"pa_tur-kitap","9":"pa_yayinevi-indigo-kitap","10":"pa_yazar-busra-nur","12":"first","13":"instock","14":"sale","15":"shipping-taxable","16":"purchasable","17":"product-type-simple"},"_links":{"self":[{"href":"https:\/\/roveyayinevi.com.tr\/index.php\/wp-json\/wp\/v2\/product\/778584","targetHints":{"allow":["GET"]}}],"collection":[{"href":"https:\/\/roveyayinevi.com.tr\/index.php\/wp-json\/wp\/v2\/product"}],"about":[{"href":"https:\/\/roveyayinevi.com.tr\/index.php\/wp-json\/wp\/v2\/types\/product"}],"wp:attachment":[{"href":"https:\/\/roveyayinevi.com.tr\/index.php\/wp-json\/wp\/v2\/media?parent=778584"}],"wp:term":[{"taxonomy":"product_brand","embeddable":true,"href":"https:\/\/roveyayinevi.com.tr\/index.php\/wp-json\/wp\/v2\/product_brand?post=778584"},{"taxonomy":"product_cat","embeddable":true,"href":"https:\/\/roveyayinevi.com.tr\/index.php\/wp-json\/wp\/v2\/product_cat?post=778584"},{"taxonomy":"product_tag","embeddable":true,"href":"https:\/\/roveyayinevi.com.tr\/index.php\/wp-json\/wp\/v2\/product_tag?post=778584"}],"curies":[{"name":"wp","href":"https:\/\/api.w.org\/{rel}","templated":true}]}}