{"id":778580,"date":"2025-11-20T00:17:22","date_gmt":"2025-11-19T21:17:22","guid":{"rendered":"https:\/\/roveyayinevi.com.tr\/index.php\/urun\/gencligi-anlamak\/"},"modified":"2026-04-15T03:43:03","modified_gmt":"2026-04-15T00:43:03","slug":"gencligi-anlamak","status":"publish","type":"product","link":"https:\/\/roveyayinevi.com.tr\/index.php\/urun\/gencligi-anlamak\/","title":{"rendered":"Gen\u00e7li\u011fi Anlamak"},"content":{"rendered":"<p>Gen\u00e7lik \u00fclkemizde \u00fczerine \u00e7ok konu\u015fuldu\u011funu d\u00fc\u015f\u00fcnd\u00fc\u011f\u00fcm\u00fcz ancak \u00fczerine yeterince akademik \u00e7al\u0131\u015fman\u0131n olmad\u0131\u011f\u0131 konulardan bir tanesi. Gen\u00e7leri bu \u00f6nemli d\u00f6n\u00fc\u015f\u00fcmlerin ya\u015fand\u0131\u011f\u0131 \u00e7a\u011fda ya\u015fad\u0131klar\u0131 zorluklar i\u00e7inde t\u00fcm \u00e7o\u011fullu\u011fu ile ele alan titiz ve ele\u015ftirel \u00e7al\u0131\u015fmalara ihtiyac\u0131m\u0131z var. Yedi ayr\u0131 b\u00f6l\u00fcmden olu\u015fan bu kolektif \u00e7al\u0131\u015fma, genelde \u00fczerinde \u00e7ok konu\u015fuluyormu\u015f gibi g\u00f6r\u00fcn\u00fcrken asl\u0131nda lay\u0131k\u0131yla konu\u015fulmayan gen\u00e7leri ve gen\u00e7lik hallerini g\u00f6r\u00fcn\u00fcr k\u0131l\u0131yor, akademik bir perspektifle tart\u0131\u015f\u0131yor. Gen\u00e7leri anlamak ve farkl\u0131 y\u00f6nleriyle tart\u0131\u015fmak i\u00e7in zihin a\u00e7\u0131c\u0131 bir \u00e7al\u0131\u015fma. <\/p>\n","protected":false},"excerpt":{"rendered":"<p>Gen\u00e7lik \u00fclkemizde \u00fczerine \u00e7ok konu\u015fuldu\u011funu d\u00fc\u015f\u00fcnd\u00fc\u011f\u00fcm\u00fcz ancak \u00fczerine yeterince akademik \u00e7al\u0131\u015fman\u0131n olmad\u0131\u011f\u0131 konulardan bir tanesi. Gen\u00e7leri bu \u00f6nemli d\u00f6n\u00fc\u015f\u00fcmlerin ya\u015fand\u0131\u011f\u0131 \u00e7a\u011fda ya\u015fad\u0131klar\u0131 zorluklar i\u00e7inde t\u00fcm \u00e7o\u011fullu\u011fu<span class=\"excerpt-hellip\"> [\u2026]<\/span><\/p>\n","protected":false},"featured_media":0,"template":"","meta":{"_monsterinsights_skip_tracking":false,"_monsterinsights_sitenote_active":false,"_monsterinsights_sitenote_note":"","_monsterinsights_sitenote_category":0},"product_brand":[],"product_cat":[12337,14706],"product_tag":[],"class_list":{"0":"post-778580","1":"product","2":"type-product","3":"status-publish","5":"product_cat-politika-siyaset","6":"product_cat-siyaset-bilimi","7":"pa_cilt-ciltsiz","8":"pa_tur-kitap","9":"pa_yayinevi-nika-yayinevi","10":"pa_yazar-kolektif","12":"first","13":"instock","14":"sale","15":"shipping-taxable","16":"purchasable","17":"product-type-simple"},"_links":{"self":[{"href":"https:\/\/roveyayinevi.com.tr\/index.php\/wp-json\/wp\/v2\/product\/778580","targetHints":{"allow":["GET"]}}],"collection":[{"href":"https:\/\/roveyayinevi.com.tr\/index.php\/wp-json\/wp\/v2\/product"}],"about":[{"href":"https:\/\/roveyayinevi.com.tr\/index.php\/wp-json\/wp\/v2\/types\/product"}],"wp:attachment":[{"href":"https:\/\/roveyayinevi.com.tr\/index.php\/wp-json\/wp\/v2\/media?parent=778580"}],"wp:term":[{"taxonomy":"product_brand","embeddable":true,"href":"https:\/\/roveyayinevi.com.tr\/index.php\/wp-json\/wp\/v2\/product_brand?post=778580"},{"taxonomy":"product_cat","embeddable":true,"href":"https:\/\/roveyayinevi.com.tr\/index.php\/wp-json\/wp\/v2\/product_cat?post=778580"},{"taxonomy":"product_tag","embeddable":true,"href":"https:\/\/roveyayinevi.com.tr\/index.php\/wp-json\/wp\/v2\/product_tag?post=778580"}],"curies":[{"name":"wp","href":"https:\/\/api.w.org\/{rel}","templated":true}]}}