{"id":778579,"date":"2025-11-20T00:17:20","date_gmt":"2025-11-19T21:17:20","guid":{"rendered":"https:\/\/roveyayinevi.com.tr\/index.php\/urun\/re-bellum\/"},"modified":"2026-04-15T03:43:03","modified_gmt":"2026-04-15T00:43:03","slug":"re-bellum","status":"publish","type":"product","link":"https:\/\/roveyayinevi.com.tr\/index.php\/urun\/re-bellum\/","title":{"rendered":"Re-Bellum"},"content":{"rendered":"<p>Dinsel d\u00fc\u015f\u00fcnme kiplerinin kat etti\u011fi bir d\u00fcnya, tasavvufi ya da efsunlu istifleri \u0130kiz Kulelere serbest dalan ve ku\u015flardan esinlenerek \u00fcretilmi\u015f cihat makinesi, devrimi toplumun g\u00f6vdesinde i\u015flemek isteyen Leninist makineler, kafas\u0131n\u0131 nerde b\u0131rakt\u0131\u011f\u0131n\u0131 unutan maddeci asefal, hiyerar\u015fisizli\u011fi ilan etti\u011fi anda yeni tahakk\u00fcmler \u00fcreten arkitektonik; hepsi ya\u015fama i\u00e7kin ve ya\u015famdan kaynayarak ta\u015fan arzunun nas\u0131l bir d\u00fczenekte akaca\u011f\u0131 ve nas\u0131l bir iktidar arzulad\u0131\u011f\u0131n\u0131n d\u0131\u015favurumlar\u0131 olarak yery\u00fcz\u00fcne s\u0131z\u0131yor. Gelgelim Tarih, b\u00fct\u00fcn vah\u015feti ve s\u00f6m\u00fcr\u00fcs\u00fcn\u00fcn yan\u0131nda bize unutturulmas\u0131na ra\u011fmen \u00f6zg\u00fcrl\u00fc\u011f\u00fcnde tarihidir. Olanaklar bizden al\u0131nm\u0131\u015ft\u0131r ve onlar\u0131 d\u00fc\u015f\u00fcnebilece\u011fimiz te\u00e7hizatlar\u0131n kullan\u0131m k\u0131lavuzu yoktur. Re-bellum kullan\u0131m k\u0131lavuzunun bir tuzak oldu\u011fu bilip \u00f6ncelikle onu yakarak  ortal\u0131\u011f\u0131 ayd\u0131nlatmaya \u00e7al\u0131\u015f\u0131yor. Hayat; evrenin \u015fenlik i\u00e7inde rast gelmesi ve bunun ayaklanmas\u0131 olarak ak\u0131l almaz ba\u011flant\u0131lar\u0131n nefes almaya ba\u015flamas\u0131ysa, ya\u015fam ve ya\u015fam\u0131n yordam\u0131 kendinden al\u0131konulmu\u015f ve g\u0131rtla\u011f\u0131na bas\u0131larak can \u00e7eki\u015fmeye itilmi\u015fse, canl\u0131l\u0131\u011f\u0131n her t\u00fcrl\u00fcs\u00fc hem kendi taraf\u0131ndan hem de d\u00fczen taraf\u0131ndan bir s\u00f6m\u00fcr\u00fc kayna\u011f\u0131na d\u00f6n\u00fc\u015fm\u00fc\u015fse, d\u00fczeni ve d\u00fczeneklerini en ba\u015f\u0131ndan alarak d\u00fc\u015f\u00fcnmenin, tuzaklara d\u00fc\u015fmeden d\u00fc\u015f\u00fcnmenin ve her t\u00fcrl\u00fc s\u00f6m\u00fcr\u00fcye kar\u015f\u0131 nas\u0131l bir ya\u015fay\u0131\u015f geli\u015ftirebilir diye d\u00fc\u015f\u00fcnmenin vakti gelmi\u015ftir. Re-bellum, yani yere basmak, tekrar aya\u011fa kalkmak ve tekrar sava\u015fmak, Bizim olan ya\u015fam\u0131 ele ge\u00e7irebilmek i\u00e7in bir kez daha ve bir kez daha, sonunda \u015fenli\u011fin sesi duyulana dek, ya\u015fam\u0131n kan dolu kalbi tekrar atana dek. Hen\u00fcz bedenin neler yapabilece\u011fini bilmiyoruz. <\/p>\n","protected":false},"excerpt":{"rendered":"<p>Dinsel d\u00fc\u015f\u00fcnme kiplerinin kat etti\u011fi bir d\u00fcnya, tasavvufi ya da efsunlu istifleri \u0130kiz Kulelere serbest dalan ve ku\u015flardan esinlenerek \u00fcretilmi\u015f cihat makinesi, devrimi toplumun g\u00f6vdesinde i\u015flemek<span class=\"excerpt-hellip\"> [\u2026]<\/span><\/p>\n","protected":false},"featured_media":0,"template":"","meta":{"_monsterinsights_skip_tracking":false,"_monsterinsights_sitenote_active":false,"_monsterinsights_sitenote_note":"","_monsterinsights_sitenote_category":0},"product_brand":[],"product_cat":[12337,14706],"product_tag":[],"class_list":{"0":"post-778579","1":"product","2":"type-product","3":"status-publish","5":"product_cat-politika-siyaset","6":"product_cat-siyaset-bilimi","7":"pa_cilt-ciltsiz","8":"pa_tur-kitap","9":"pa_yayinevi-nika-yayinevi","10":"pa_yazar-guney-cegin","12":"first","13":"instock","14":"sale","15":"shipping-taxable","16":"purchasable","17":"product-type-simple"},"_links":{"self":[{"href":"https:\/\/roveyayinevi.com.tr\/index.php\/wp-json\/wp\/v2\/product\/778579","targetHints":{"allow":["GET"]}}],"collection":[{"href":"https:\/\/roveyayinevi.com.tr\/index.php\/wp-json\/wp\/v2\/product"}],"about":[{"href":"https:\/\/roveyayinevi.com.tr\/index.php\/wp-json\/wp\/v2\/types\/product"}],"wp:attachment":[{"href":"https:\/\/roveyayinevi.com.tr\/index.php\/wp-json\/wp\/v2\/media?parent=778579"}],"wp:term":[{"taxonomy":"product_brand","embeddable":true,"href":"https:\/\/roveyayinevi.com.tr\/index.php\/wp-json\/wp\/v2\/product_brand?post=778579"},{"taxonomy":"product_cat","embeddable":true,"href":"https:\/\/roveyayinevi.com.tr\/index.php\/wp-json\/wp\/v2\/product_cat?post=778579"},{"taxonomy":"product_tag","embeddable":true,"href":"https:\/\/roveyayinevi.com.tr\/index.php\/wp-json\/wp\/v2\/product_tag?post=778579"}],"curies":[{"name":"wp","href":"https:\/\/api.w.org\/{rel}","templated":true}]}}