{"id":778577,"date":"2025-11-20T00:17:04","date_gmt":"2025-11-19T21:17:04","guid":{"rendered":"https:\/\/roveyayinevi.com.tr\/index.php\/urun\/alerjik-2\/"},"modified":"2026-04-15T03:43:02","modified_gmt":"2026-04-15T00:43:02","slug":"alerjik-2","status":"publish","type":"product","link":"https:\/\/roveyayinevi.com.tr\/index.php\/urun\/alerjik-2\/","title":{"rendered":"Alerjik"},"content":{"rendered":"<p>Alerjinin asl\u0131nda ne kadar tuhaf bir \u015fey oldu\u011funu hi\u00e7 d\u00fc\u015f\u00fcnd\u00fcn\u00fcz m\u00fc? Polen, ev tozu, f\u0131nd\u0131k f\u0131st\u0131k, ar\u0131 zehri gibi \u00e7o\u011fu insan\u0131 pek etkilemeyen maddeler baz\u0131 insanlar\u0131 peri\u015fan edebiliyor, hatta ciddi durumlarda \u00f6ld\u00fcrebiliyor. Neden?   Babas\u0131 ar\u0131 sokmas\u0131 sonucu \u00f6len ve kendisi de mevsimlik alerjilerden muzdarip olan t\u0131bbi antropolog Theresa MacPhail bu kitapta alerjilerin t\u00fcm hik\u00e2yesini \u2013ne olduklar\u0131n\u0131, neden alerjimiz oldu\u011funu, alerjilerin t\u00fcm d\u00fcnyada giderek a\u011f\u0131rla\u015fmas\u0131n\u0131n nedenlerini, bunun h\u0131zla de\u011fi\u015fen d\u00fcnyada insanl\u0131\u011f\u0131n kaderi a\u00e7\u0131s\u0131ndan ne anlama gelebilece\u011fini\u2013 anlat\u0131yor. Yeni bilimsel ara\u015ft\u0131rmalar\u0131, alerjilerin tarihini ve alerjiyle u\u011fra\u015fan hasta ve doktorlar\u0131n ki\u015fisel \u00f6yk\u00fclerini bir araya getirerek \u00e7evremizle olan karma\u015f\u0131k ili\u015fkimizi inceliyor.   Ba\u011f\u0131\u015f\u0131kl\u0131k sistemlerimiz neyin dost neyin d\u00fc\u015fman oldu\u011funa, neyi tolere edip neye sava\u015f a\u00e7aca\u011f\u0131na nas\u0131l karar veriyor? Bu mekanizma neden kimi zaman yanl\u0131\u015f \u00e7al\u0131\u015farak g\u00fc\u00e7l\u00fc bir reaksiyona yol a\u00e7\u0131yor? Alerjinin \u201cintolerans\u201dtan fark\u0131 nedir? Alerjilere tan\u0131 koymak neden bu kadar zor? Genetik, de\u011fi\u015fen \u00e7evre ko\u015fullar\u0131, sosyoekonomik stat\u00fc ve modern ya\u015fam tarzlar\u0131m\u0131z alerjileri nas\u0131l etkiliyor? Alerji tedavisinde halihaz\u0131rda kullan\u0131lan ve yak\u0131n gelecekte kullan\u0131lmas\u0131 beklenen tedaviler neler?   Alerjik, sadece kendileri veya yak\u0131nlar\u0131 alerjiden muzdarip olan ki\u015filerin de\u011fil, v\u00fccudumuzun i\u015fleyi\u015finin inceliklerini daha iyi anlamak isteyen herkesin ilgin\u00e7 ve faydal\u0131 bulaca\u011f\u0131 bilgilerle dolu bir kaynak<\/p>\n","protected":false},"excerpt":{"rendered":"<p>Alerjinin asl\u0131nda ne kadar tuhaf bir \u015fey oldu\u011funu hi\u00e7 d\u00fc\u015f\u00fcnd\u00fcn\u00fcz m\u00fc? Polen, ev tozu, f\u0131nd\u0131k f\u0131st\u0131k, ar\u0131 zehri gibi \u00e7o\u011fu insan\u0131 pek etkilemeyen maddeler baz\u0131 insanlar\u0131<span class=\"excerpt-hellip\"> [\u2026]<\/span><\/p>\n","protected":false},"featured_media":0,"template":"","meta":{"_monsterinsights_skip_tracking":false,"_monsterinsights_sitenote_active":false,"_monsterinsights_sitenote_note":"","_monsterinsights_sitenote_category":0},"product_brand":[],"product_cat":[13005,38128],"product_tag":[],"class_list":{"0":"post-778577","1":"product","2":"type-product","3":"status-publish","5":"product_cat-bilim-muhendislik","6":"product_cat-tip-bilimleri","7":"pa_cilt-ciltsiz","8":"pa_tur-kitap","9":"pa_yayinevi-metis-yayinlari","10":"pa_yazar-theresa-macphail","12":"first","13":"instock","14":"sale","15":"shipping-taxable","16":"purchasable","17":"product-type-simple"},"_links":{"self":[{"href":"https:\/\/roveyayinevi.com.tr\/index.php\/wp-json\/wp\/v2\/product\/778577","targetHints":{"allow":["GET"]}}],"collection":[{"href":"https:\/\/roveyayinevi.com.tr\/index.php\/wp-json\/wp\/v2\/product"}],"about":[{"href":"https:\/\/roveyayinevi.com.tr\/index.php\/wp-json\/wp\/v2\/types\/product"}],"wp:attachment":[{"href":"https:\/\/roveyayinevi.com.tr\/index.php\/wp-json\/wp\/v2\/media?parent=778577"}],"wp:term":[{"taxonomy":"product_brand","embeddable":true,"href":"https:\/\/roveyayinevi.com.tr\/index.php\/wp-json\/wp\/v2\/product_brand?post=778577"},{"taxonomy":"product_cat","embeddable":true,"href":"https:\/\/roveyayinevi.com.tr\/index.php\/wp-json\/wp\/v2\/product_cat?post=778577"},{"taxonomy":"product_tag","embeddable":true,"href":"https:\/\/roveyayinevi.com.tr\/index.php\/wp-json\/wp\/v2\/product_tag?post=778577"}],"curies":[{"name":"wp","href":"https:\/\/api.w.org\/{rel}","templated":true}]}}