{"id":778575,"date":"2025-11-20T00:14:55","date_gmt":"2025-11-19T21:14:55","guid":{"rendered":"https:\/\/roveyayinevi.com.tr\/index.php\/urun\/hayat-okulunda-insan-olabilmek\/"},"modified":"2026-01-30T04:13:47","modified_gmt":"2026-01-30T01:13:47","slug":"hayat-okulunda-insan-olabilmek","status":"publish","type":"product","link":"https:\/\/roveyayinevi.com.tr\/index.php\/urun\/hayat-okulunda-insan-olabilmek\/","title":{"rendered":"Hayat Okulunda \u0130nsan Olabilmek"},"content":{"rendered":"<p>Sedat Yal\u00e7\u0131n, yaz\u0131lar\u0131nda, yery\u00fcz\u00fcnde \u00e7\u00fcr\u00fcmenin en \u00fcst basama\u011f\u0131na t\u0131rmnmay\u0131 ba\u015farm\u0131\u015f insan manzaralar\u0131n\u0131 g\u00f6zler \u00f6n\u00fcne sermeyi ama\u00e7l\u0131yor. Zihinsel \u00e7\u00fcr\u00fcme \u00f6yle bir boyutta ki, \u015fa\u015f\u0131rmamak elde de\u011fil. Sekiz milyar\u0131 a\u015fan d\u00fcnya n\u00fcfusunun ezici bir \u00e7o\u011funlu\u011fu, a\u00e7l\u0131k, sefalet, hastal\u0131klarla bo\u011fu\u015fuyor. Sava\u015flar, i\u00e7sava\u015flar, katliamlar, g\u00f6\u00e7ler, cinayetler\u2026i\u015fin di\u011fer bir boyutu. \u015eansl\u0131 az\u0131nl\u0131k da alkol, uyu\u015fturucu ve psikolojik ila\u00e7lara ba\u011f\u0131ml\u0131 durumda. Bir anlamda t\u00fcm insanl\u0131k mutsuzluk ve umutsuzluk pen\u00e7esinde k\u0131vran\u0131yor.             G\u00f6zya\u015flar\u0131n\u0131n olmad\u0131\u011f\u0131 bir d\u00fcnya umut \/ hayal edilebilir mi? Edilmelidir! Edilmelidir ve ger\u00e7ekle\u015ftirilmeye \u00e7al\u0131\u015f\u0131lmal\u0131d\u0131r. Ger\u00e7ekle\u015ftirildi\u011fi zaman, akla sahip olmakla \u00f6v\u00fcnen insano\u011flu, i\u015fte o zaman, \u201c\u015eerefli Yarat\u0131k\u201d \u201cGer\u00e7ek \u0130nsan\u201d \u00fcnvan\u0131n\u0131, hak eder. Bunu hak etmesi i\u00e7in de \u0130oanna Ku\u00e7uradi\u2019n\u0131n a\u015fa\u011f\u0131daki muhte\u015fem c\u00fcmlesini ya\u015fama ge\u00e7irmesi \u015fartt\u0131r. Aksi durumda bir canl\u0131 olarak do\u011far, insan olamadan bir canl\u0131 olarak \u00f6l\u00fcr.             \u0130nsanl\u0131k onuru sizin ba\u015f\u0131n\u0131za gelene de\u011fil, ba\u015fkas\u0131n\u0131n ba\u015f\u0131na gelen \u2018bir \u015fey\u2019e kar\u015f\u0131 sizin nas\u0131l tav\u0131r tak\u0131nd\u0131\u011f\u0131n\u0131zd\u0131r. <\/p>\n","protected":false},"excerpt":{"rendered":"<p>Sedat Yal\u00e7\u0131n, yaz\u0131lar\u0131nda, yery\u00fcz\u00fcnde \u00e7\u00fcr\u00fcmenin en \u00fcst basama\u011f\u0131na t\u0131rmnmay\u0131 ba\u015farm\u0131\u015f insan manzaralar\u0131n\u0131 g\u00f6zler \u00f6n\u00fcne sermeyi ama\u00e7l\u0131yor. Zihinsel \u00e7\u00fcr\u00fcme \u00f6yle bir boyutta ki, \u015fa\u015f\u0131rmamak elde de\u011fil. Sekiz<span class=\"excerpt-hellip\"> [\u2026]<\/span><\/p>\n","protected":false},"featured_media":0,"template":"","meta":{"_monsterinsights_skip_tracking":false,"_monsterinsights_sitenote_active":false,"_monsterinsights_sitenote_note":"","_monsterinsights_sitenote_category":0},"product_brand":[],"product_cat":[12777,12291],"product_tag":[],"class_list":{"0":"post-778575","1":"product","2":"type-product","3":"status-publish","5":"product_cat-deneme","6":"product_cat-edebiyat","7":"pa_cilt-ciltsiz","8":"pa_tur-kitap","9":"pa_yayinevi-vova-yayinlari","10":"pa_yazar-sedat-yalcin","12":"first","13":"instock","14":"sale","15":"shipping-taxable","16":"purchasable","17":"product-type-simple"},"_links":{"self":[{"href":"https:\/\/roveyayinevi.com.tr\/index.php\/wp-json\/wp\/v2\/product\/778575","targetHints":{"allow":["GET"]}}],"collection":[{"href":"https:\/\/roveyayinevi.com.tr\/index.php\/wp-json\/wp\/v2\/product"}],"about":[{"href":"https:\/\/roveyayinevi.com.tr\/index.php\/wp-json\/wp\/v2\/types\/product"}],"wp:attachment":[{"href":"https:\/\/roveyayinevi.com.tr\/index.php\/wp-json\/wp\/v2\/media?parent=778575"}],"wp:term":[{"taxonomy":"product_brand","embeddable":true,"href":"https:\/\/roveyayinevi.com.tr\/index.php\/wp-json\/wp\/v2\/product_brand?post=778575"},{"taxonomy":"product_cat","embeddable":true,"href":"https:\/\/roveyayinevi.com.tr\/index.php\/wp-json\/wp\/v2\/product_cat?post=778575"},{"taxonomy":"product_tag","embeddable":true,"href":"https:\/\/roveyayinevi.com.tr\/index.php\/wp-json\/wp\/v2\/product_tag?post=778575"}],"curies":[{"name":"wp","href":"https:\/\/api.w.org\/{rel}","templated":true}]}}