{"id":778573,"date":"2025-11-20T00:12:41","date_gmt":"2025-11-19T21:12:41","guid":{"rendered":"https:\/\/roveyayinevi.com.tr\/index.php\/urun\/freddynin-pizza-dukkaninda-bes-gece-fazbearin-korkunc-tipleri-grafik-roman-serisi-5\/"},"modified":"2025-11-21T12:06:25","modified_gmt":"2025-11-21T09:06:25","slug":"freddynin-pizza-dukkaninda-bes-gece-fazbearin-korkunc-tipleri-grafik-roman-serisi-5","status":"publish","type":"product","link":"https:\/\/roveyayinevi.com.tr\/index.php\/urun\/freddynin-pizza-dukkaninda-bes-gece-fazbearin-korkunc-tipleri-grafik-roman-serisi-5\/","title":{"rendered":"Freddy\u2019nin Pizza D\u00fckkan\u0131\u2019nda Be\u015f Gece Fazbear\u2019in Korkun\u00e7 Tipleri Grafik Roman Serisi -5"},"content":{"rendered":"<p>EN CESUR OKURLARIN B\u0130LE UYKUSUNU KA\u00c7IRACAK BU HEYECAN DOLU \u00c7\u0130ZG\u0130 ROMANI \u00c7OK SEVECEKS\u0130N\u0130Z\u2026   Hileli oldu\u011funu d\u00fc\u015f\u00fcnd\u00fc\u011f\u00fc bir atari oyunu y\u00fcz\u00fcnden hayal k\u0131r\u0131kl\u0131\u011f\u0131na u\u011frayan Colton, ne pahas\u0131na olursa olsun kazanmaya kararl\u0131yd\u0131. Mott, karde\u015finin t\u00fcyler \u00fcrpertici yeni evcil hayvanlar\u0131ndan hemen kurtulmaya \u00e7al\u0131\u015fsa da yarat\u0131klar\u0131n ba\u015fka planlar\u0131 vard\u0131. Aimee geveze ve sinir bozucu arkada\u015f\u0131n\u0131 bu sefer terk etmeye kararl\u0131yd\u0131. Ancak s\u00f6z konusu Freddy\u2019nin Pizza D\u00fckk\u00e2n\u0131 oldu\u011funda, en s\u0131radan g\u00f6r\u00fcnen eylemler bile korkun\u00e7 sonu\u00e7lara neden olabilirdi. Serinin bu kitab\u0131nda, New York Times \u00e7oksatan\u0131 Fazbear\u2019\u0131n Korkun\u00e7 Tipleri serisinden \u00fc\u00e7 \u00f6yk\u00fc, \u00fcrpertici \u00e7izimlerle bulu\u015fuyor. Dikkatli olun: Bu deh\u015fet verici hik\u00e2yeler, en s\u0131k\u0131 Freddy\u2019nin Pizza D\u00fckk\u00e2n\u0131\u2019nda Be\u015f Gece hayranlar\u0131n\u0131n bile t\u00fcylerini diken diken edecek. <\/p>\n","protected":false},"excerpt":{"rendered":"<p>EN CESUR OKURLARIN B\u0130LE UYKUSUNU KA\u00c7IRACAK BU HEYECAN DOLU \u00c7\u0130ZG\u0130 ROMANI \u00c7OK SEVECEKS\u0130N\u0130Z\u2026 Hileli oldu\u011funu d\u00fc\u015f\u00fcnd\u00fc\u011f\u00fc bir atari oyunu y\u00fcz\u00fcnden hayal k\u0131r\u0131kl\u0131\u011f\u0131na u\u011frayan Colton, ne pahas\u0131na<span class=\"excerpt-hellip\"> [\u2026]<\/span><\/p>\n","protected":false},"featured_media":0,"template":"","meta":{"_monsterinsights_skip_tracking":false,"_monsterinsights_sitenote_active":false,"_monsterinsights_sitenote_note":"","_monsterinsights_sitenote_category":0},"product_brand":[],"product_cat":[12416,12291],"product_tag":[],"class_list":{"0":"post-778573","1":"product","2":"type-product","3":"status-publish","5":"product_cat-cizgi-roman","6":"product_cat-edebiyat","7":"pa_cilt-ciltsiz","8":"pa_tur-kitap","9":"pa_yayinevi-olimpos-yayinlari","10":"pa_yazar-scott-cawthon","12":"first","13":"instock","14":"sale","15":"shipping-taxable","16":"purchasable","17":"product-type-simple"},"_links":{"self":[{"href":"https:\/\/roveyayinevi.com.tr\/index.php\/wp-json\/wp\/v2\/product\/778573","targetHints":{"allow":["GET"]}}],"collection":[{"href":"https:\/\/roveyayinevi.com.tr\/index.php\/wp-json\/wp\/v2\/product"}],"about":[{"href":"https:\/\/roveyayinevi.com.tr\/index.php\/wp-json\/wp\/v2\/types\/product"}],"wp:attachment":[{"href":"https:\/\/roveyayinevi.com.tr\/index.php\/wp-json\/wp\/v2\/media?parent=778573"}],"wp:term":[{"taxonomy":"product_brand","embeddable":true,"href":"https:\/\/roveyayinevi.com.tr\/index.php\/wp-json\/wp\/v2\/product_brand?post=778573"},{"taxonomy":"product_cat","embeddable":true,"href":"https:\/\/roveyayinevi.com.tr\/index.php\/wp-json\/wp\/v2\/product_cat?post=778573"},{"taxonomy":"product_tag","embeddable":true,"href":"https:\/\/roveyayinevi.com.tr\/index.php\/wp-json\/wp\/v2\/product_tag?post=778573"}],"curies":[{"name":"wp","href":"https:\/\/api.w.org\/{rel}","templated":true}]}}