{"id":778571,"date":"2025-11-20T00:11:03","date_gmt":"2025-11-19T21:11:03","guid":{"rendered":"https:\/\/roveyayinevi.com.tr\/index.php\/urun\/bir-gidis-hikayesi\/"},"modified":"2026-01-30T04:12:57","modified_gmt":"2026-01-30T01:12:57","slug":"bir-gidis-hikayesi","status":"publish","type":"product","link":"https:\/\/roveyayinevi.com.tr\/index.php\/urun\/bir-gidis-hikayesi\/","title":{"rendered":"Bir Gidi\u015f Hikayesi"},"content":{"rendered":"<p>Ayr\u0131ld\u0131\u011f\u0131m\u0131z o g\u00fcn terminale u\u011frad\u0131m  G\u00f6z\u00fcm ya\u015flarla dolu i\u00e7ime kan do\u011frad\u0131m  Oturdum bir kenarda gizli gizli a\u011flad\u0131m  Bin dokuz y\u00fcz yetmi\u015f bir g\u00fcnlerden bir nisand\u0131    Sonra bir bilet ald\u0131m istedim cam kenar\u0131  Yine ya\u015flarla doldu g\u00f6zlerimin p\u0131nar\u0131  Belki de oynad\u0131\u011f\u0131m hayat\u0131m\u0131n kumar\u0131  Bin dokuz y\u00fcz yetmi\u015f bir g\u00fcnlerden bir nisand\u0131    \u0130\u015fte geldi otob\u00fcs bindim y\u00fcrekte s\u0131z\u0131  Dedim kendi kendime buymu\u015f yaz\u0131lan yaz\u0131  Elden bir \u015fey gelmiyor kader ay\u0131rd\u0131 bizi  Bin dokuz y\u00fcz yetmi\u015f bir g\u00fcnlerden bir nisand\u0131   Ayr\u0131l\u0131k ate\u015fiyle y\u00fcre\u011fimi da\u011flad\u0131m  Kapatt\u0131m g\u00f6zlerimi i\u00e7in i\u00e7i n a\u011flad\u0131m  Sen orda yoksun amma i\u00e7imden el sallad\u0131m  Bin dokuz y\u00fcz yetmi\u015f bir g\u00fcnlerden bir nisand\u0131    Ak\u015fam g\u00fcne\u015f batarken ula\u015ft\u0131k \u0130stanbul a  Sultan Ahmet kad\u0131rga bak geldim sora sora  \u015eehirli olacakt\u0131m s\u00f6zde ben akl\u0131m s\u0131ra  Bin dokuz y\u00fcz yetmi\u015f bir g\u00fcnlerden bir nisand\u0131    \u0130stanbul denilince san\u0131rd\u0131m asil Mahir  Geldi\u011fimin ertesi bal yesem oldu zehir  Ald\u0131 beni ham yapt\u0131 yuttu bu koca \u015fehir  Bin dokuz y\u00fcz yetmi\u015f bir g\u00fcnlerden bir nisand\u0131    Bu yazd\u0131\u011f\u0131m hikaye bir gidi\u015f hikayesi  Kavu\u015fma umudumun bir biti\u015f hikayesi  \u0130\u015fte \u0130NCE MEMET in kaybolu\u015f hikayesi  Bin dokuz y\u00fcz yetmi\u015f bir g\u00fcnlerden bir nisand\u0131  <\/p>\n","protected":false},"excerpt":{"rendered":"<p>Ayr\u0131ld\u0131\u011f\u0131m\u0131z o g\u00fcn terminale u\u011frad\u0131m G\u00f6z\u00fcm ya\u015flarla dolu i\u00e7ime kan do\u011frad\u0131m Oturdum bir kenarda gizli gizli a\u011flad\u0131m Bin dokuz y\u00fcz yetmi\u015f bir g\u00fcnlerden bir nisand\u0131 Sonra<span class=\"excerpt-hellip\"> [\u2026]<\/span><\/p>\n","protected":false},"featured_media":0,"template":"","meta":{"_monsterinsights_skip_tracking":false,"_monsterinsights_sitenote_active":false,"_monsterinsights_sitenote_note":"","_monsterinsights_sitenote_category":0},"product_brand":[],"product_cat":[12291,12509],"product_tag":[],"class_list":{"0":"post-778571","1":"product","2":"type-product","3":"status-publish","5":"product_cat-edebiyat","6":"product_cat-siir","7":"pa_cilt-ciltsiz","8":"pa_tur-kitap","9":"pa_yayinevi-vova-yayinlari","10":"pa_yazar-mehmet-keskin","12":"first","13":"instock","14":"sale","15":"shipping-taxable","16":"purchasable","17":"product-type-simple"},"_links":{"self":[{"href":"https:\/\/roveyayinevi.com.tr\/index.php\/wp-json\/wp\/v2\/product\/778571","targetHints":{"allow":["GET"]}}],"collection":[{"href":"https:\/\/roveyayinevi.com.tr\/index.php\/wp-json\/wp\/v2\/product"}],"about":[{"href":"https:\/\/roveyayinevi.com.tr\/index.php\/wp-json\/wp\/v2\/types\/product"}],"wp:attachment":[{"href":"https:\/\/roveyayinevi.com.tr\/index.php\/wp-json\/wp\/v2\/media?parent=778571"}],"wp:term":[{"taxonomy":"product_brand","embeddable":true,"href":"https:\/\/roveyayinevi.com.tr\/index.php\/wp-json\/wp\/v2\/product_brand?post=778571"},{"taxonomy":"product_cat","embeddable":true,"href":"https:\/\/roveyayinevi.com.tr\/index.php\/wp-json\/wp\/v2\/product_cat?post=778571"},{"taxonomy":"product_tag","embeddable":true,"href":"https:\/\/roveyayinevi.com.tr\/index.php\/wp-json\/wp\/v2\/product_tag?post=778571"}],"curies":[{"name":"wp","href":"https:\/\/api.w.org\/{rel}","templated":true}]}}