{"id":778567,"date":"2025-11-19T23:59:50","date_gmt":"2025-11-19T20:59:50","guid":{"rendered":"https:\/\/roveyayinevi.com.tr\/index.php\/urun\/beklenmedik-bir-sey\/"},"modified":"2026-04-15T03:38:56","modified_gmt":"2026-04-15T00:38:56","slug":"beklenmedik-bir-sey","status":"publish","type":"product","link":"https:\/\/roveyayinevi.com.tr\/index.php\/urun\/beklenmedik-bir-sey\/","title":{"rendered":"Beklenmedik Bir \u015eey"},"content":{"rendered":"<p>Ke\u015ffetmeye haz\u0131rsan, d\u00fcnya o kadar da k\u00f6t\u00fc bir yer de\u011fildir. Ekin, y\u00fcksek seslerden irkilen, korkun\u00e7 g\u00f6lgelerden ka\u00e7an bir \u00e7ocuktur. Lina ise hi\u00e7bir \u015feyden korkmaz ve yeni \u015feyler ke\u015ffetmeyi \u00e7ok sever. Bir g\u00fcn g\u00f6ky\u00fcz\u00fcnde kocaman bir bo\u015fluk belirdi\u011finde, ikisinin de nas\u0131l hissetti\u011fini tahmin edebilirsiniz. Beklenmedik Bir \u015eey, farkl\u0131 bak\u0131\u015f a\u00e7\u0131lar\u0131na, kayg\u0131ya ve korkularla y\u00fczle\u015fmeye dair s\u0131cac\u0131k bir hik\u00e2ye.<\/p>\n","protected":false},"excerpt":{"rendered":"<p>Ke\u015ffetmeye haz\u0131rsan, d\u00fcnya o kadar da k\u00f6t\u00fc bir yer de\u011fildir. Ekin, y\u00fcksek seslerden irkilen, korkun\u00e7 g\u00f6lgelerden ka\u00e7an bir \u00e7ocuktur. Lina ise hi\u00e7bir \u015feyden korkmaz ve yeni<span class=\"excerpt-hellip\"> [\u2026]<\/span><\/p>\n","protected":false},"featured_media":0,"template":"","meta":{"_monsterinsights_skip_tracking":false,"_monsterinsights_sitenote_active":false,"_monsterinsights_sitenote_note":"","_monsterinsights_sitenote_category":0},"product_brand":[],"product_cat":[12274,12284],"product_tag":[],"class_list":{"0":"post-778567","1":"product","2":"type-product","3":"status-publish","5":"product_cat-cocuk-ve-genclik-kitaplari","6":"product_cat-hikayeler","7":"pa_cilt-ciltsiz","8":"pa_tur-kitap","9":"pa_yayinevi-ketebe-yayinlari","10":"pa_yazar-ashling-lindsay","12":"first","13":"instock","14":"sale","15":"shipping-taxable","16":"purchasable","17":"product-type-simple"},"_links":{"self":[{"href":"https:\/\/roveyayinevi.com.tr\/index.php\/wp-json\/wp\/v2\/product\/778567","targetHints":{"allow":["GET"]}}],"collection":[{"href":"https:\/\/roveyayinevi.com.tr\/index.php\/wp-json\/wp\/v2\/product"}],"about":[{"href":"https:\/\/roveyayinevi.com.tr\/index.php\/wp-json\/wp\/v2\/types\/product"}],"wp:attachment":[{"href":"https:\/\/roveyayinevi.com.tr\/index.php\/wp-json\/wp\/v2\/media?parent=778567"}],"wp:term":[{"taxonomy":"product_brand","embeddable":true,"href":"https:\/\/roveyayinevi.com.tr\/index.php\/wp-json\/wp\/v2\/product_brand?post=778567"},{"taxonomy":"product_cat","embeddable":true,"href":"https:\/\/roveyayinevi.com.tr\/index.php\/wp-json\/wp\/v2\/product_cat?post=778567"},{"taxonomy":"product_tag","embeddable":true,"href":"https:\/\/roveyayinevi.com.tr\/index.php\/wp-json\/wp\/v2\/product_tag?post=778567"}],"curies":[{"name":"wp","href":"https:\/\/api.w.org\/{rel}","templated":true}]}}