{"id":778561,"date":"2025-11-19T23:41:47","date_gmt":"2025-11-19T20:41:47","guid":{"rendered":"https:\/\/roveyayinevi.com.tr\/index.php\/urun\/bu-geyik-bana-ait\/"},"modified":"2026-04-08T03:33:22","modified_gmt":"2026-04-08T00:33:22","slug":"bu-geyik-bana-ait","status":"publish","type":"product","link":"https:\/\/roveyayinevi.com.tr\/index.php\/urun\/bu-geyik-bana-ait\/","title":{"rendered":"Bu Geyik Bana Ait"},"content":{"rendered":"<p>\u201cWilfred\u2019in bir geyi\u011fi vard\u0131. Asl\u0131nda \u00f6nceden bir geyi\u011fi yoktu..\u201d   D\u00fcnya \u00e7ap\u0131nda resimli kitap fenomeni Oliver Jeffers\u2019tan esprili ve merak uyand\u0131ran bir hik\u00e2ye.<\/p>\n","protected":false},"excerpt":{"rendered":"<p>\u201cWilfred\u2019in bir geyi\u011fi vard\u0131. Asl\u0131nda \u00f6nceden bir geyi\u011fi yoktu..\u201d D\u00fcnya \u00e7ap\u0131nda resimli kitap fenomeni Oliver Jeffers\u2019tan esprili ve merak uyand\u0131ran bir hik\u00e2ye.<\/p>\n","protected":false},"featured_media":0,"template":"","meta":{"_monsterinsights_skip_tracking":false,"_monsterinsights_sitenote_active":false,"_monsterinsights_sitenote_note":"","_monsterinsights_sitenote_category":0},"product_brand":[],"product_cat":[12274,12284],"product_tag":[],"class_list":{"0":"post-778561","1":"product","2":"type-product","3":"status-publish","5":"product_cat-cocuk-ve-genclik-kitaplari","6":"product_cat-hikayeler","7":"pa_cilt-ciltsiz","8":"pa_tur-kitap","9":"pa_yayinevi-ketebe-yayinlari","10":"pa_yazar-oliver-jeffers","12":"first","13":"instock","14":"sale","15":"shipping-taxable","16":"purchasable","17":"product-type-simple"},"_links":{"self":[{"href":"https:\/\/roveyayinevi.com.tr\/index.php\/wp-json\/wp\/v2\/product\/778561","targetHints":{"allow":["GET"]}}],"collection":[{"href":"https:\/\/roveyayinevi.com.tr\/index.php\/wp-json\/wp\/v2\/product"}],"about":[{"href":"https:\/\/roveyayinevi.com.tr\/index.php\/wp-json\/wp\/v2\/types\/product"}],"wp:attachment":[{"href":"https:\/\/roveyayinevi.com.tr\/index.php\/wp-json\/wp\/v2\/media?parent=778561"}],"wp:term":[{"taxonomy":"product_brand","embeddable":true,"href":"https:\/\/roveyayinevi.com.tr\/index.php\/wp-json\/wp\/v2\/product_brand?post=778561"},{"taxonomy":"product_cat","embeddable":true,"href":"https:\/\/roveyayinevi.com.tr\/index.php\/wp-json\/wp\/v2\/product_cat?post=778561"},{"taxonomy":"product_tag","embeddable":true,"href":"https:\/\/roveyayinevi.com.tr\/index.php\/wp-json\/wp\/v2\/product_tag?post=778561"}],"curies":[{"name":"wp","href":"https:\/\/api.w.org\/{rel}","templated":true}]}}