{"id":778558,"date":"2025-11-19T23:28:29","date_gmt":"2025-11-19T20:28:29","guid":{"rendered":"https:\/\/roveyayinevi.com.tr\/index.php\/urun\/kuller-ve-yildizlarin-lanetledigi-kral\/"},"modified":"2026-04-15T03:34:50","modified_gmt":"2026-04-15T00:34:50","slug":"kuller-ve-yildizlarin-lanetledigi-kral","status":"publish","type":"product","link":"https:\/\/roveyayinevi.com.tr\/index.php\/urun\/kuller-ve-yildizlarin-lanetledigi-kral\/","title":{"rendered":"K\u00fcller Ve Y\u0131ld\u0131zlar\u0131n Lanetledi\u011fi Kral"},"content":{"rendered":"<p>GECEDO\u011eAN D\u00dcET\u0130 2 Kejari\u2019nin ard\u0131ndan Oraya\u2019n\u0131n bir zamanlar ger\u00e7ek oldu\u011funu d\u00fc\u015f\u00fcnd\u00fc\u011f\u00fc her \u015fey yok olmu\u015ftu. Kendi krall\u0131\u011f\u0131nda bir tutsak gibi ya\u015farken hem sahip oldu\u011fu tek ailenin yas\u0131n\u0131 tutuyor hem de y\u0131k\u0131c\u0131 bir ihanetin \u015fokunu atlatmaya \u00e7al\u0131\u015f\u0131yordu. Art\u0131k kendi kan\u0131na dair ger\u00e7ekleri bile bilmiyordu. Ancak emin oldu\u011fu tek bir \u015fey vard\u0131. Kimseye g\u00fcvenemezdi, \u00f6zellikle de Raihn\u2019e\u2026 Gece Hanesi d\u00fc\u015fmanlarla sar\u0131lm\u0131\u015ft\u0131. Raihn\u2019in kendi soylular\u0131, bir zamanlar k\u00f6le olan d\u00f6n\u00fc\u015fm\u00fc\u015f kral\u0131 kabul etmeye istekli de\u011fildi. Kan Hanesi ise pen\u00e7elerini krall\u0131\u011fa ge\u00e7irerek onu i\u00e7eriden par\u00e7alamaya \u00e7al\u0131\u015f\u0131yordu. Raihn, Oraya\u2019ya gizli bir ittifak teklifiyle gelmi\u015fti. Oraya\u2019n\u0131n krall\u0131\u011f\u0131n\u0131 geri kazanmas\u0131 ve ona ihanet eden sevgilisinden intikam almas\u0131 i\u00e7in gereken tek yol, anla\u015fmay\u0131 kabul etmekti. Tabii bunu ba\u015farmak i\u00e7in babas\u0131n\u0131n en b\u00fcy\u00fck s\u0131rlar\u0131yla i\u00e7 i\u00e7e ge\u00e7mi\u015f y\u0131k\u0131c\u0131 ve kadim bir g\u00fcc\u00fc kullanmas\u0131 gerekecekti. Hi\u00e7bir \u015fey g\u00f6r\u00fcnd\u00fc\u011f\u00fc gibi de\u011fildi, \u00fcstelik d\u00fc\u015fmanlar d\u00f6rt bir yandan yakla\u015f\u0131yordu. Oraya ge\u00e7mi\u015finin s\u0131rlar\u0131n\u0131 \u00e7\u00f6z\u00fcp gelece\u011fiyle y\u00fczle\u015firken kendini bir se\u00e7im yapmak zorunda bulacakt\u0131. G\u00fcc\u00fc ele ge\u00e7irmek i\u00e7in kan d\u00f6kmeyi mi se\u00e7ecekti, yoksa yak\u0131p k\u00fcl eden a\u015fk\u0131n onu yok etmesine izin mi verecekti?<\/p>\n","protected":false},"excerpt":{"rendered":"<p>GECEDO\u011eAN D\u00dcET\u0130 2 Kejari\u2019nin ard\u0131ndan Oraya\u2019n\u0131n bir zamanlar ger\u00e7ek oldu\u011funu d\u00fc\u015f\u00fcnd\u00fc\u011f\u00fc her \u015fey yok olmu\u015ftu. Kendi krall\u0131\u011f\u0131nda bir tutsak gibi ya\u015farken hem sahip oldu\u011fu tek ailenin<span class=\"excerpt-hellip\"> [\u2026]<\/span><\/p>\n","protected":false},"featured_media":0,"template":"","meta":{"_monsterinsights_skip_tracking":false,"_monsterinsights_sitenote_active":false,"_monsterinsights_sitenote_note":"","_monsterinsights_sitenote_category":0},"product_brand":[],"product_cat":[12291,14777],"product_tag":[],"class_list":{"0":"post-778558","1":"product","2":"type-product","3":"status-publish","5":"product_cat-edebiyat","6":"product_cat-fantastik","7":"pa_cilt-ciltsiz","8":"pa_tur-kitap","9":"pa_yayinevi-marti-yayinlari","10":"pa_yazar-carissa-broadbent","12":"first","13":"instock","14":"sale","15":"shipping-taxable","16":"purchasable","17":"product-type-simple"},"_links":{"self":[{"href":"https:\/\/roveyayinevi.com.tr\/index.php\/wp-json\/wp\/v2\/product\/778558","targetHints":{"allow":["GET"]}}],"collection":[{"href":"https:\/\/roveyayinevi.com.tr\/index.php\/wp-json\/wp\/v2\/product"}],"about":[{"href":"https:\/\/roveyayinevi.com.tr\/index.php\/wp-json\/wp\/v2\/types\/product"}],"wp:attachment":[{"href":"https:\/\/roveyayinevi.com.tr\/index.php\/wp-json\/wp\/v2\/media?parent=778558"}],"wp:term":[{"taxonomy":"product_brand","embeddable":true,"href":"https:\/\/roveyayinevi.com.tr\/index.php\/wp-json\/wp\/v2\/product_brand?post=778558"},{"taxonomy":"product_cat","embeddable":true,"href":"https:\/\/roveyayinevi.com.tr\/index.php\/wp-json\/wp\/v2\/product_cat?post=778558"},{"taxonomy":"product_tag","embeddable":true,"href":"https:\/\/roveyayinevi.com.tr\/index.php\/wp-json\/wp\/v2\/product_tag?post=778558"}],"curies":[{"name":"wp","href":"https:\/\/api.w.org\/{rel}","templated":true}]}}