{"id":778556,"date":"2025-11-19T23:23:00","date_gmt":"2025-11-19T20:23:00","guid":{"rendered":"https:\/\/roveyayinevi.com.tr\/index.php\/urun\/genlerle-dans\/"},"modified":"2026-04-15T03:33:57","modified_gmt":"2026-04-15T00:33:57","slug":"genlerle-dans","status":"publish","type":"product","link":"https:\/\/roveyayinevi.com.tr\/index.php\/urun\/genlerle-dans\/","title":{"rendered":"Genlerle Dans"},"content":{"rendered":"<p>\u201cDo\u00e7. Dr. G\u00fclsen Meral, Epigeneti\u011fe m\u00fckemmel bir giri\u015f yapmakta ve konuyu \u00f6nemli referanslarla g\u00fcncel hale getirmektedir. Bu kitap herkesin, Epigeneti\u011fi ve sa\u011fl\u0131kl\u0131 kalmam\u0131za yard\u0131mc\u0131 olma potansiyelini fark etmesi a\u00e7\u0131s\u0131ndan \u00f6nemli ipu\u00e7lar\u0131 sunmaktad\u0131r.\u201d Mustafa Camg\u00f6z Emeritus Profesor, Imperial College &#8211; London Epigenetik, belirli fiziksel \u00f6zellikleri nas\u0131l\/neden miras ald\u0131\u011f\u0131m\u0131z\u0131, hastal\u0131klar\u0131, ya\u015flanmay\u0131 ve bir t\u00fcr olarak nas\u0131l evrimle\u015fti\u011fimizi anlamam\u0131z\u0131 sa\u011flar. Epigenetik, d\u00fcnyadaki biyolojik ya\u015fam\u0131n yap\u0131s\u0131 ve davran\u0131\u015f\u0131 konusundaki anlay\u0131\u015f\u0131m\u0131zda devrim yarat\u0131yor. \u2022 Sekiz haftada ya\u015f\u0131n\u0131 \u00fc\u00e7 y\u0131l nas\u0131l geri al\u0131rs\u0131n? \u2022 Ya\u015f almadan ya\u015flanmak m\u00fcmk\u00fcn m\u00fc? \u2022 Genetik \u015fifrene g\u00f6re alman gereken vitaminler hangileridir? \u2022 Hamilelik s\u0131ras\u0131nda beslenmenin sonraki nesillerde hastal\u0131klara etkisi var m\u0131? \u2022 Longevity, hastal\u0131klar\u0131n\u0131z\u0131n hen\u00fcz ba\u015flamad\u0131\u011f\u0131 gen\u00e7likteki sa\u011fl\u0131\u011f\u0131n\u0131za nas\u0131l d\u00f6nd\u00fcr\u00fcr? \u2022 Akdeniz, Oru\u00e7 Taklit Eden ve DASH diyetlerinin temel ilkeleri nelerdir? \u2022 Biyolojik ya\u015f\u0131n\u0131 nas\u0131l \u00f6l\u00e7ebilirsin? \u2022 DNA kaderiniz de\u011fildir, Epigeneti\u011finiz nas\u0131l de\u011fi\u015fir? \u00dc\u00e7 g\u00fcn mucizesi ile kendine format at. Alerji kaderin de\u011fil. Anne karn\u0131nda yeniden programlamada Epigeneti\u011fin \u00f6nemini fark et. \u00dc\u00e7 g\u00fcn ba\u015fla, \u00fc\u00e7 aya uzat Epigenetik de\u011fi\u015fimi ke\u015ffet!<\/p>\n","protected":false},"excerpt":{"rendered":"<p>\u201cDo\u00e7. Dr. G\u00fclsen Meral, Epigeneti\u011fe m\u00fckemmel bir giri\u015f yapmakta ve konuyu \u00f6nemli referanslarla g\u00fcncel hale getirmektedir. Bu kitap herkesin, Epigeneti\u011fi ve sa\u011fl\u0131kl\u0131 kalmam\u0131za yard\u0131mc\u0131 olma potansiyelini<span class=\"excerpt-hellip\"> [\u2026]<\/span><\/p>\n","protected":false},"featured_media":0,"template":"","meta":{"_monsterinsights_skip_tracking":false,"_monsterinsights_sitenote_active":false,"_monsterinsights_sitenote_note":"","_monsterinsights_sitenote_category":0},"product_brand":[],"product_cat":[13366,13365],"product_tag":[],"class_list":{"0":"post-778556","1":"product","2":"type-product","3":"status-publish","5":"product_cat-diger-saglik","6":"product_cat-saglik","7":"pa_cilt-ciltsiz","8":"pa_tur-kitap","9":"pa_yayinevi-mitos-yayinlari","10":"pa_yazar-gulsen-meral","12":"first","13":"instock","14":"sale","15":"shipping-taxable","16":"purchasable","17":"product-type-simple"},"_links":{"self":[{"href":"https:\/\/roveyayinevi.com.tr\/index.php\/wp-json\/wp\/v2\/product\/778556","targetHints":{"allow":["GET"]}}],"collection":[{"href":"https:\/\/roveyayinevi.com.tr\/index.php\/wp-json\/wp\/v2\/product"}],"about":[{"href":"https:\/\/roveyayinevi.com.tr\/index.php\/wp-json\/wp\/v2\/types\/product"}],"wp:attachment":[{"href":"https:\/\/roveyayinevi.com.tr\/index.php\/wp-json\/wp\/v2\/media?parent=778556"}],"wp:term":[{"taxonomy":"product_brand","embeddable":true,"href":"https:\/\/roveyayinevi.com.tr\/index.php\/wp-json\/wp\/v2\/product_brand?post=778556"},{"taxonomy":"product_cat","embeddable":true,"href":"https:\/\/roveyayinevi.com.tr\/index.php\/wp-json\/wp\/v2\/product_cat?post=778556"},{"taxonomy":"product_tag","embeddable":true,"href":"https:\/\/roveyayinevi.com.tr\/index.php\/wp-json\/wp\/v2\/product_tag?post=778556"}],"curies":[{"name":"wp","href":"https:\/\/api.w.org\/{rel}","templated":true}]}}