{"id":778553,"date":"2025-11-19T22:52:21","date_gmt":"2025-11-19T19:52:21","guid":{"rendered":"https:\/\/roveyayinevi.com.tr\/index.php\/urun\/dut-ciltli\/"},"modified":"2026-04-15T03:29:39","modified_gmt":"2026-04-15T00:29:39","slug":"dut-ciltli","status":"publish","type":"product","link":"https:\/\/roveyayinevi.com.tr\/index.php\/urun\/dut-ciltli\/","title":{"rendered":"Dut (Ciltli)"},"content":{"rendered":"<p>Dut, henu\u0308z minicik bir t\u0131rt\u0131ld\u0131r; bir dut a\u011fac\u0131nda as\u0131l\u0131 duran pamuksu kozas\u0131n\u0131n i\u00e7inde gu\u0308zel ru\u0308yalar g\u00f6rmektedir. Ama bir sabah \u00e7\u0131kan bir f\u0131rt\u0131na, onu a\u011fac\u0131ndan kopar\u0131r ve \u00e7ok uzaklara su\u0308ru\u0308kler. Dut\u2019u bir \u00e7ocuk bulur, onu dal\u0131na geri g\u00f6tu\u0308ru\u0308r ve kozas\u0131ndan \u00e7\u0131k\u0131p bir kelebek olaca\u011f\u0131 gu\u0308ne dek ona gu\u0308zelce bakar. Ve nihayet o gu\u0308n geldi\u011finde, bu iki dost da ilk kez birbirlerinin g\u00f6zlerinin i\u00e7ine bakabilecektir.   \u0130nsanlar\u0131, do\u011faya ve yard\u0131ma ihtiyac\u0131 olanlara kar\u015f\u0131 duyarl\u0131 olmalar\u0131 i\u00e7in yu\u0308reklendirecek s\u0131cac\u0131k bir dostluk hik\u00e2yesi\u2026 <\/p>\n","protected":false},"excerpt":{"rendered":"<p>Dut, henu\u0308z minicik bir t\u0131rt\u0131ld\u0131r; bir dut a\u011fac\u0131nda as\u0131l\u0131 duran pamuksu kozas\u0131n\u0131n i\u00e7inde gu\u0308zel ru\u0308yalar g\u00f6rmektedir. Ama bir sabah \u00e7\u0131kan bir f\u0131rt\u0131na, onu a\u011fac\u0131ndan kopar\u0131r ve<span class=\"excerpt-hellip\"> [\u2026]<\/span><\/p>\n","protected":false},"featured_media":0,"template":"","meta":{"_monsterinsights_skip_tracking":false,"_monsterinsights_sitenote_active":false,"_monsterinsights_sitenote_note":"","_monsterinsights_sitenote_category":0},"product_brand":[],"product_cat":[12274,12284],"product_tag":[],"class_list":{"0":"post-778553","1":"product","2":"type-product","3":"status-publish","5":"product_cat-cocuk-ve-genclik-kitaplari","6":"product_cat-hikayeler","7":"pa_cilt-ciltli","8":"pa_tur-kitap","9":"pa_yayinevi-ketebe-yayinlari","10":"pa_yazar-paola-rattazzi","12":"first","13":"instock","14":"sale","15":"shipping-taxable","16":"purchasable","17":"product-type-simple"},"_links":{"self":[{"href":"https:\/\/roveyayinevi.com.tr\/index.php\/wp-json\/wp\/v2\/product\/778553","targetHints":{"allow":["GET"]}}],"collection":[{"href":"https:\/\/roveyayinevi.com.tr\/index.php\/wp-json\/wp\/v2\/product"}],"about":[{"href":"https:\/\/roveyayinevi.com.tr\/index.php\/wp-json\/wp\/v2\/types\/product"}],"wp:attachment":[{"href":"https:\/\/roveyayinevi.com.tr\/index.php\/wp-json\/wp\/v2\/media?parent=778553"}],"wp:term":[{"taxonomy":"product_brand","embeddable":true,"href":"https:\/\/roveyayinevi.com.tr\/index.php\/wp-json\/wp\/v2\/product_brand?post=778553"},{"taxonomy":"product_cat","embeddable":true,"href":"https:\/\/roveyayinevi.com.tr\/index.php\/wp-json\/wp\/v2\/product_cat?post=778553"},{"taxonomy":"product_tag","embeddable":true,"href":"https:\/\/roveyayinevi.com.tr\/index.php\/wp-json\/wp\/v2\/product_tag?post=778553"}],"curies":[{"name":"wp","href":"https:\/\/api.w.org\/{rel}","templated":true}]}}