{"id":778550,"date":"2025-11-19T22:24:01","date_gmt":"2025-11-19T19:24:01","guid":{"rendered":"https:\/\/roveyayinevi.com.tr\/index.php\/urun\/yuregimde-rabbim\/"},"modified":"2026-04-16T03:12:59","modified_gmt":"2026-04-16T00:12:59","slug":"yuregimde-rabbim","status":"publish","type":"product","link":"https:\/\/roveyayinevi.com.tr\/index.php\/urun\/yuregimde-rabbim\/","title":{"rendered":"Y\u00fcre\u011fimde Rabbim"},"content":{"rendered":"<p>Y\u00fcce Allah, hakk\u0131yla iman edip iyilikle ya\u015fayanlara cennetini vadetmi\u015ftir. Bu yolda samimi iman\u0131 y\u00fcre\u011fimizde yerle\u015ftirip Allah\u2019a do\u011frudan ba\u011flanmay\u0131 anlat\u0131yor Y\u00fcre\u011fimde Rabbim&#8230; ortaklardan, arac\u0131lardan ve bat\u0131l inan\u0131\u015flardan ar\u0131nm\u0131\u015f, saf ve derin bir imanla Rabbimize s\u0131\u011f\u0131nman\u0131n inceliklerini i\u015fliyor. Ne t\u00fcr bat\u0131l inan\u0131\u015flar iman nurumuzu zay\u0131flat\u0131yor? U\u011fur nesnelerini veya \u015fifreli dualar\u0131 Allah\u2019a nas\u0131l ortak ko\u015fuyoruz? Ne t\u00fcr b\u00fcy\u00fck s\u00f6zler ve d\u00fc\u015f\u00fcnceler ba\u015f\u0131m\u0131za bela getiriyor? H\u0131rsl\u0131 sevgilerin sonu neden \u0131st\u0131rap oluyor? K\u0131smetimizi hoca a\u00e7\u0131p kapatabilir mi? Kur\u2019an\u2019dan beslenmeyen ilim, neden hikmetsiz ve basiretsizdir? Allah neden aksilikler yarat\u0131r? \u015eeytan kimlere iniyor ve insana ne t\u00fcr tuzaklar kuruyor? Torpilin, d\u00fczenbazl\u0131\u011f\u0131n ba\u015farma g\u00fcc\u00fc var m\u0131? Rabbimize nas\u0131l y\u00fckselip yak\u0131nla\u015fabilir ve h\u00e2kimiyetini y\u00fcre\u011fimizde nas\u0131l in\u015fa edebiliriz? Tek ger\u00e7ek dost ve daimi koruyucu Allah\u2019t\u0131r. Uyutup uyand\u0131ran, yedirip i\u00e7iren, g\u00fcld\u00fcr\u00fcp a\u011flatan Allah\u2019t\u0131r. Bizi d\u00fcnyaya sevgiyle g\u00f6nderdi\u011fi gibi sonsuz saadete de sevgiyle kavu\u015fmam\u0131z\u0131 istiyor. Kalpler ancak Allah\u2019\u0131 anarak, Allah\u2019\u0131n Kitab\u0131na \u00e7al\u0131\u015farak Allah\u2019\u0131 hissederek ve Allah\u2019\u0131n emretti\u011fi ahlaka uyarak huzura kavu\u015fur.<\/p>\n","protected":false},"excerpt":{"rendered":"<p>Y\u00fcce Allah, hakk\u0131yla iman edip iyilikle ya\u015fayanlara cennetini vadetmi\u015ftir. Bu yolda samimi iman\u0131 y\u00fcre\u011fimizde yerle\u015ftirip Allah\u2019a do\u011frudan ba\u011flanmay\u0131 anlat\u0131yor Y\u00fcre\u011fimde Rabbim&#8230; ortaklardan, arac\u0131lardan ve bat\u0131l inan\u0131\u015flardan<span class=\"excerpt-hellip\"> [\u2026]<\/span><\/p>\n","protected":false},"featured_media":0,"template":"","meta":{"_monsterinsights_skip_tracking":false,"_monsterinsights_sitenote_active":false,"_monsterinsights_sitenote_note":"","_monsterinsights_sitenote_category":0},"product_brand":[],"product_cat":[12718,12719],"product_tag":[],"class_list":{"0":"post-778550","1":"product","2":"type-product","3":"status-publish","5":"product_cat-din","6":"product_cat-islam","7":"pa_cilt-ciltsiz","8":"pa_tur-kitap","9":"pa_yayinevi-pozitif-yayinlari","10":"pa_yazar-muhammed-bozdag","12":"first","13":"instock","14":"sale","15":"shipping-taxable","16":"purchasable","17":"product-type-simple"},"_links":{"self":[{"href":"https:\/\/roveyayinevi.com.tr\/index.php\/wp-json\/wp\/v2\/product\/778550","targetHints":{"allow":["GET"]}}],"collection":[{"href":"https:\/\/roveyayinevi.com.tr\/index.php\/wp-json\/wp\/v2\/product"}],"about":[{"href":"https:\/\/roveyayinevi.com.tr\/index.php\/wp-json\/wp\/v2\/types\/product"}],"wp:attachment":[{"href":"https:\/\/roveyayinevi.com.tr\/index.php\/wp-json\/wp\/v2\/media?parent=778550"}],"wp:term":[{"taxonomy":"product_brand","embeddable":true,"href":"https:\/\/roveyayinevi.com.tr\/index.php\/wp-json\/wp\/v2\/product_brand?post=778550"},{"taxonomy":"product_cat","embeddable":true,"href":"https:\/\/roveyayinevi.com.tr\/index.php\/wp-json\/wp\/v2\/product_cat?post=778550"},{"taxonomy":"product_tag","embeddable":true,"href":"https:\/\/roveyayinevi.com.tr\/index.php\/wp-json\/wp\/v2\/product_tag?post=778550"}],"curies":[{"name":"wp","href":"https:\/\/api.w.org\/{rel}","templated":true}]}}