{"id":778549,"date":"2025-11-19T22:14:04","date_gmt":"2025-11-19T19:14:04","guid":{"rendered":"https:\/\/roveyayinevi.com.tr\/index.php\/urun\/namaza-cagri-ve-namazi-hizli-kilmak\/"},"modified":"2026-04-16T03:11:43","modified_gmt":"2026-04-16T00:11:43","slug":"namaza-cagri-ve-namazi-hizli-kilmak","status":"publish","type":"product","link":"https:\/\/roveyayinevi.com.tr\/index.php\/urun\/namaza-cagri-ve-namazi-hizli-kilmak\/","title":{"rendered":"Namaza \u00c7a\u011fr\u0131 Ve Namaz\u0131 H\u0131zl\u0131 K\u0131lmak"},"content":{"rendered":"<p>Yak\u0131nlar\u0131n\u0131zdan, tan\u0131d\u0131klar\u0131n\u0131zdan namaz k\u0131lmayanlar m\u0131 var? Namaz k\u0131lmayanlara neyi nas\u0131l anlataca\u011f\u0131n\u0131z\u0131 m\u0131 bilmiyorsunuz? Anlatmaya f\u0131rsat m\u0131 bulam\u0131yorsunuz? Yoksa siz de mi namaz k\u0131lm\u0131yorsunuz? Buyurun&#8230; NAMAZ KILMAK Allah\u2019\u0131n (c.c) Emridir M\u00fcsl\u00fcman Olman\u0131n gere\u011fidir En \u00d6nemli \u0130badettir. \u0130nsan Ruhunun \u0130htiyac\u0131d\u0131r Akl\u0131n Gere\u011fidir Herkes \u00c7oban ve Raiyetinden Mesul \u0130nsan \u00d6mr\u00fcnde Az Bir Yer Tutar \u0130nsan\u0131n G\u00fcnahlar\u0131n\u0131 Temizler Allah\u2019\u0131n (c.c) Verdi\u011fi Nimetlere Kar\u015f\u0131 \u015e\u00fck\u00fcrd\u00fcr MAZERET YOK \u0130\u015flerin \u00c7oklu\u011fu ve Yo\u011funlu\u011fu Vakit Darl\u0131\u011f\u0131 \u0130lerde K\u0131lar\u0131m Namaz K\u0131lm\u0131yorum Ama Kimseye K\u00f6t\u00fcl\u00fck de Yapm\u0131yorum Baz\u0131 Namaz K\u0131lanlardaki K\u00f6t\u00fc Ahlak Hali Haz\u0131rda D\u00fcnyadaki M\u00fcsl\u00fcmanlar\u0131n Peri\u015fan Hali Namaz \u0130nsan\u0131 K\u00f6t\u00fcl\u00fcklerden Al\u0131koyar, Al\u0131koymuyorsa O Namaz \u201cK\u0131l\u0131nam\u0131yor\u201d Demektir. Benim Kalbim Temiz Allah (c.c) Merhametlidir Affeder Namaz K\u0131lmaman\u0131n Cezas\u0131 Var   NAMAZI HIZLI KILMAK &#8220;Kiminle konu\u015ftu\u011funuzu bilseydiniz, namazdan hi\u00e7 ayr\u0131lmazd\u0131n\u0131z.&#8221; Hz. Muhammed (a.s) Namaz\u0131 h\u0131zl\u0131 k\u0131lmak diye bir \u015fey yoktur. Namaz k\u0131sa k\u0131l\u0131nabilir, yani namazda bir sat\u0131rl\u0131k k\u0131sa sureler veya ayetler okunabilir, ama bunlar h\u0131zl\u0131 okunmaz. R\u00fck\u00fc ve secde h\u0131zl\u0131 yap\u0131lamaz. H\u0131zl\u0131 yap\u0131l\u0131rsa o \u201cnamaz\u201d olmaz: Hz. Peygamber namaz\u0131 h\u0131zl\u0131 k\u0131lan birisine; \u201cD\u00f6n de namaz\u0131n\u0131 yeniden k\u0131l, \u00e7\u00fcnk\u00fc sen namaz k\u0131lm\u0131\u015f olmad\u0131n\u201d buyurdu. <\/p>\n","protected":false},"excerpt":{"rendered":"<p>Yak\u0131nlar\u0131n\u0131zdan, tan\u0131d\u0131klar\u0131n\u0131zdan namaz k\u0131lmayanlar m\u0131 var? Namaz k\u0131lmayanlara neyi nas\u0131l anlataca\u011f\u0131n\u0131z\u0131 m\u0131 bilmiyorsunuz? Anlatmaya f\u0131rsat m\u0131 bulam\u0131yorsunuz? Yoksa siz de mi namaz k\u0131lm\u0131yorsunuz? Buyurun&#8230; NAMAZ KILMAK<span class=\"excerpt-hellip\"> [\u2026]<\/span><\/p>\n","protected":false},"featured_media":0,"template":"","meta":{"_monsterinsights_skip_tracking":false,"_monsterinsights_sitenote_active":false,"_monsterinsights_sitenote_note":"","_monsterinsights_sitenote_category":0},"product_brand":[],"product_cat":[12718,12719],"product_tag":[],"class_list":{"0":"post-778549","1":"product","2":"type-product","3":"status-publish","5":"product_cat-din","6":"product_cat-islam","7":"pa_cilt-ciltsiz","8":"pa_tur-kitap","9":"pa_yayinevi-gulnar-yayinlari","10":"pa_yazar-mehmet-bahadir","12":"first","13":"instock","14":"sale","15":"shipping-taxable","16":"purchasable","17":"product-type-simple"},"_links":{"self":[{"href":"https:\/\/roveyayinevi.com.tr\/index.php\/wp-json\/wp\/v2\/product\/778549","targetHints":{"allow":["GET"]}}],"collection":[{"href":"https:\/\/roveyayinevi.com.tr\/index.php\/wp-json\/wp\/v2\/product"}],"about":[{"href":"https:\/\/roveyayinevi.com.tr\/index.php\/wp-json\/wp\/v2\/types\/product"}],"wp:attachment":[{"href":"https:\/\/roveyayinevi.com.tr\/index.php\/wp-json\/wp\/v2\/media?parent=778549"}],"wp:term":[{"taxonomy":"product_brand","embeddable":true,"href":"https:\/\/roveyayinevi.com.tr\/index.php\/wp-json\/wp\/v2\/product_brand?post=778549"},{"taxonomy":"product_cat","embeddable":true,"href":"https:\/\/roveyayinevi.com.tr\/index.php\/wp-json\/wp\/v2\/product_cat?post=778549"},{"taxonomy":"product_tag","embeddable":true,"href":"https:\/\/roveyayinevi.com.tr\/index.php\/wp-json\/wp\/v2\/product_tag?post=778549"}],"curies":[{"name":"wp","href":"https:\/\/api.w.org\/{rel}","templated":true}]}}