{"id":778548,"date":"2025-11-19T22:07:13","date_gmt":"2025-11-19T19:07:13","guid":{"rendered":"https:\/\/roveyayinevi.com.tr\/index.php\/urun\/gobeklitepe-efsanesi\/"},"modified":"2026-04-16T03:10:44","modified_gmt":"2026-04-16T00:10:44","slug":"gobeklitepe-efsanesi","status":"publish","type":"product","link":"https:\/\/roveyayinevi.com.tr\/index.php\/urun\/gobeklitepe-efsanesi\/","title":{"rendered":"G\u00f6beklitepe Efsanesi"},"content":{"rendered":"<p>G\u00f6beklitepe Efsanesinde Mezopotomya ve k\u00fclt\u00fcr zenginli\u011fine dald\u0131k. \u00dc\u00e7 boyutlu \u0131\u015f\u0131k tuttuk \u015eanl\u0131urfa\u2019n\u0131n tarihi zenginli\u011fine. \u00d6ylesine zengin bir tarihi vard\u0131 ki hepsini yazmak m\u00fcmk\u00fcn olmad\u0131. S\u0131\u00e7rad\u0131k bir elma yakalad\u0131k. S\u0131\u00e7rad\u0131k bir elma yakalad\u0131k. S\u0131\u00e7rad\u0131k bir elma daha yakalad\u0131k derken zengin tarihinin k\u00fc\u00e7\u00fck bir b\u00f6l\u00fcm\u00fcne \u0131\u015f\u0131k tutabildik. O \u00fc\u00e7 elman\u0131n alt\u0131na d\u00f6n\u00fc\u015ft\u00fc\u011f\u00fcn\u00fc g\u00f6rd\u00fck sonra. D\u00fcnya Tarihine \u0131\u015f\u0131k tutabilen bu b\u00f6lge insanlar\u0131 Urfa\u2019ya davet ediyordu. Herkes kendince bir elma yakalayabilecekti mutlaka. Her ad\u0131m att\u0131\u011f\u0131n\u0131z yerde tarih kokan topraklar umutla kucakl\u0131yordu bizi. <\/p>\n","protected":false},"excerpt":{"rendered":"<p>G\u00f6beklitepe Efsanesinde Mezopotomya ve k\u00fclt\u00fcr zenginli\u011fine dald\u0131k. \u00dc\u00e7 boyutlu \u0131\u015f\u0131k tuttuk \u015eanl\u0131urfa\u2019n\u0131n tarihi zenginli\u011fine. \u00d6ylesine zengin bir tarihi vard\u0131 ki hepsini yazmak m\u00fcmk\u00fcn olmad\u0131. S\u0131\u00e7rad\u0131k bir<span class=\"excerpt-hellip\"> [\u2026]<\/span><\/p>\n","protected":false},"featured_media":0,"template":"","meta":{"_monsterinsights_skip_tracking":false,"_monsterinsights_sitenote_active":false,"_monsterinsights_sitenote_note":"","_monsterinsights_sitenote_category":0},"product_brand":[],"product_cat":[12291,12711],"product_tag":[],"class_list":{"0":"post-778548","1":"product","2":"type-product","3":"status-publish","5":"product_cat-edebiyat","6":"product_cat-roman-oyku","7":"pa_cilt-ciltsiz","8":"pa_tur-kitap","9":"pa_yayinevi-platanus-publishing","10":"pa_yazar-mucella","12":"first","13":"instock","14":"sale","15":"shipping-taxable","16":"purchasable","17":"product-type-simple"},"_links":{"self":[{"href":"https:\/\/roveyayinevi.com.tr\/index.php\/wp-json\/wp\/v2\/product\/778548","targetHints":{"allow":["GET"]}}],"collection":[{"href":"https:\/\/roveyayinevi.com.tr\/index.php\/wp-json\/wp\/v2\/product"}],"about":[{"href":"https:\/\/roveyayinevi.com.tr\/index.php\/wp-json\/wp\/v2\/types\/product"}],"wp:attachment":[{"href":"https:\/\/roveyayinevi.com.tr\/index.php\/wp-json\/wp\/v2\/media?parent=778548"}],"wp:term":[{"taxonomy":"product_brand","embeddable":true,"href":"https:\/\/roveyayinevi.com.tr\/index.php\/wp-json\/wp\/v2\/product_brand?post=778548"},{"taxonomy":"product_cat","embeddable":true,"href":"https:\/\/roveyayinevi.com.tr\/index.php\/wp-json\/wp\/v2\/product_cat?post=778548"},{"taxonomy":"product_tag","embeddable":true,"href":"https:\/\/roveyayinevi.com.tr\/index.php\/wp-json\/wp\/v2\/product_tag?post=778548"}],"curies":[{"name":"wp","href":"https:\/\/api.w.org\/{rel}","templated":true}]}}