{"id":778546,"date":"2025-11-19T22:04:00","date_gmt":"2025-11-19T19:04:00","guid":{"rendered":"https:\/\/roveyayinevi.com.tr\/index.php\/urun\/ortak-akilla-mi-birilerinin-gutmesiyle-mi\/"},"modified":"2026-04-16T03:10:06","modified_gmt":"2026-04-16T00:10:06","slug":"ortak-akilla-mi-birilerinin-gutmesiyle-mi","status":"publish","type":"product","link":"https:\/\/roveyayinevi.com.tr\/index.php\/urun\/ortak-akilla-mi-birilerinin-gutmesiyle-mi\/","title":{"rendered":"Ortak Ak\u0131lla M\u0131? Birilerinin G\u00fctmesiyle Mi?"},"content":{"rendered":"<p>2 \u2013 3 as\u0131r \u00f6nceleri 10 tonluk bir y\u00fck\u00fc, Ankara\u2019dan \u0130stanbul\u2019a ta\u015f\u0131yabilmek i\u00e7in onlarca at-arabas\u0131 ve haftalarca zaman gerekirdi. G\u00fcn\u00fcm\u00fczde bu i\u015fi bir kamyonla, 5-6 saatte yapabiliyoruz. Zaman i\u00e7inde maddeler, \u00f6yle bir kombinasyona sokuldular ki, o yeni kombinasyonlarla, enerji daha etkili \u015fekilde kullan\u0131l\u0131r oldu. Bu ise \u201cbilgi\u201d fakt\u00f6r\u00fc sayesinde ger\u00e7ekle\u015fmi\u015ftir.  300 y\u0131l \u00f6nce de d\u00fcnyam\u0131zda ayn\u0131 molek\u00fcller vard\u0131, \u015fimdi de. De\u011fi\u015fen \u015fey, o molek\u00fcllerin at-arabas\u0131 tarz\u0131nda de\u011fil de, kamyon tarz\u0131nda birle\u015ftirilmeleridir. Bu sayede daha k\u0131sa zamanda daha b\u00fcy\u00fck i\u015fler yapabilmektedirler. Evreni y\u00f6nlendiren temel fakt\u00f6r ENERJ\u0130dir. Kuantum denilen temel enerji \u00f6\u011feleri hep ergonomik yap\u0131lara g\u00f6\u00e7 edip, k\u00f6t\u00fc olanlar\u0131 terk ederler. Bu nedenle hayat enerjiyi en ergonomik \u015fekilde kullanma yar\u0131\u015flar\u0131ndan olu\u015fur. Bu ise bilgi edinilerek yap\u0131l\u0131r ve \u201cInformation &amp; self- re-organisation\u201d olarak \u00f6zetlenen dinamik sistemli do\u011fa olu\u015fur. Her\u015fey B\u0130LG\u0130 edinilerek yap\u0131la bilindi\u011finden TOPLUM denilen ortak-ya\u015fam sisteminin olu\u015fturulmas\u0131 da, B\u0130LG\u0130 olu\u015fturularak yap\u0131labilir. Yani toplum e\u011fitimle olu\u015fturulur: Her insan do\u011fal yeteneklerine kar\u015f\u0131l\u0131k gelen bir i\u015f ve meslek e\u011fitimi almadan o toplumdaki i\u015f ve meslek mensuplar\u0131 aras\u0131nda bir organizasyon sistemi olu\u015fturulamaz. Toplumun sahipli\u011finin kendilerine ait oldu\u011fu bilgisini edinen insanlar da asla topluma zarar verecek bir davran\u0131\u015fta bulunmazlar. Dolay\u0131s\u0131yla t\u00fcm toplumsal sorunlar da ortadan kalkm\u0131\u015f olur. T\u00fcm Yay\u0131nlar\u0131m\u0131n yasal telif \u00fccretini \u201cAnadolu\u2019da Bir K\u0131z\u0131m Var \u00d6\u011fretmen Olacak\u201d projesinde kullan\u0131lmak \u00fczere \u00c7a\u011fda\u015f Ya\u015fam\u0131 Destekleme Derne\u011fine ba\u011f\u0131\u015flad\u0131\u011f\u0131m\u0131n bilinmesini isterim.<\/p>\n","protected":false},"excerpt":{"rendered":"<p>2 \u2013 3 as\u0131r \u00f6nceleri 10 tonluk bir y\u00fck\u00fc, Ankara\u2019dan \u0130stanbul\u2019a ta\u015f\u0131yabilmek i\u00e7in onlarca at-arabas\u0131 ve haftalarca zaman gerekirdi. G\u00fcn\u00fcm\u00fczde bu i\u015fi bir kamyonla, 5-6 saatte<span class=\"excerpt-hellip\"> [\u2026]<\/span><\/p>\n","protected":false},"featured_media":0,"template":"","meta":{"_monsterinsights_skip_tracking":false,"_monsterinsights_sitenote_active":false,"_monsterinsights_sitenote_note":"","_monsterinsights_sitenote_category":0},"product_brand":[],"product_cat":[12573,12566],"product_tag":[],"class_list":{"0":"post-778546","1":"product","2":"type-product","3":"status-publish","5":"product_cat-akademik-kitaplar","6":"product_cat-egitim","7":"pa_cilt-ciltsiz","8":"pa_tur-kitap","9":"pa_yayinevi-platanus-publishing","10":"pa_yazar-ismet-gedik","12":"first","13":"instock","14":"sale","15":"shipping-taxable","16":"purchasable","17":"product-type-simple"},"_links":{"self":[{"href":"https:\/\/roveyayinevi.com.tr\/index.php\/wp-json\/wp\/v2\/product\/778546","targetHints":{"allow":["GET"]}}],"collection":[{"href":"https:\/\/roveyayinevi.com.tr\/index.php\/wp-json\/wp\/v2\/product"}],"about":[{"href":"https:\/\/roveyayinevi.com.tr\/index.php\/wp-json\/wp\/v2\/types\/product"}],"wp:attachment":[{"href":"https:\/\/roveyayinevi.com.tr\/index.php\/wp-json\/wp\/v2\/media?parent=778546"}],"wp:term":[{"taxonomy":"product_brand","embeddable":true,"href":"https:\/\/roveyayinevi.com.tr\/index.php\/wp-json\/wp\/v2\/product_brand?post=778546"},{"taxonomy":"product_cat","embeddable":true,"href":"https:\/\/roveyayinevi.com.tr\/index.php\/wp-json\/wp\/v2\/product_cat?post=778546"},{"taxonomy":"product_tag","embeddable":true,"href":"https:\/\/roveyayinevi.com.tr\/index.php\/wp-json\/wp\/v2\/product_tag?post=778546"}],"curies":[{"name":"wp","href":"https:\/\/api.w.org\/{rel}","templated":true}]}}